{"id":610,"date":"2020-08-10T18:04:41","date_gmt":"2020-08-10T18:04:41","guid":{"rendered":"https:\/\/www.nordzucker.com\/de\/?page_id=610"},"modified":"2025-06-11T14:19:09","modified_gmt":"2025-06-11T12:19:09","slug":"ausbildung-in-polen","status":"publish","type":"page","link":"https:\/\/www.nordzucker.com\/de\/menschen-bei-nordzucker\/ausbildung\/ausbildung-in-polen\/","title":{"rendered":"Ausbildung in Polen"},"content":{"rendered":"\n<h2 class=\"wp-block-heading\">Spannend. Vielf\u00e4ltig. Zukunfts\u00adorientiert<\/h2>\n\n\n\n<div class=\"py-4 text-xl leading-8\">\n\tWir bieten interessante, technische Ausbildungsberufe in unseren produzierenden Standorten in Polen. Wir geh\u00f6ren zu den f\u00fchren Zuckerherstellern weltweit \u2013 willst du dazugeh\u00f6ren?<\/div>\n\n\n<p>In Che\u0142m\u017ca und Opalenica bieten wir 3-j\u00e4hrige vielf\u00e4ltige und praxisorientierte Ausbildungsg\u00e4nge an. Wir legen Wert auf qualifizierte Inhalte, die f\u00fcr das Arbeiten in unserem Unternehmen von Bedeutung sind.<\/p>\n\n\n\n<h5 class=\"wp-block-heading\">Ausbildungsberufe in Polen:<\/h5>\n\n\n\n<ul>\n<li>Mechaniker (m\/w\/d)<\/li>\n\n\n\n<li>Automatisierungstechniker (m\/w\/d)<\/li>\n\n\n\n<li>Fachkraft f\u00fcr Lagerlogistik (m\/w\/d)<\/li>\n\n\n\n<li>Elektriker (m\/w\/d)<\/li>\n<\/ul>\n\n\n\n<p>Wir bieten weiterhin Praktika im Rahmen von Kooperationen mit Schulen und Universit\u00e4ten in den Bereichen IT, Labor und Finanzen an.&nbsp;<\/p>\n\n\n\n<p>Wenn du mehr erfahren m\u00f6chtest, besuche unser <a href=\"https:\/\/jobs.nordzucker.com\/errorpage\/?errortype=Exception\">Bewerberportal<\/a>.<a href=\"https:\/\/jobs.nordzucker.com\/go\/Stellenangebote\/\" target=\"_blank\" rel=\"noreferrer noopener\"> <\/a><\/p>\n\n\n<figure>\n\t\t\t<img decoding=\"async\" src=\"https:\/\/www.nordzucker.com\/de\/wp-content\/uploads\/sites\/2\/2025\/06\/nordzucker_menschen-bei-nordzucker_ausbildung_ausbildung-in-polen_fabrik-innenansicht.webp\" class=\"max-w-full\" \/>\n\t\t<\/figure>","protected":false},"excerpt":{"rendered":"<p>Nordzucker bietet interessante technische Ausbildungspl\u00e4tze an den Produktionsstandorten in Polen.<\/p>\n","protected":false},"author":1,"featured_media":11427,"parent":63,"menu_order":3,"comment_status":"closed","ping_status":"closed","template":"","meta":{"footnotes":""},"page_category":[],"acf":[],"_links":{"self":[{"href":"https:\/\/www.nordzucker.com\/de\/wp-json\/wp\/v2\/pages\/610"}],"collection":[{"href":"https:\/\/www.nordzucker.com\/de\/wp-json\/wp\/v2\/pages"}],"about":[{"href":"https:\/\/www.nordzucker.com\/de\/wp-json\/wp\/v2\/types\/page"}],"author":[{"embeddable":true,"href":"https:\/\/www.nordzucker.com\/de\/wp-json\/wp\/v2\/users\/1"}],"replies":[{"embeddable":true,"href":"https:\/\/www.nordzucker.com\/de\/wp-json\/wp\/v2\/comments?post=610"}],"version-history":[{"count":25,"href":"https:\/\/www.nordzucker.com\/de\/wp-json\/wp\/v2\/pages\/610\/revisions"}],"predecessor-version":[{"id":11430,"href":"https:\/\/www.nordzucker.com\/de\/wp-json\/wp\/v2\/pages\/610\/revisions\/11430"}],"up":[{"embeddable":true,"href":"https:\/\/www.nordzucker.com\/de\/wp-json\/wp\/v2\/pages\/63"}],"wp:featuredmedia":[{"embeddable":true,"href":"https:\/\/www.nordzucker.com\/de\/wp-json\/wp\/v2\/media\/11427"}],"wp:attachment":[{"href":"https:\/\/www.nordzucker.com\/de\/wp-json\/wp\/v2\/media?parent=610"}],"wp:term":[{"taxonomy":"page_category","embeddable":true,"href":"https:\/\/www.nordzucker.com\/de\/wp-json\/wp\/v2\/page_category?post=610"}],"curies":[{"name":"wp","href":"https:\/\/api.w.org\/{rel}","templated":true}]}}