{"id":61,"date":"2020-07-07T17:32:46","date_gmt":"2020-07-07T17:32:46","guid":{"rendered":"https:\/\/www.nordzucker.com\/de\/?page_id=61"},"modified":"2025-02-07T10:28:52","modified_gmt":"2025-02-07T09:28:52","slug":"jobs-bei-nordzucker","status":"publish","type":"page","link":"https:\/\/www.nordzucker.com\/de\/menschen-bei-nordzucker\/jobs-bei-nordzucker\/","title":{"rendered":"Jobs bei Nordzucker"},"content":{"rendered":"\n<h2 class=\"wp-block-heading\">Spannende &amp;vielf\u00e4ltige Zukunfts\u00ad\u00adperspektiven<\/h2>\n\n\n\n<div class=\"py-4 text-xl leading-8\">\n\tDurch die Vielfalt unseres Gesch\u00e4fts \u2013 vom Anbau \u00fcber Produktion, Verwaltung und Vermarktung von Zucker und weiteren Produkten \u2013 bietet Nordzucker mindestens genauso vielf\u00e4ltige Jobperspektiven: Das Spektrum reicht von lokal bis international, von landwirtschaftlichen \u00fcber technische bis hin zu kaufm\u00e4nnischen Berufen sowie von Ausbildung, Dualem Studium \u00fcber Berufseinstieg bis hin zu Senior-Level-Positionen: Entdecken Sie das Jobangebot bei Ihrem potentiellen Arbeitgeber.<\/div>\n\n<div class=\"bg-primary-lighten-4 px-16 py-10\">\n\t\t\t<h3 class=\"text-2xl mb-4 font-alt font-semibold\">\n\t\t\tUnsere internationalen Stellenangebote\t\t<\/h3>\n\t\t    <div class=\"content py-2\">\n\t\t\n\n<p>Hier finden Sie unsere aktuellen Jobangebote im Nordzucker Konzern.<\/p>\n\n\t<\/div>\n\t\t\t<div class=\"mt-4\">\n\t\t\t\t\t<a href=\"https:\/\/jobs.nordzucker.com\/go\/Stellenangebote\/3621701\/\"  target=\"_blank\" class=\"button h5 inline-block font-bold uppercase py-2 px-6 leading-6 rounded-full border border-[3px] border-primary \">\n\t\t\t<span class=\"inline-block text-primary\">Jetzt entdecken<\/span>\n\t\t<\/a>\n\t\t<\/div>\n\t\t\n<\/div>\n\n\n<p><\/p>\n","protected":false},"excerpt":{"rendered":"<p>Entdecken Sie die vielf\u00e4ltigen Jobangebote und Jobperspektiven bei Nordzucker &#8211; Ihrem potentiellen, neuen Arbeitgeber. <\/p>\n","protected":false},"author":1,"featured_media":10475,"parent":51,"menu_order":2,"comment_status":"closed","ping_status":"closed","template":"","meta":{"footnotes":""},"page_category":[],"acf":[],"_links":{"self":[{"href":"https:\/\/www.nordzucker.com\/de\/wp-json\/wp\/v2\/pages\/61"}],"collection":[{"href":"https:\/\/www.nordzucker.com\/de\/wp-json\/wp\/v2\/pages"}],"about":[{"href":"https:\/\/www.nordzucker.com\/de\/wp-json\/wp\/v2\/types\/page"}],"author":[{"embeddable":true,"href":"https:\/\/www.nordzucker.com\/de\/wp-json\/wp\/v2\/users\/1"}],"replies":[{"embeddable":true,"href":"https:\/\/www.nordzucker.com\/de\/wp-json\/wp\/v2\/comments?post=61"}],"version-history":[{"count":29,"href":"https:\/\/www.nordzucker.com\/de\/wp-json\/wp\/v2\/pages\/61\/revisions"}],"predecessor-version":[{"id":10570,"href":"https:\/\/www.nordzucker.com\/de\/wp-json\/wp\/v2\/pages\/61\/revisions\/10570"}],"up":[{"embeddable":true,"href":"https:\/\/www.nordzucker.com\/de\/wp-json\/wp\/v2\/pages\/51"}],"wp:featuredmedia":[{"embeddable":true,"href":"https:\/\/www.nordzucker.com\/de\/wp-json\/wp\/v2\/media\/10475"}],"wp:attachment":[{"href":"https:\/\/www.nordzucker.com\/de\/wp-json\/wp\/v2\/media?parent=61"}],"wp:term":[{"taxonomy":"page_category","embeddable":true,"href":"https:\/\/www.nordzucker.com\/de\/wp-json\/wp\/v2\/page_category?post=61"}],"curies":[{"name":"wp","href":"https:\/\/api.w.org\/{rel}","templated":true}]}}