{"id":607,"date":"2020-08-10T18:02:25","date_gmt":"2020-08-10T18:02:25","guid":{"rendered":"https:\/\/www.nordzucker.com\/de\/?page_id=607"},"modified":"2025-06-11T14:07:16","modified_gmt":"2025-06-11T12:07:16","slug":"ausbildung-in-daenemark","status":"publish","type":"page","link":"https:\/\/www.nordzucker.com\/de\/menschen-bei-nordzucker\/ausbildung\/ausbildung-in-daenemark\/","title":{"rendered":"Ausbildung in D\u00e4nemark"},"content":{"rendered":"\n<h2 class=\"wp-block-heading\">Spannend. Vielf\u00e4ltig. Zukunfts\u00adorientiert<\/h2>\n\n\n\n<div class=\"py-4 text-xl leading-8\">\n\tAusbildung ist sehr wichtig f\u00fcr uns. Wir bieten eine Vielzahl an interessanten Ausbildungsberufen in D\u00e4nemark an. Wir sind stolz darauf, junge Menschen auf ihre sp\u00e4tere Berufst\u00e4tigkeit vorbereiten zu k\u00f6nnen. Hast du Interesse? <\/div>\n\n\n<p>Wir gehen mit den Trends und ver\u00e4nderten Erwartungen der jungen Generationen und bieten vielf\u00e4ltige und praxisorientierte Ausbildungsg\u00e4nge in den produzierenden Standorten in D\u00e4nemark an.<br>Unsere Ausbilder brennen f\u00fcr Ihre Aufgabe und legen Wert auf qualifizierte Inhalte, die f\u00fcr das Arbeiten in unserem Unternehmen von Bedeutung sind.\u00a0 Wir freuen uns \u00fcber das stets gro\u00dfe Interesse an unserem Unternehmen.<\/p>\n\n\n<figure>\n\t\t\t<img decoding=\"async\" src=\"https:\/\/www.nordzucker.com\/de\/wp-content\/uploads\/sites\/2\/2025\/06\/nordzucker_menschen-bei-nordzucker_ausbildung_ausbildung-in-daenemark_nykobing-fabrik.webp\" class=\"max-w-full\" \/>\n\t\t<\/figure>\n\n\n<p>Unsere Ausbildung ist so vielf\u00e4ltig wie unser Gesch\u00e4ft.<\/p>\n\n\n\n<h5 class=\"wp-block-heading\">Ausbildungsberufe in Nyk\u00f8bing, Nakskov und Kopenhagen<\/h5>\n\n\n\n<ul>\n<li>Serviceassistent (m\/w\/d)<\/li>\n\n\n\n<li>Kesselschmied (m\/w\/d)<\/li>\n\n\n\n<li>Industrietechniker (m\/w\/d)<\/li>\n\n\n\n<li>Elektriker&nbsp;(m\/w\/d)<\/li>\n\n\n\n<li>Automatisierungstechniker (m\/w\/d)<\/li>\n\n\n\n<li>Prozessoperator (m\/w\/d)<\/li>\n\n\n\n<li>Industrieller Betreiber (m\/w\/d)<\/li>\n\n\n\n<li>Technischer Designer (m\/w\/d)<\/li>\n\n\n\n<li>Labortechniker (m\/w\/d)<\/li>\n\n\n\n<li>IT-Support (m\/w\/d)<\/li>\n\n\n\n<li>Office Trainee (m\/w\/d)<\/li>\n<\/ul>\n\n\n\n<p>Du bist neugierig geworden? Bitte besuche unser <a href=\"https:\/\/jobs.nordzucker.com\/go\/Stellenangebote\/3621701\/\" target=\"_blank\" rel=\"noreferrer noopener\">Bewerberportal<\/a>.<\/p>\n\n\n<figure>\n\t\t\t<img decoding=\"async\" src=\"https:\/\/www.nordzucker.com\/de\/wp-content\/uploads\/sites\/2\/2025\/06\/nordzucker_menschen-bei-nordzucker_ausbildung_ausbildung-in-daenemark_gabelstapler-in-der-fabrik.webp\" class=\"max-w-full\" \/>\n\t\t<\/figure>","protected":false},"excerpt":{"rendered":"<p>Nordzucker bietet vielf\u00e4ltige und praxisnahe Ausbildungspl\u00e4tze in den Produktionsst\u00e4tten in D\u00e4nemark.<\/p>\n","protected":false},"author":1,"featured_media":11422,"parent":63,"menu_order":3,"comment_status":"closed","ping_status":"closed","template":"","meta":{"footnotes":""},"page_category":[],"acf":[],"_links":{"self":[{"href":"https:\/\/www.nordzucker.com\/de\/wp-json\/wp\/v2\/pages\/607"}],"collection":[{"href":"https:\/\/www.nordzucker.com\/de\/wp-json\/wp\/v2\/pages"}],"about":[{"href":"https:\/\/www.nordzucker.com\/de\/wp-json\/wp\/v2\/types\/page"}],"author":[{"embeddable":true,"href":"https:\/\/www.nordzucker.com\/de\/wp-json\/wp\/v2\/users\/1"}],"replies":[{"embeddable":true,"href":"https:\/\/www.nordzucker.com\/de\/wp-json\/wp\/v2\/comments?post=607"}],"version-history":[{"count":30,"href":"https:\/\/www.nordzucker.com\/de\/wp-json\/wp\/v2\/pages\/607\/revisions"}],"predecessor-version":[{"id":11426,"href":"https:\/\/www.nordzucker.com\/de\/wp-json\/wp\/v2\/pages\/607\/revisions\/11426"}],"up":[{"embeddable":true,"href":"https:\/\/www.nordzucker.com\/de\/wp-json\/wp\/v2\/pages\/63"}],"wp:featuredmedia":[{"embeddable":true,"href":"https:\/\/www.nordzucker.com\/de\/wp-json\/wp\/v2\/media\/11422"}],"wp:attachment":[{"href":"https:\/\/www.nordzucker.com\/de\/wp-json\/wp\/v2\/media?parent=607"}],"wp:term":[{"taxonomy":"page_category","embeddable":true,"href":"https:\/\/www.nordzucker.com\/de\/wp-json\/wp\/v2\/page_category?post=607"}],"curies":[{"name":"wp","href":"https:\/\/api.w.org\/{rel}","templated":true}]}}