{"id":6036,"date":"2023-09-21T10:30:00","date_gmt":"2023-09-21T08:30:00","guid":{"rendered":"https:\/\/www.nordzucker.com\/de\/?page_id=6036"},"modified":"2025-04-28T13:55:13","modified_gmt":"2025-04-28T11:55:13","slug":"science-based-targets-initiative","status":"publish","type":"page","link":"https:\/\/www.nordzucker.com\/de\/nordzucker-gemeinsam-nachhaltig\/initiativen-und-engagements\/science-based-targets-initiative\/","title":{"rendered":"Science Based Targets initiative"},"content":{"rendered":"\n<h2 class=\"wp-block-heading\">Durch die Science Based Targets-Initiative best\u00e4tigt: Ziele zur Verringerung der Treibhausgas-Emissionen<\/h2>\n\n\n<figure>\n\t\t\t<img decoding=\"async\" src=\"https:\/\/www.nordzucker.com\/de\/wp-content\/uploads\/sites\/2\/2023\/09\/230914-CLA-mit-Rueben-3-web.jpg\" class=\"max-w-full\" \/>\n\t\t<\/figure>\n\n\n<h5 class=\"wp-block-heading\"><strong>Die Science Based Targets initative (SBTi) hat im August 2023 die kurzfristigen Treibhausgasminderungsziele des Nordzucker-Konzerns validiert. Damit verpflichten wir uns, bis 2030 einen wissenschaftlich best\u00e4tigten Beitrag zur Reduktion von Treibhausgasen zu leisten. Die Validierung ist ein weiterer wichtiger Meilenstein bei der Umsetzung der Nachhaltigkeitsvision unseres Konzerns.<\/strong><\/h5>\n\n\n\n<p>Nordzucker verpflichtet sich, die absoluten Treibhausgasemissionen aus der eigenen Produktion (Scope 1) und aus zugekaufter Energie (Scope 2) bis 2030 um 50,4 Prozent gegen\u00fcber dem Basisjahr 2018 zu reduzieren. Nordzucker\u2019s Scope 1 und 2 Ziele stimmen mit dem 1,5\u00b0 C Erw\u00e4rmungsziel \u00fcberein. Das Unternehmen verpflichtet sich au\u00dferdem, bis 2030 die absoluten Scope-3-Emissionen aus vor- und nachgelagerten Prozessen \u2013 n\u00e4mlich aus eingekauften Waren und Dienstleistungen, Treibstoff- und energiebezogenen Emissionen, Gesch\u00e4ftsreisen, Pendeln der Mitarbeiter, Verarbeitung der verkauften Produkte und Entsorgung der verkauften Produkte \u2013 um 30 Prozent zu verringern. Die Ziele gelten f\u00fcr alle Standorte von Nordzucker in Europa und Australien. Erreichen lassen sich die Ziele nur gemeinsam mit den Partnern in der gesamte Wertsch\u00f6pfungskette.<\/p>\n\n\n\n<p>Nordzucker ist dem SBTi im Mai 2021 beigetreten. Die SBTi definiert und f\u00f6rdert Best Practice bei der Reduzierung von Treibhausgasemissionen und validiert die Ziele der Unternehmen. Es werden transparente Leitlinien und Ressourcen bereitgestellt, die Unternehmen wie Nordzucker dabei helfen, wissenschaftlich fundierte Ziele im Einklang mit den neuesten Erkenntnissen der Klimawissenschaft festzulegen.<\/p>\n\n\n\n<p>F\u00fcr weitere Informationen \u00fcber die Science Based Target Initiative klicken Sie bitte <a href=\"https:\/\/sciencebasedtargets.org\/\">hier<\/a>.<\/p>\n\n\n<figure>\n\t\t\t<img decoding=\"async\" src=\"https:\/\/www.nordzucker.com\/de\/wp-content\/uploads\/sites\/2\/2023\/09\/NZ_Infografik_D_Treibhausgasreduktion_9-2023_Netz.jpg\" class=\"max-w-full\" \/>\n\t\t<\/figure>","protected":false},"excerpt":{"rendered":"<p>Die Ziele der Nordzucker-Gruppe zur Verringerung der Treibhausgasemissionen im August 2023 werden durch die Science Based Targets-Initiative best\u00e4tigt, die die Verpflichtung untermauert, bis 2030 einen Beitrag zur Verringerung der Treibhausgase zu leisten.<\/p>\n","protected":false},"author":6,"featured_media":10872,"parent":72,"menu_order":0,"comment_status":"closed","ping_status":"closed","template":"","meta":{"footnotes":""},"page_category":[],"acf":[],"_links":{"self":[{"href":"https:\/\/www.nordzucker.com\/de\/wp-json\/wp\/v2\/pages\/6036"}],"collection":[{"href":"https:\/\/www.nordzucker.com\/de\/wp-json\/wp\/v2\/pages"}],"about":[{"href":"https:\/\/www.nordzucker.com\/de\/wp-json\/wp\/v2\/types\/page"}],"author":[{"embeddable":true,"href":"https:\/\/www.nordzucker.com\/de\/wp-json\/wp\/v2\/users\/6"}],"replies":[{"embeddable":true,"href":"https:\/\/www.nordzucker.com\/de\/wp-json\/wp\/v2\/comments?post=6036"}],"version-history":[{"count":23,"href":"https:\/\/www.nordzucker.com\/de\/wp-json\/wp\/v2\/pages\/6036\/revisions"}],"predecessor-version":[{"id":10874,"href":"https:\/\/www.nordzucker.com\/de\/wp-json\/wp\/v2\/pages\/6036\/revisions\/10874"}],"up":[{"embeddable":true,"href":"https:\/\/www.nordzucker.com\/de\/wp-json\/wp\/v2\/pages\/72"}],"wp:featuredmedia":[{"embeddable":true,"href":"https:\/\/www.nordzucker.com\/de\/wp-json\/wp\/v2\/media\/10872"}],"wp:attachment":[{"href":"https:\/\/www.nordzucker.com\/de\/wp-json\/wp\/v2\/media?parent=6036"}],"wp:term":[{"taxonomy":"page_category","embeddable":true,"href":"https:\/\/www.nordzucker.com\/de\/wp-json\/wp\/v2\/page_category?post=6036"}],"curies":[{"name":"wp","href":"https:\/\/api.w.org\/{rel}","templated":true}]}}