{"id":602,"date":"2024-07-08T13:47:28","date_gmt":"2024-07-08T11:47:28","guid":{"rendered":"https:\/\/www.nordzucker.com\/de\/?page_id=602"},"modified":"2026-02-17T17:00:24","modified_gmt":"2026-02-17T16:00:24","slug":"ausbildung-in-deutschland","status":"publish","type":"page","link":"https:\/\/www.nordzucker.com\/de\/menschen-bei-nordzucker\/ausbildung\/ausbildung-in-deutschland\/","title":{"rendered":"Ausbildung in Deutschland"},"content":{"rendered":"\n<h2 class=\"wp-block-heading\">Spannend. Vielf\u00e4ltig. Zukunfts\u00adorientiert<\/h2>\n\n\n\n<div class=\"py-4 text-xl leading-8\">\n\tAusbildung hat einen hohen Stellenwert f\u00fcr uns. Wir bilden an sechs Standorten in Deutschland aus. Unser Gesch\u00e4ft ist vielf\u00e4ltig, unsere Ausbildung ist es auch! Bist du interessiert?<\/div>\n\n\n<p>Neue Technologien, Trends und ver\u00e4nderte Erwartungen der jungen Generationen pr\u00e4gen den Ausbildungsrahmen und fordern zeitgem\u00e4\u00dfe und praxisorientierte Wissensvermittlung. Wir bieten diese, an sechs Standorten in Deutschland. Unsere Ausbilder sind langj\u00e4hrig erfahrene Fachkr\u00e4fte, die f\u00fcr Ihre Aufgabe brennen, sich kontinuierlich weiterbilden und auf dem Laufenden halten. Wir legen nicht nur Wert auf die Einhaltung der Ausbildungsrahmenpl\u00e4ne der Industrie- und Handelskammer, sondern erg\u00e4nzen unser Angebot um qualifizierte Inhalte, die f\u00fcr das Arbeiten in unserem Unternehmen von Bedeutung sind.&nbsp;<\/p>\n\n\n\n<p>Die Ausbildung bei Nordzucker zeichnet sich durch praxisnahe und kontinuierliche Einbindung in das allt\u00e4gliche Gesch\u00e4ft aus.<\/p>\n\n\n\n<h4 class=\"wp-block-heading\">Ausbildungsberufe in Deutschland <\/h4>\n\n\n\n<ul>\n<li><a href=\"https:\/\/www.nordzucker.com\/de\/wp-content\/uploads\/sites\/2\/2024\/06\/NZ_Azubikarten_Wirtschaftsinformatik_230524.pdf\" target=\"_blank\" rel=\"noreferrer noopener\">Duales Studium\/Bachelor of Science in Informatik \/ Wirtschaftsinformatik<\/a> (m\/w\/d)<br>Bewerbung f\u00fcr Braunschweig (Unternehmenszentrale) <a href=\"https:\/\/jobs.nordzucker.com\/go\/Stellenangebote\/3621701\/?q=\" target=\"_blank\" rel=\"noreferrer noopener\">hier<\/a><\/li>\n\n\n\n<li><a href=\"https:\/\/www.nordzucker.com\/de\/wp-content\/uploads\/sites\/2\/2024\/06\/NZ_Azubikarten_Fachinfor_Systemintegration_230524.pdf\" target=\"_blank\" rel=\"noreferrer noopener\">Fachinformatiker f\u00fcr Systemintegration (m\/w\/d)<\/a><br>Bewerbung f\u00fcr Braunschweig (Unternehmenszentrale) <a href=\"https:\/\/jobs.nordzucker.com\/go\/Stellenangebote\/3621701\/?q=\" target=\"_blank\" rel=\"noreferrer noopener\">hier<\/a><\/li>\n\n\n\n<li><a href=\"https:\/\/www.nordzucker.com\/de\/wp-content\/uploads\/sites\/2\/2024\/06\/NZ_Azubikarten_Fachinfor_Anwendungsentwicklung_230524.pdf\" target=\"_blank\" rel=\"noreferrer noopener\">Fachinformatiker Anwendungsentwicklung (m\/w\/d)<\/a><br>Bewerbung f\u00fcr Braunschweig (Unternehmenszentrale) <a href=\"https:\/\/jobs.nordzucker.com\/go\/Stellenangebote\/3621701\/?q=\" target=\"_blank\" rel=\"noreferrer noopener\">hier<\/a><\/li>\n\n\n\n<li><a href=\"https:\/\/www.nordzucker.com\/de\/wp-content\/uploads\/sites\/2\/2024\/06\/NZ_Azubikarten_Elektro_Betriebstechnik_230524.pdf\" target=\"_blank\" rel=\"noreferrer noopener\">Elektroniker f\u00fcr Betriebstechnik (m\/w\/d)<\/a><br>Bewerbung f\u00fcr Clauen, Nordstemmen, Schladen, Uelzen und Klein Wanzleben <a href=\"https:\/\/jobs.nordzucker.com\/go\/Stellenangebote\/3621701\/?q=\" target=\"_blank\" rel=\"noreferrer noopener\">hier<\/a><\/li>\n\n\n\n<li><a href=\"https:\/\/www.nordzucker.com\/de\/wp-content\/uploads\/sites\/2\/2024\/06\/NZ_Azubikarten_Industriemech_230524.pdf\" target=\"_blank\" rel=\"noreferrer noopener\">Industriemechaniker (m\/w\/d)<\/a><br>Bewerbung f\u00fcr Clauen, Nordstemmen, Schladen, Uelzen und Klein Wanzleben <a href=\"https:\/\/jobs.nordzucker.com\/go\/Stellenangebote\/3621701\/?q=\" target=\"_blank\" rel=\"noreferrer noopener\">hier<\/a><\/li>\n\n\n\n<li><a href=\"https:\/\/www.nordzucker.com\/de\/wp-content\/uploads\/sites\/2\/2024\/06\/NZ_Azubikarten_Lagerlogistik_230524.pdf\" target=\"_blank\" rel=\"noreferrer noopener\">Fachkraft f\u00fcr Lagerlogistik (m\/w\/d<\/a><a href=\"https:\/\/www.nordzucker.com\/de\/wp-content\/uploads\/sites\/2\/2020\/08\/NZ_Azubikarten_Lagerlogistik_211222.pdf\">)<\/a><br>Bewerbung f\u00fcr Nordstemmen und Klein Wanzleben <a href=\"https:\/\/jobs.nordzucker.com\/go\/Stellenangebote\/3621701\/?q=\" target=\"_blank\" rel=\"noreferrer noopener\">hier<\/a><\/li>\n\n\n\n<li><a href=\"https:\/\/www.nordzucker.com\/de\/wp-content\/uploads\/sites\/2\/2024\/06\/NZ_Azubikarten_Fachlagerist_230524.pdf\" target=\"_blank\" rel=\"noreferrer noopener\">Fachlagerist (m\/w\/d)<\/a><br>Bewerbung f\u00fcr Uelzen und Klein Wanzleben <a href=\"https:\/\/jobs.nordzucker.com\/go\/Stellenangebote\/3621701\/?q=\" target=\"_blank\" rel=\"noreferrer noopener\">hier<\/a><\/li>\n\n\n\n<li><a href=\"https:\/\/www.nordzucker.com\/de\/wp-content\/uploads\/sites\/2\/2024\/06\/NZ_Azubikarten_Maschinenfuehrer_230524.pdf\" target=\"_blank\" rel=\"noreferrer noopener\">Maschinen- und Anlagenf\u00fchrer (m\/w\/d)<\/a><a href=\"https:\/\/www.nordzucker.com\/de\/wp-content\/uploads\/sites\/2\/2020\/08\/NZ_Azubikarten_Fachlagerist_211222.pdf\" target=\"_blank\" rel=\"noreferrer noopener\"><br><\/a>Bewerbung f\u00fcr Nordstemmen und Klein Wanzleben <a href=\"https:\/\/jobs.nordzucker.com\/go\/Stellenangebote\/3621701\/?q=\" target=\"_blank\" rel=\"noreferrer noopener\">hier<\/a><\/li>\n<\/ul>\n\n\n\n<h4 class=\"wp-block-heading\">Unser Azubi-Talk! &#8211; f\u00fcr dich<\/h4>\n\n\n\n<p>In unserem Azubi-Talk! diskutieren und informieren Auszubildende im Werk Klein Wanzleben zu allen Themen rund um die Berufsorientierung, Ausbildung und Ausbildungsplatzsuche. Die eingeladenen G\u00e4ste aus Wirtschaft, Industrie, Beh\u00f6rden und Schulen geben weitergehende Ausk\u00fcnfte.<\/p>\n\n\n\n<p>Wenn du an einem dieser Berufe interessiert bist und mehr erfahren m\u00f6chtest, dann besuche <a href=\"https:\/\/jobs.nordzucker.com\/\" target=\"_blank\" rel=\"noreferrer noopener\">unser Bewerberportal<\/a>.<\/p>\n\n\n\n<figure>\n            <amp-iframe\n            width=\"16\"\n            height=\"9\"\n            layout=\"responsive\"\n            sandbox=\"allow-scripts allow-same-origin\"\n            style=\"border: 0;\"\n            src=\"https:\/\/v.imgi.no\/q2bnb4gx66\"\n            frameborder=\"0\"\n            allowfullscreen=\"allowfullscreen\">\n        <\/amp-iframe>\n        \t\t\t<figcaption class=\"italic text-sm mt-2\">\n\t\t\t<p><em>Ausbildung zum\/r Industriemechaniker\/in (m\/w\/d)<\/em><\/p>\n\t\t<\/figcaption>\n\t\t<\/figure>\n\n\n<h4 class=\"wp-block-heading\">Neu bei Nordzucker: \u201eDuales Studium\/Bachelor of Science in Informatik \/ Wirtschaftsinformatik\u201c<\/h4>\n\n\n\n<p>Das Duale Studium ist gekennzeichnet durch die intensive Verzahnung von Theorie und Praxis. In jedem Semester wechselst du zwischen den Theoriephasen an der Fakult\u00e4t Informatik der Ostfalia Hochschule f\u00fcr angewandte Wissenschaften in Wolfenb\u00fcttel und den Praxisphasen in unserem Unternehmen.&nbsp;<\/p>\n\n\n\n<p>Nach zwei Jahren kannst du optional vor der Industrie- und Handelskammer (IHK) die Abschlusspr\u00fcfung deines Ausbildungsberufes ablegen und erh\u00e4ltst damit den jeweils anerkannten Berufsabschluss der IHK. Am Ende deiner dreij\u00e4hrigen Ausbildungszeit erwirbst du den international anerkannten akademischen Abschluss des Bachelor of Science (B. Sc.). Du wirst bei uns alle IT-Abteilungen kennenlernen und bereits w\u00e4hrend des Studiums an spannenden IT-Projekten mitarbeiten. Dar\u00fcber hinaus unterst\u00fctzt du den IT-Bereich im Tagesgesch\u00e4ft. Du hast au\u00dferdem die Chance, dich nach deinem erfolgreich abgeschlossenen Studium in unser Team einzubringen und unser Wachstum weiter voranzutreiben.<\/p>\n\n\n\n<figure>\n            <amp-iframe\n            width=\"16\"\n            height=\"9\"\n            layout=\"responsive\"\n            sandbox=\"allow-scripts allow-same-origin\"\n            style=\"border: 0;\"\n            src=\"https:\/\/v.imgi.no\/rvmtjfhtve\"\n            frameborder=\"0\"\n            allowfullscreen=\"allowfullscreen\">\n        <\/amp-iframe>\n        \t\t\t<figcaption class=\"italic text-sm mt-2\">\n\t\t\t<p>Modell einer Zuckerfabrik &#8211; gebaut von Auszubildenden<\/p>\n\t\t<\/figcaption>\n\t\t<\/figure>\n\n\n<figure>\n            <amp-iframe\n            width=\"16\"\n            height=\"9\"\n            layout=\"responsive\"\n            sandbox=\"allow-scripts allow-same-origin\"\n            style=\"border: 0;\"\n            src=\"https:\/\/v.imgi.no\/m2xvxykcrk\"\n            frameborder=\"0\"\n            allowfullscreen=\"allowfullscreen\">\n        <\/amp-iframe>\n        \t\t\t<figcaption class=\"italic text-sm mt-2\">\n\t\t\t<p>Stimmen unserer Auszubildenden<\/p>\n\t\t<\/figcaption>\n\t\t<\/figure>","protected":false},"excerpt":{"rendered":"<p>Nordzucker bietet an sechs Standorten in Deutschland spannende und abwechslungsreiche Ausbildungspl\u00e4tze an.<\/p>\n","protected":false},"author":6,"featured_media":11420,"parent":63,"menu_order":3,"comment_status":"closed","ping_status":"closed","template":"","meta":{"footnotes":""},"page_category":[],"acf":[],"_links":{"self":[{"href":"https:\/\/www.nordzucker.com\/de\/wp-json\/wp\/v2\/pages\/602"}],"collection":[{"href":"https:\/\/www.nordzucker.com\/de\/wp-json\/wp\/v2\/pages"}],"about":[{"href":"https:\/\/www.nordzucker.com\/de\/wp-json\/wp\/v2\/types\/page"}],"author":[{"embeddable":true,"href":"https:\/\/www.nordzucker.com\/de\/wp-json\/wp\/v2\/users\/6"}],"replies":[{"embeddable":true,"href":"https:\/\/www.nordzucker.com\/de\/wp-json\/wp\/v2\/comments?post=602"}],"version-history":[{"count":207,"href":"https:\/\/www.nordzucker.com\/de\/wp-json\/wp\/v2\/pages\/602\/revisions"}],"predecessor-version":[{"id":12171,"href":"https:\/\/www.nordzucker.com\/de\/wp-json\/wp\/v2\/pages\/602\/revisions\/12171"}],"up":[{"embeddable":true,"href":"https:\/\/www.nordzucker.com\/de\/wp-json\/wp\/v2\/pages\/63"}],"wp:featuredmedia":[{"embeddable":true,"href":"https:\/\/www.nordzucker.com\/de\/wp-json\/wp\/v2\/media\/11420"}],"wp:attachment":[{"href":"https:\/\/www.nordzucker.com\/de\/wp-json\/wp\/v2\/media?parent=602"}],"wp:term":[{"taxonomy":"page_category","embeddable":true,"href":"https:\/\/www.nordzucker.com\/de\/wp-json\/wp\/v2\/page_category?post=602"}],"curies":[{"name":"wp","href":"https:\/\/api.w.org\/{rel}","templated":true}]}}