{"id":59,"date":"2020-07-07T17:32:10","date_gmt":"2020-07-07T17:32:10","guid":{"rendered":"https:\/\/www.nordzucker.com\/de\/?page_id=59"},"modified":"2025-04-04T11:56:42","modified_gmt":"2025-04-04T09:56:42","slug":"arbeiten-bei-nordzucker","status":"publish","type":"page","link":"https:\/\/www.nordzucker.com\/de\/menschen-bei-nordzucker\/arbeiten-bei-nordzucker\/","title":{"rendered":"Arbeiten bei Nordzucker"},"content":{"rendered":"\n<h2 class=\"wp-block-heading\">Eine vielf\u00e4ltige Belegschaft verspricht Erfolg<\/h2>\n\n\n\n<div class=\"py-4 text-xl leading-8\">\n\tNeue Technologien und Trends ver\u00e4ndern die Arbeitswelt und die Erwartungen der Mitarbeiter \u00fcber L\u00e4ndergrenzen hinaus. Als internationaler Konzern entwickeln wir moderne Personalkonzepte zur Gewinnung, Entwicklung, Motivation und Bindung von Mitarbeitern. Gemeinsam meistern wir die bedeutenden Ver\u00e4nderungen auf dem internationalen Markt, wachsen noch enger zusammen und profitieren von neuem Denken, steigender Kreativit\u00e4t und ver\u00e4ndertem F\u00fchrungsverst\u00e4ndnis.<\/div>\n\n\n<p><\/p>\n","protected":false},"excerpt":{"rendered":"<p>Als attraktiver Arbeitgeber entwickeln wir moderne Personalkonzepte, die zur Gewinnung, Weiterentwicklung und Bindung von Mitarbeitern beitragen.<\/p>\n","protected":false},"author":1,"featured_media":1314,"parent":51,"menu_order":0,"comment_status":"closed","ping_status":"closed","template":"","meta":{"footnotes":""},"page_category":[],"acf":[],"_links":{"self":[{"href":"https:\/\/www.nordzucker.com\/de\/wp-json\/wp\/v2\/pages\/59"}],"collection":[{"href":"https:\/\/www.nordzucker.com\/de\/wp-json\/wp\/v2\/pages"}],"about":[{"href":"https:\/\/www.nordzucker.com\/de\/wp-json\/wp\/v2\/types\/page"}],"author":[{"embeddable":true,"href":"https:\/\/www.nordzucker.com\/de\/wp-json\/wp\/v2\/users\/1"}],"replies":[{"embeddable":true,"href":"https:\/\/www.nordzucker.com\/de\/wp-json\/wp\/v2\/comments?post=59"}],"version-history":[{"count":20,"href":"https:\/\/www.nordzucker.com\/de\/wp-json\/wp\/v2\/pages\/59\/revisions"}],"predecessor-version":[{"id":10791,"href":"https:\/\/www.nordzucker.com\/de\/wp-json\/wp\/v2\/pages\/59\/revisions\/10791"}],"up":[{"embeddable":true,"href":"https:\/\/www.nordzucker.com\/de\/wp-json\/wp\/v2\/pages\/51"}],"wp:featuredmedia":[{"embeddable":true,"href":"https:\/\/www.nordzucker.com\/de\/wp-json\/wp\/v2\/media\/1314"}],"wp:attachment":[{"href":"https:\/\/www.nordzucker.com\/de\/wp-json\/wp\/v2\/media?parent=59"}],"wp:term":[{"taxonomy":"page_category","embeddable":true,"href":"https:\/\/www.nordzucker.com\/de\/wp-json\/wp\/v2\/page_category?post=59"}],"curies":[{"name":"wp","href":"https:\/\/api.w.org\/{rel}","templated":true}]}}