{"id":51,"date":"2020-07-07T14:40:08","date_gmt":"2020-07-07T14:40:08","guid":{"rendered":"https:\/\/www.nordzucker.com\/de\/?page_id=51"},"modified":"2025-02-06T14:15:42","modified_gmt":"2025-02-06T13:15:42","slug":"menschen-bei-nordzucker","status":"publish","type":"page","link":"https:\/\/www.nordzucker.com\/de\/menschen-bei-nordzucker\/","title":{"rendered":"Menschen bei Nordzucker"},"content":{"rendered":"\n<h2 class=\"wp-block-heading\">Der Mensch im Mittelpunkt<\/h2>\n\n\n\n<div class=\"py-4 text-xl leading-8\">\n\tEs sind die Mitarbeiterinnen und Mitarbeiter, die mit ihrem Know-how, ihrem Einsatz und ihren Ideen t\u00e4glich zum Erfolg des Unternehmens beitragen: Sie bilden das R\u00fcckgrat von Nordzucker. Ein zeitgem\u00e4\u00dfes Arbeitsumfeld, das auf die Anforderungen heutiger Generationen ausgerichtet ist, Diversit\u00e4t sowie eigene Ausbildungs- und Weiterbildungsangebote sind die Faktoren, die Nordzucker zu einem attraktiven Arbeitgeber machen. Unsere Werte Verantwortung, Engagement, Courage und Wertsch\u00e4tzung sind Bestandteil unserer t\u00e4glichen Arbeit.<\/div>","protected":false},"excerpt":{"rendered":"<p>Nordzucker steht f\u00fcr ein modernes Arbeitsumfeld, Diversit\u00e4t und Wertsch\u00e4tzung. Wir sind stolz auf unsere Mitarbeiterinnen und Mitarbeiter, die mit Ihrem Einsatz zum Erfolg unseres Unternehmens beitragen.<\/p>\n","protected":false},"author":1,"featured_media":2138,"parent":0,"menu_order":0,"comment_status":"closed","ping_status":"closed","template":"","meta":{"footnotes":""},"page_category":[],"acf":[],"_links":{"self":[{"href":"https:\/\/www.nordzucker.com\/de\/wp-json\/wp\/v2\/pages\/51"}],"collection":[{"href":"https:\/\/www.nordzucker.com\/de\/wp-json\/wp\/v2\/pages"}],"about":[{"href":"https:\/\/www.nordzucker.com\/de\/wp-json\/wp\/v2\/types\/page"}],"author":[{"embeddable":true,"href":"https:\/\/www.nordzucker.com\/de\/wp-json\/wp\/v2\/users\/1"}],"replies":[{"embeddable":true,"href":"https:\/\/www.nordzucker.com\/de\/wp-json\/wp\/v2\/comments?post=51"}],"version-history":[{"count":18,"href":"https:\/\/www.nordzucker.com\/de\/wp-json\/wp\/v2\/pages\/51\/revisions"}],"predecessor-version":[{"id":10535,"href":"https:\/\/www.nordzucker.com\/de\/wp-json\/wp\/v2\/pages\/51\/revisions\/10535"}],"wp:featuredmedia":[{"embeddable":true,"href":"https:\/\/www.nordzucker.com\/de\/wp-json\/wp\/v2\/media\/2138"}],"wp:attachment":[{"href":"https:\/\/www.nordzucker.com\/de\/wp-json\/wp\/v2\/media?parent=51"}],"wp:term":[{"taxonomy":"page_category","embeddable":true,"href":"https:\/\/www.nordzucker.com\/de\/wp-json\/wp\/v2\/page_category?post=51"}],"curies":[{"name":"wp","href":"https:\/\/api.w.org\/{rel}","templated":true}]}}