{"id":470,"date":"2020-07-23T15:30:55","date_gmt":"2020-07-23T15:30:55","guid":{"rendered":"https:\/\/www.nordzucker.com\/de\/?page_id=470"},"modified":"2026-02-23T14:28:07","modified_gmt":"2026-02-23T13:28:07","slug":"agriportal","status":"publish","type":"page","link":"https:\/\/www.nordzucker.com\/de\/agriportal\/","title":{"rendered":"Das AgriPortal wird zu CropConnect"},"content":{"rendered":"\n<h2 class=\"wp-block-heading\">Das Portal f\u00fcr unsere Landwirte<\/h2>\n\n\n\n<div class=\"py-4 text-xl leading-8\">\n\tInformationen und Beratung f\u00fcr den Zuckerr\u00fcbenanbauer im Web. <br \/>\r\nWas Sie wissen m\u00fcssen:<\/div>\n\n\n<p>Das AgriPortal wird schrittweise auf das neue System CropConnect umgestellt. Bei CropConnect stellen wir unseren Anbauerinnen und Anbauern aktuelle Informationen digital, schnell und aktuell zur Verf\u00fcgung. Das Nachfolgesystem des AgriPortals bietet Einblick in alle relevanten Dokumente der Gesch\u00e4ftsbeziehung zwischen Anbauern und Nordzucker.&nbsp;<\/p>\n\n\n\n<p>\u00dcber den E-Shop im CropConnect k\u00f6nnen Bestellungen f\u00fcr Carbokalk, Futtermittel und Saatgut vorgenommen werden. Dar\u00fcber hinaus bieten wir Informationen rund um die R\u00fcbenlogistik und geben wichtige Informationen, Hinweise und Updates w\u00e4hrend der Kampagne. &nbsp;<\/p>\n\n\n\n<p>Derzeit sind das AgriPortal Consult und die AgriPortal mobile App als digitale Anbauberatungstools weiterhin f\u00fcr den Anbauer verf\u00fcgbar. Ausf\u00fchrliche Beratungsinformationen, digitale Entscheidungshilfen und ein schneller \u00dcberblick \u2013 auch unterwegs \u2013 sind damit gegeben.&nbsp;&nbsp;<\/p>\n\n\n\n<p>Bei Fragen zum Wechsel auf das neue System <a href=\"https:\/\/www.cropconnect.farm\/\" data-type=\"link\" data-id=\"https:\/\/www.cropconnect.farm\/\">CropConnect<\/a> wenden Sie sich gern an Ihr regionales Agricenter.<\/p>\n\n\n<div class=\"bg-primary-lighten-4 px-16 py-10\">\n\t\t\t<h3 class=\"text-2xl mb-4 font-alt font-semibold\">\n\t\t\tCropConnect\t\t<\/h3>\n\t\t    <div class=\"content py-2\">\n\t\t\n\n<p>Hier gelangen Sie direkt zu CropConnect.<\/p>\n\n\t<\/div>\n\t\t\t<div class=\"mt-4\">\n\t\t\t\t\t<a href=\"https:\/\/www.cropconnect.farm\/ CropConnect\"  target=\"_blank\" class=\"button h5 inline-block font-bold uppercase py-2 px-6 leading-6 rounded-full border border-[3px] border-primary \">\n\t\t\t<span class=\"inline-block text-primary\">Zu CropConnect<\/span>\n\t\t<\/a>\n\t\t<\/div>\n\t\t\n<\/div>\n\n<div class=\"bg-primary-lighten-4 px-16 py-10\">\n\t\t\t<h3 class=\"text-2xl mb-4 font-alt font-semibold\">\n\t\t\tAgriPortal Deutschland\t\t<\/h3>\n\t\t    <div class=\"content py-2\">\n\t\t\n\n<p>Hier gelangen Sie zum AgriPortal f\u00fcr Deutschland.<\/p>\n\n\t<\/div>\n\t\t\t<div class=\"mt-4\">\n\t\t\t\t\t<a href=\"https:\/\/agriportal.nordzucker.de\"  target=\"_blank\" class=\"button h5 inline-block font-bold uppercase py-2 px-6 leading-6 rounded-full border border-[3px] border-primary \">\n\t\t\t<span class=\"inline-block text-primary\">Zum Portal<\/span>\n\t\t<\/a>\n\t\t<\/div>\n\t\t\n<\/div>\n\n<div class=\"bg-primary-lighten-4 px-16 py-10\">\n\t\t\t<h3 class=\"text-2xl mb-4 font-alt font-semibold\">\n\t\t\tAgriPortal D\u00e4nemark\t\t<\/h3>\n\t\t    <div class=\"content py-2\">\n\t\t\n\n<p>Hier gelangen Sie zum AgriPortal f\u00fcr D\u00e4nemark.<\/p>\n\n\t<\/div>\n\t\t\t<div class=\"mt-4\">\n\t\t\t\t\t<a href=\"https:\/\/www.sukkerroer.nu\"  target=\"_blank\" class=\"button h5 inline-block font-bold uppercase py-2 px-6 leading-6 rounded-full border border-[3px] border-primary \">\n\t\t\t<span class=\"inline-block text-primary\">Zum Portal<\/span>\n\t\t<\/a>\n\t\t<\/div>\n\t\t\n<\/div>\n\n<div class=\"bg-primary-lighten-4 px-16 py-10\">\n\t\t\t<h3 class=\"text-2xl mb-4 font-alt font-semibold\">\n\t\t\tAgriPortal Finnland\t\t<\/h3>\n\t\t    <div class=\"content py-2\">\n\t\t\n\n<p>Hier gelangen Sie zum AgriPortal f\u00fcr Finnland.<\/p>\n\n\t<\/div>\n\t\t\t<div class=\"mt-4\">\n\t\t\t\t\t<a href=\"https:\/\/www.sucros.fi\"  target=\"_blank\" class=\"button h5 inline-block font-bold uppercase py-2 px-6 leading-6 rounded-full border border-[3px] border-primary \">\n\t\t\t<span class=\"inline-block text-primary\">Zum Portal<\/span>\n\t\t<\/a>\n\t\t<\/div>\n\t\t\n<\/div>\n\n<div class=\"bg-primary-lighten-4 px-16 py-10\">\n\t\t\t<h3 class=\"text-2xl mb-4 font-alt font-semibold\">\n\t\t\tAgriPortal Litauen\t\t<\/h3>\n\t\t    <div class=\"content py-2\">\n\t\t\n\n<p>Hier gelangen Sie zum AgriPortal f\u00fcr Litauen.<\/p>\n\n\t<\/div>\n\t\t\t<div class=\"mt-4\">\n\t\t\t\t\t<a href=\"https:\/\/www.cukriniairunkeliai.lt\"  target=\"_blank\" class=\"button h5 inline-block font-bold uppercase py-2 px-6 leading-6 rounded-full border border-[3px] border-primary \">\n\t\t\t<span class=\"inline-block text-primary\">Zum Portal<\/span>\n\t\t<\/a>\n\t\t<\/div>\n\t\t\n<\/div>\n\n<div class=\"bg-primary-lighten-4 px-16 py-10\">\n\t\t\t<h3 class=\"text-2xl mb-4 font-alt font-semibold\">\n\t\t\tAgriPortal Polen\t\t<\/h3>\n\t\t    <div class=\"content py-2\">\n\t\t\n\n<p>Hier gelangen Sie zum AgriPortal f\u00fcr Polen.<\/p>\n\n\t<\/div>\n\t\t\t<div class=\"mt-4\">\n\t\t\t\t\t<a href=\"https:\/\/agriportal.nordzucker.pl\"  target=\"_blank\" class=\"button h5 inline-block font-bold uppercase py-2 px-6 leading-6 rounded-full border border-[3px] border-primary \">\n\t\t\t<span class=\"inline-block text-primary\">Zum Portal<\/span>\n\t\t<\/a>\n\t\t<\/div>\n\t\t\n<\/div>\n\n<div class=\"bg-primary-lighten-4 px-16 py-10\">\n\t\t\t<h3 class=\"text-2xl mb-4 font-alt font-semibold\">\n\t\t\tAgriPortal Slowakei\t\t<\/h3>\n\t\t    <div class=\"content py-2\">\n\t\t\n\n<p>Hier gelangen Sie zum AgriPortal f\u00fcr die Slowakei.<\/p>\n\n\t<\/div>\n\t\t\t<div class=\"mt-4\">\n\t\t\t\t\t<a href=\"https:\/\/agriportal.nordzucker.sk\"  target=\"_blank\" class=\"button h5 inline-block font-bold uppercase py-2 px-6 leading-6 rounded-full border border-[3px] border-primary \">\n\t\t\t<span class=\"inline-block text-primary\">Zum Portal<\/span>\n\t\t<\/a>\n\t\t<\/div>\n\t\t\n<\/div>\n\n<div class=\"bg-primary-lighten-4 px-16 py-10\">\n\t\t\t<h3 class=\"text-2xl mb-4 font-alt font-semibold\">\n\t\t\tAgriPortal Schweden\t\t<\/h3>\n\t\t    <div class=\"content py-2\">\n\t\t\n\n<p>Hier gelangen Sie zum AgriPortal f\u00fcr Schweden.<\/p>\n\n\t<\/div>\n\t\t\t<div class=\"mt-4\">\n\t\t\t\t\t<a href=\"https:\/\/www.sockerbetor.nu\"  target=\"_blank\" class=\"button h5 inline-block font-bold uppercase py-2 px-6 leading-6 rounded-full border border-[3px] border-primary \">\n\t\t\t<span class=\"inline-block text-primary\">Zum Portal<\/span>\n\t\t<\/a>\n\t\t<\/div>\n\t\t\n<\/div>","protected":false},"excerpt":{"rendered":"<p>Das Portal f\u00fcr unsere Landwirte Das AgriPortal wird schrittweise auf das neue System CropConnect umgestellt. Bei CropConnect stellen wir unseren Anbauerinnen und Anbauern aktuelle Informationen [&hellip;]<\/p>\n","protected":false},"author":1,"featured_media":2673,"parent":0,"menu_order":0,"comment_status":"closed","ping_status":"closed","template":"","meta":{"footnotes":""},"page_category":[273],"acf":[],"_links":{"self":[{"href":"https:\/\/www.nordzucker.com\/de\/wp-json\/wp\/v2\/pages\/470"}],"collection":[{"href":"https:\/\/www.nordzucker.com\/de\/wp-json\/wp\/v2\/pages"}],"about":[{"href":"https:\/\/www.nordzucker.com\/de\/wp-json\/wp\/v2\/types\/page"}],"author":[{"embeddable":true,"href":"https:\/\/www.nordzucker.com\/de\/wp-json\/wp\/v2\/users\/1"}],"replies":[{"embeddable":true,"href":"https:\/\/www.nordzucker.com\/de\/wp-json\/wp\/v2\/comments?post=470"}],"version-history":[{"count":18,"href":"https:\/\/www.nordzucker.com\/de\/wp-json\/wp\/v2\/pages\/470\/revisions"}],"predecessor-version":[{"id":12189,"href":"https:\/\/www.nordzucker.com\/de\/wp-json\/wp\/v2\/pages\/470\/revisions\/12189"}],"wp:featuredmedia":[{"embeddable":true,"href":"https:\/\/www.nordzucker.com\/de\/wp-json\/wp\/v2\/media\/2673"}],"wp:attachment":[{"href":"https:\/\/www.nordzucker.com\/de\/wp-json\/wp\/v2\/media?parent=470"}],"wp:term":[{"taxonomy":"page_category","embeddable":true,"href":"https:\/\/www.nordzucker.com\/de\/wp-json\/wp\/v2\/page_category?post=470"}],"curies":[{"name":"wp","href":"https:\/\/api.w.org\/{rel}","templated":true}]}}