{"id":4188,"date":"2024-07-10T08:46:55","date_gmt":"2024-07-10T06:46:55","guid":{"rendered":"https:\/\/www.nordzucker.com\/de\/?page_id=4188"},"modified":"2025-07-11T10:55:35","modified_gmt":"2025-07-11T08:55:35","slug":"hauptversammlung","status":"publish","type":"page","link":"https:\/\/www.nordzucker.com\/de\/hauptversammlung\/","title":{"rendered":"Online\u00ad\u00adportal zur Haupt\u00adver\u00adsammlung am 10. Juli 2025"},"content":{"rendered":"\n<h2 class=\"wp-block-heading\">gemeinsame Haupt\u00adversammlung der Nordzucker AG und der Nordzucker Holding AG<\/h2>\n\n\n\n<div class=\"py-4 text-xl leading-8\">\n\tAm 10. Juli 2025 ab 9.00 Uhr richten die Nordzucker Holding AG und die Nordzucker AG ihre gemeinsame Hauptversammlung in der Volkswagenhalle in Braunschweig aus. Auf dieser Webseite finden Sie die f\u00fcr diesen Tag relevanten Informationen und Dokumente f\u00fcr Aktion\u00e4re der Nordzucker Holding AG und der Nordzucker AG. Ebenfalls finden Sie hier die Links zu den zugangsgesch\u00fctzten Bereichen, innerhalb derer Sie M\u00f6glichkeiten zur Anmeldung zur Teilnahme, Briefwahl sowie eine Vollmachtserteilung an den Stimmrechtsvertreter der Gesellschaft haben.<\/div>\n\n\n<h3 class=\"wp-block-heading\">Hier finden Sie f\u00fcr den 10. Juli die aktiven Links zum HV-Portal:<\/h3>\n\n\n\n<ul>\n<li><a href=\"https:\/\/p0203.meeting-apps.de\/meetingportal\/NO01\/portal.xhtml?mandant=303\" target=\"_blank\" rel=\"noreferrer noopener\">Zugangs\u00adgesch\u00fctzter Bereich des Haupt\u00adversammlungs\u00adportals der Nordzucker Holding AG<\/a><\/li>\n\n\n\n<li><a href=\"https:\/\/p0203.meeting-apps.de\/meetingportal\/NO01\/portal.xhtml?mandant=302\" target=\"_blank\" rel=\"noreferrer noopener\">Zugangsgesch\u00fctzter Bereich des Hauptversammlungsportals der Nordzucker AG<\/a><\/li>\n<\/ul>\n\n\n<div class=\"bg-primary-lighten-4 px-16 py-10\">\n\t\t\t<h3 class=\"text-2xl mb-4 font-alt font-semibold\">\n\t\t\tVideo der Vorstandsrede\t\t<\/h3>\n\t\t    <div class=\"content py-2\">\n\t\t\n\n<p>Hier k\u00f6nnen Sie die Rede des Vorstands der Nordzucker AG auf der Hauptversammlung der Nordzucker Holding AG sowie der Nordzucker AG vom 10. Juli 2025 sehen.<\/p>\n\n\t<\/div>\n\t\t\t<div class=\"mt-4\">\n\t\t\t\t\t<a href=\"https:\/\/v.imgi.no\/6sr72spy4r \"  target=\"_blank\" class=\"button h5 inline-block font-bold uppercase py-2 px-6 leading-6 rounded-full border border-[3px] border-primary \">\n\t\t\t<span class=\"inline-block text-primary\">Zum Video<\/span>\n\t\t<\/a>\n\t\t<\/div>\n\t\t\n<\/div>\n\n<div class=\"py-6\"><\/div>\n\n\n<h2 class=\"wp-block-heading\">Dokumente<\/h2>\n\n\n\n<p>Im Folgenden stellen wir Ihnen die Dokumente f\u00fcr die Hauptversammlung bereit.<\/p>\n\n\n<div>\n\t<amp-accordion\n\t\tid=\"accordion_69e3099356585\"\n\t\ton=\"expand:AMP.setState({ 'accordion_69e3099356585': true });collapse:AMP.setState({ 'accordion_69e3099356585': false })\"\n\t\tdisable-session-states\n\t>\n\t\t<section>\n\t\t\t<h3 class=\"border-none outline-0 bg-primary-lighten-4 p-4 pl-16 my-2 font-bold text-lg relative\">\n\t\t\t\tEinladung zur gemeinsamen Hauptversammlung der Nordzucker Holding AG und der Nordzucker AG\t\t\t\t<div class=\"inline-block absolute left-0 ml-4 top-0 mt-4\">\n\t\t\t\t\t<div class=\"block\" [class]=\"!accordion_69e3099356585 ? 'block' : 'hidden'\">\n\t\t\t\t\t\t\t<span class=\"icon icon--size-2\" style=\"background: url(https:\/\/www.nordzucker.com\/de\/wp-content\/themes\/app\/public\/icons\/arrow-down-solid-dark.svg?ver=125) center no-repeat;\"><\/span>\n\t\t\t\t\t\t<\/div>\n\t\t\t\t\t<div class=\"hidden\" [class]=\"accordion_69e3099356585 ? 'block' : 'hidden'\">\n\t\t\t\t\t\t\t<span class=\"icon icon--size-2\" style=\"background: url(https:\/\/www.nordzucker.com\/de\/wp-content\/themes\/app\/public\/icons\/arrow-up-solid-dark.svg?ver=125) center no-repeat;\"><\/span>\n\t\t\t\t\t\t<\/div>\n\t\t\t\t<\/div>\n\t\t\t<\/h3>\n\t\t\t<div class=\"content pl-8 py-2\">\n\t\t\t\t\n\n<ul>\n<li><a href=\"https:\/\/www.nordzucker.com\/de\/wp-content\/uploads\/sites\/2\/2025\/05\/Einladung-Hauptversammlung-Nordzucker-AG-und-Nordzucker-Holding-AG-2024_25-1.pdf\" target=\"_blank\" rel=\"noreferrer noopener\">Einladung zur Hauptversammlung mit Tagesordnung<\/a><\/li>\n<\/ul>\n\n\t\t\t<\/div>\n\t\t<\/section>\n\t<\/amp-accordion>\n<\/div>\n\n<div>\n\t<amp-accordion\n\t\tid=\"accordion_69e30993569d6\"\n\t\ton=\"expand:AMP.setState({ 'accordion_69e30993569d6': true });collapse:AMP.setState({ 'accordion_69e30993569d6': false })\"\n\t\tdisable-session-states\n\t>\n\t\t<section>\n\t\t\t<h3 class=\"border-none outline-0 bg-primary-lighten-4 p-4 pl-16 my-2 font-bold text-lg relative\">\n\t\t\t\tGesch\u00e4ftsbericht der Nordzucker Holding AG\t\t\t\t<div class=\"inline-block absolute left-0 ml-4 top-0 mt-4\">\n\t\t\t\t\t<div class=\"block\" [class]=\"!accordion_69e30993569d6 ? 'block' : 'hidden'\">\n\t\t\t\t\t\t\t<span class=\"icon icon--size-2\" style=\"background: url(https:\/\/www.nordzucker.com\/de\/wp-content\/themes\/app\/public\/icons\/arrow-down-solid-dark.svg?ver=125) center no-repeat;\"><\/span>\n\t\t\t\t\t\t<\/div>\n\t\t\t\t\t<div class=\"hidden\" [class]=\"accordion_69e30993569d6 ? 'block' : 'hidden'\">\n\t\t\t\t\t\t\t<span class=\"icon icon--size-2\" style=\"background: url(https:\/\/www.nordzucker.com\/de\/wp-content\/themes\/app\/public\/icons\/arrow-up-solid-dark.svg?ver=125) center no-repeat;\"><\/span>\n\t\t\t\t\t\t<\/div>\n\t\t\t\t<\/div>\n\t\t\t<\/h3>\n\t\t\t<div class=\"content pl-8 py-2\">\n\t\t\t\t\n\n<ul>\n<li><a href=\"https:\/\/www.nordzucker.com\/de\/wp-content\/uploads\/sites\/2\/2025\/05\/Geschaeftsbericht-Nordzucker-Holding-AG-2024_25.pdf\" target=\"_blank\" rel=\"noreferrer noopener\">Gesch\u00e4ftsbericht der Nordzucker Holding AG<\/a><\/li>\n<\/ul>\n\n\t\t\t<\/div>\n\t\t<\/section>\n\t<\/amp-accordion>\n<\/div>\n\n<div>\n\t<amp-accordion\n\t\tid=\"accordion_69e3099356de9\"\n\t\ton=\"expand:AMP.setState({ 'accordion_69e3099356de9': true });collapse:AMP.setState({ 'accordion_69e3099356de9': false })\"\n\t\tdisable-session-states\n\t>\n\t\t<section>\n\t\t\t<h3 class=\"border-none outline-0 bg-primary-lighten-4 p-4 pl-16 my-2 font-bold text-lg relative\">\n\t\t\t\tGesch\u00e4ftsbericht der Nordzucker AG\t\t\t\t<div class=\"inline-block absolute left-0 ml-4 top-0 mt-4\">\n\t\t\t\t\t<div class=\"block\" [class]=\"!accordion_69e3099356de9 ? 'block' : 'hidden'\">\n\t\t\t\t\t\t\t<span class=\"icon icon--size-2\" style=\"background: url(https:\/\/www.nordzucker.com\/de\/wp-content\/themes\/app\/public\/icons\/arrow-down-solid-dark.svg?ver=125) center no-repeat;\"><\/span>\n\t\t\t\t\t\t<\/div>\n\t\t\t\t\t<div class=\"hidden\" [class]=\"accordion_69e3099356de9 ? 'block' : 'hidden'\">\n\t\t\t\t\t\t\t<span class=\"icon icon--size-2\" style=\"background: url(https:\/\/www.nordzucker.com\/de\/wp-content\/themes\/app\/public\/icons\/arrow-up-solid-dark.svg?ver=125) center no-repeat;\"><\/span>\n\t\t\t\t\t\t<\/div>\n\t\t\t\t<\/div>\n\t\t\t<\/h3>\n\t\t\t<div class=\"content pl-8 py-2\">\n\t\t\t\t\n\n<ul>\n<li><a href=\"https:\/\/www.nordzucker.com\/de\/wp-content\/uploads\/sites\/2\/2025\/05\/250527_Geschaeftsbericht-Nordzucker_2024_25.pdf\" target=\"_blank\" rel=\"noreferrer noopener\">Gesch\u00e4ftsbericht der Nordzucker AG<\/a><\/li>\n<\/ul>\n\n\t\t\t<\/div>\n\t\t<\/section>\n\t<\/amp-accordion>\n<\/div>\n\n<div>\n\t<amp-accordion\n\t\tid=\"accordion_69e3099357214\"\n\t\ton=\"expand:AMP.setState({ 'accordion_69e3099357214': true });collapse:AMP.setState({ 'accordion_69e3099357214': false })\"\n\t\tdisable-session-states\n\t>\n\t\t<section>\n\t\t\t<h3 class=\"border-none outline-0 bg-primary-lighten-4 p-4 pl-16 my-2 font-bold text-lg relative\">\n\t\t\t\tWeitere Dokumente Nordzucker Holding AG\t\t\t\t<div class=\"inline-block absolute left-0 ml-4 top-0 mt-4\">\n\t\t\t\t\t<div class=\"block\" [class]=\"!accordion_69e3099357214 ? 'block' : 'hidden'\">\n\t\t\t\t\t\t\t<span class=\"icon icon--size-2\" style=\"background: url(https:\/\/www.nordzucker.com\/de\/wp-content\/themes\/app\/public\/icons\/arrow-down-solid-dark.svg?ver=125) center no-repeat;\"><\/span>\n\t\t\t\t\t\t<\/div>\n\t\t\t\t\t<div class=\"hidden\" [class]=\"accordion_69e3099357214 ? 'block' : 'hidden'\">\n\t\t\t\t\t\t\t<span class=\"icon icon--size-2\" style=\"background: url(https:\/\/www.nordzucker.com\/de\/wp-content\/themes\/app\/public\/icons\/arrow-up-solid-dark.svg?ver=125) center no-repeat;\"><\/span>\n\t\t\t\t\t\t<\/div>\n\t\t\t\t<\/div>\n\t\t\t<\/h3>\n\t\t\t<div class=\"content pl-8 py-2\">\n\t\t\t\t\n\n<ul>\n<li><a href=\"https:\/\/www.nordzucker.com\/de\/wp-content\/uploads\/sites\/2\/2025\/07\/Abstimmungsergebnisse-HV-2025-Nordzucker-Holding-AG.pdf\" data-type=\"link\" data-id=\"https:\/\/www.nordzucker.com\/de\/wp-content\/uploads\/sites\/2\/2025\/07\/Abstimmungsergebnisse-HV-2025-Nordzucker-Holding-AG.pdf\" target=\"_blank\" rel=\"noreferrer noopener\">Hauptversammlung 2025 \u2013 Abstimmungsergebnisse Nordzucker Holding AG<\/a><\/li>\n\n\n\n<li><a href=\"https:\/\/www.nordzucker.com\/de\/wp-content\/uploads\/sites\/2\/2025\/05\/Nordzucker-Holding-AG-Konzernabschluss-und-Lagebericht-2024_25.pdf\" target=\"_blank\" rel=\"noreferrer noopener\">Konzernabschluss<\/a><\/li>\n\n\n\n<li><a href=\"https:\/\/www.nordzucker.com\/de\/wp-content\/uploads\/sites\/2\/2025\/05\/Widerruf_Vollmacht_Nordzucker_Holding.pdf\" target=\"_blank\" rel=\"noreferrer noopener\">Widerruf der Vollmacht<\/a><\/li>\n<\/ul>\n\n\t\t\t<\/div>\n\t\t<\/section>\n\t<\/amp-accordion>\n<\/div>\n\n<div>\n\t<amp-accordion\n\t\tid=\"accordion_69e309935766d\"\n\t\ton=\"expand:AMP.setState({ 'accordion_69e309935766d': true });collapse:AMP.setState({ 'accordion_69e309935766d': false })\"\n\t\tdisable-session-states\n\t>\n\t\t<section>\n\t\t\t<h3 class=\"border-none outline-0 bg-primary-lighten-4 p-4 pl-16 my-2 font-bold text-lg relative\">\n\t\t\t\tWeitere Dokumente Nordzucker AG\t\t\t\t<div class=\"inline-block absolute left-0 ml-4 top-0 mt-4\">\n\t\t\t\t\t<div class=\"block\" [class]=\"!accordion_69e309935766d ? 'block' : 'hidden'\">\n\t\t\t\t\t\t\t<span class=\"icon icon--size-2\" style=\"background: url(https:\/\/www.nordzucker.com\/de\/wp-content\/themes\/app\/public\/icons\/arrow-down-solid-dark.svg?ver=125) center no-repeat;\"><\/span>\n\t\t\t\t\t\t<\/div>\n\t\t\t\t\t<div class=\"hidden\" [class]=\"accordion_69e309935766d ? 'block' : 'hidden'\">\n\t\t\t\t\t\t\t<span class=\"icon icon--size-2\" style=\"background: url(https:\/\/www.nordzucker.com\/de\/wp-content\/themes\/app\/public\/icons\/arrow-up-solid-dark.svg?ver=125) center no-repeat;\"><\/span>\n\t\t\t\t\t\t<\/div>\n\t\t\t\t<\/div>\n\t\t\t<\/h3>\n\t\t\t<div class=\"content pl-8 py-2\">\n\t\t\t\t\n\n<ul>\n<li><a href=\"https:\/\/www.nordzucker.com\/de\/wp-content\/uploads\/sites\/2\/2025\/07\/Abstimmungsergebnisse-HV-2025-Nordzucker-AG.pdf\" data-type=\"link\" data-id=\"https:\/\/www.nordzucker.com\/de\/wp-content\/uploads\/sites\/2\/2025\/07\/Abstimmungsergebnisse-HV-2025-Nordzucker-AG.pdf\" target=\"_blank\" rel=\"noreferrer noopener\">Hauptversammlung 2025 &#8211; Abstimmungsergebnisse Nordzucker AG<\/a><\/li>\n\n\n\n<li><a href=\"https:\/\/www.nordzucker.com\/de\/wp-content\/uploads\/sites\/2\/2025\/05\/Einzelabschluss-Nordzucker-AG-2024_25.pdf\" target=\"_blank\" rel=\"noreferrer noopener\">Einzelabschluss Nordzucker AG 2024\/25<\/a><\/li>\n\n\n\n<li><a href=\"https:\/\/www.nordzucker.com\/de\/wp-content\/uploads\/sites\/2\/2025\/05\/Widerruf_Vollmacht_Nordzucker_AG.pdf\" target=\"_blank\" rel=\"noreferrer noopener\">Widerruf der Vollmacht<\/a><\/li>\n\n\n\n<li><a href=\"https:\/\/www.nordzucker.com\/de\/wp-content\/uploads\/sites\/2\/2025\/05\/NZAG_TOP-5.7_Einzelabschluss-2021_2022.pdf\" target=\"_blank\" rel=\"noreferrer noopener\">Top 5.7 &#8211; Einzelabschluss 2021\/22<\/a><\/li>\n\n\n\n<li><a href=\"https:\/\/www.nordzucker.com\/de\/wp-content\/uploads\/sites\/2\/2025\/05\/NZAG_TOP-5.7_Einzelabschluss-2022_2023.pdf\" target=\"_blank\" rel=\"noreferrer noopener\">Top 5.7 &#8211; Einzelabschluss 2022\/23 <\/a><\/li>\n\n\n\n<li><a href=\"https:\/\/www.nordzucker.com\/de\/wp-content\/uploads\/sites\/2\/2025\/05\/NZAG_TOP-5.7_Einzelabschluss-2023_2024.pdf\" target=\"_blank\" rel=\"noreferrer noopener\">Top 5.7 &#8211; Einzelabschluss 2023\/24 <\/a><\/li>\n\n\n\n<li><a href=\"https:\/\/www.nordzucker.com\/de\/wp-content\/uploads\/sites\/2\/2025\/05\/NZAG_TOP-5.7_Gemeinsamer-Bericht-Gewinnabfuehrungsvertrag-NZAG_Captive.pdf\" target=\"_blank\" rel=\"noreferrer noopener\">Top 5.7 &#8211; Gemeinsamer Bericht Beherrschungs- und Gewinnabf\u00fchrungsvertrag Nordzucker AG-Captive GmbH <\/a><\/li>\n<\/ul>\n\n\t\t\t<\/div>\n\t\t<\/section>\n\t<\/amp-accordion>\n<\/div>\n\n<div>\n\t<amp-accordion\n\t\tid=\"accordion_69e3099357b1b\"\n\t\ton=\"expand:AMP.setState({ 'accordion_69e3099357b1b': true });collapse:AMP.setState({ 'accordion_69e3099357b1b': false })\"\n\t\tdisable-session-states\n\t>\n\t\t<section>\n\t\t\t<h3 class=\"border-none outline-0 bg-primary-lighten-4 p-4 pl-16 my-2 font-bold text-lg relative\">\n\t\t\t\tInformationen zum Datenschutz der Aktion\u00e4re \t\t\t\t<div class=\"inline-block absolute left-0 ml-4 top-0 mt-4\">\n\t\t\t\t\t<div class=\"block\" [class]=\"!accordion_69e3099357b1b ? 'block' : 'hidden'\">\n\t\t\t\t\t\t\t<span class=\"icon icon--size-2\" style=\"background: url(https:\/\/www.nordzucker.com\/de\/wp-content\/themes\/app\/public\/icons\/arrow-down-solid-dark.svg?ver=125) center no-repeat;\"><\/span>\n\t\t\t\t\t\t<\/div>\n\t\t\t\t\t<div class=\"hidden\" [class]=\"accordion_69e3099357b1b ? 'block' : 'hidden'\">\n\t\t\t\t\t\t\t<span class=\"icon icon--size-2\" style=\"background: url(https:\/\/www.nordzucker.com\/de\/wp-content\/themes\/app\/public\/icons\/arrow-up-solid-dark.svg?ver=125) center no-repeat;\"><\/span>\n\t\t\t\t\t\t<\/div>\n\t\t\t\t<\/div>\n\t\t\t<\/h3>\n\t\t\t<div class=\"content pl-8 py-2\">\n\t\t\t\t\n\n<p>Die Gesellschaften verarbeiten im Rahmen der Durchf\u00fchrung der Hauptversammlung folgende Kategorien personenbezogener Daten jeweils nur f\u00fcr eigene Aktion\u00e4re und ihre Aktion\u00e4rsvertreter und G\u00e4ste: Kontaktdaten (z.&nbsp;B. Name oder die E-Mail-Adresse), Informationen \u00fcber die von jedem einzelnen Aktion\u00e4r gehaltenen Aktien (z.&nbsp;B. Anzahl der Aktien) und Verwaltungsdaten (z.&nbsp;B. die Nummer der Stimmrechtskarte sowie die Zugangsdaten zum passwortgesch\u00fctzten HV-Portal), ggf. Name, Vorname und Anschrift des vom jeweiligen Aktion\u00e4r bevollm\u00e4chtigten Aktion\u00e4rsvertreters, die Vollmachtserteilung an ihn. Die Verarbeitung von personenbezogenen Daten im Rahmen der Hauptversammlung basiert auf Art.&nbsp;6 Abs.&nbsp;1 lit.&nbsp;c Datenschutzgrundverordnung (DSGVO). Danach ist eine Verarbeitung personenbezogener Daten rechtm\u00e4\u00dfig, wenn die Verarbeitung zur Erf\u00fcllung einer rechtlichen Verpflichtung erforderlich ist. Die Nordzucker Holding AG und Nordzucker AG sind jeweils rechtlich verpflichtet, eine Hauptversammlung durchzuf\u00fchren. Um dieser Pflicht nachzugehen, ist die Verarbeitung der oben genannten Kategorien personenbezogener Daten unerl\u00e4sslich. Ohne Angabe von personenbezogenen Daten k\u00f6nnen Aktion\u00e4re sich nicht zur Hauptversammlung anmelden.<\/p>\n\n\n\n<p>F\u00fcr die Datenverarbeitung betreffend die Aktion\u00e4re und Ihrer Bevollm\u00e4chtigten ist die Nordzucker Holding AG verantwortlich. Die Kontaktdaten des Verantwortlichen lauten:<\/p>\n\n\n\n<p>Nordzucker Holding AG<br>Datenschutzbeauftragter<br>K\u00fcchenstra\u00dfe 9<br>38100 Braunschweig<br><br>F\u00fcr die Datenverarbeitung betreffend die Aktion\u00e4re und Ihrer Bevollm\u00e4chtigten ist die Nordzucker AG verantwortlich. Die Kontaktdaten des Verantwortlichen lauten:<\/p>\n\n\n\n<p>Nordzucker AG<br>Datenschutzbeauftragter<br>K\u00fcchenstra\u00dfe 9<br>38100 Braunschweig<br>E-Mail: <a href=\"mailto:datenschutz@nordzucker.de\">datenschutz@nordzucker.de<\/a><\/p>\n\n\n\n<p>Personenbezogene Daten, die Aktion\u00e4re der jeweiligen Gesellschaft betreffen, werden grunds\u00e4tzlich nicht an Dritte weitergegeben. Ausnahmsweise erhalten auch Dritte Zugang zu diesen Daten, sofern diese von der jeweiligen Gesellschaft zur Erbringung von Dienstleistungen im Rahmen der Durchf\u00fchrung der Hauptversammlung beauftragt wurden. Hierbei handelt es sich um typische Dienstleister, wie etwa HV-Dienstleister, Rechtsanw\u00e4lte oder Wirtschaftspr\u00fcfer. Die Dienstleister erhalten personenbezogene Daten nur in dem Umfang, der f\u00fcr die Erbringung der Dienstleistung notwendig ist. Die Gesellschaft ist zudem unter bestimmten Umst\u00e4nden gesetzlich verpflichtet, personenbezogene Daten weiteren Empf\u00e4ngern, z. B. Beh\u00f6rden oder Gerichten zu \u00fcbermitteln.<\/p>\n\n\n\n<p>Im Rahmen des gesetzlich vorgeschriebenen Einsichtsrechts in das Teilnehmerverzeichnis der Hauptversammlung k\u00f6nnen andere Teilnehmer und Aktion\u00e4re Einblick in die in dem Teilnehmerverzeichnis \u00fcber sie erfassten Daten erlangen. Auch im Rahmen von bekanntmachungspflichtigen Tagesordnungserg\u00e4nzungsverlangen, Gegenantr\u00e4gen bzw. Wahlvorschl\u00e4gen werden, wenn diese Antr\u00e4ge von Aktion\u00e4ren oder Aktion\u00e4rsvertretern gestellt werden, ihre personenbezogenen Daten ver\u00f6ffentlicht.<\/p>\n\n\n\n<p><a>Die oben genannten Daten werden drei Jahre nach Beendigung der Hauptversammlung aufbewahrt und dann gel\u00f6scht, es sei denn, die weitere Verarbeitung der Daten ist im Einzelfall noch zur Bearbeitung von Antr\u00e4gen, Entscheidungen oder rechtlichen Verfahren in Bezug auf die Hauptversammlung erforderlich.<\/a><\/p>\n\n\n\n<p>Im Zusammenhang mit der Nutzung des HV-Portals werden zus\u00e4tzliche personenbezogene Daten in sogenannten \u201eLogfiles\u201c verarbeitet, um die Nutzung des HV-Portals technisch zu erm\u00f6glichen und deren Administration zu vereinfachen. Dies betrifft z.B. Ihre IP-Adresse, den von Ihnen verwendeten Webbrowser sowie Datum und Uhrzeit des Aufrufs. Diese Daten werden nach der Durchf\u00fchrung der Hauptversammlung gel\u00f6scht. Die Gesellschaft verwendet diese Daten zu keinen anderen Zwecken als hier angegeben.<\/p>\n\n\n\n<p>Aktion\u00e4re und Aktion\u00e4rsvertreter haben das Recht, \u00fcber die personenbezogenen Daten, die \u00fcber sie gespeichert wurden, auf Antrag unentgeltlich Auskunft zu erhalten. Zus\u00e4tzlich haben sie das Recht, die Berichtigung sie selbst betreffender unrichtiger Daten und die Einschr\u00e4nkung der Verarbeitung von zu umfangreich verarbeiteten Daten zu verlangen sowie ein Recht auf L\u00f6schung von unrechtm\u00e4\u00dfig verarbeiteten bzw. zu lange gespeicherten personenbezogenen Daten (soweit dem keine gesetzliche Aufbewahrungspflicht und keine sonstigen Gr\u00fcnde nach Art.&nbsp;17 Abs.&nbsp;3&nbsp;DSGVO entgegenstehen). Dar\u00fcber hinaus haben Aktion\u00e4re und Aktion\u00e4rsvertreter das Recht auf \u00dcbertragung s\u00e4mtlicher von Ihnen an uns \u00fcbergebenen Daten in einem g\u00e4ngigen Dateiformat (Recht auf \u201eDatenportabilit\u00e4t\u201c). Diese Rechte k\u00f6nnen die Aktion\u00e4re der beiden Gesellschaft gegen\u00fcber der jeweiligen Gesellschaft unentgeltlich \u00fcber die folgenden Kontaktdaten geltend machen:<\/p>\n\n\n\n<p>Nordzucker Holding AG<br>Datenschutzbeauftragter<br>K\u00fcchenstra\u00dfe 9<br>38100 Braunschweig<br>E-Mail: <a href=\"mailto:datenschutz@nordzucker.de\">datenschutz@nordzucker.de<\/a><\/p>\n\n\n\n<p>Dar\u00fcber hinaus haben Sie auch das Recht zur Beschwerde bei einer Datenschutzaufsichtsbeh\u00f6rde.<\/p>\n\n\n\n<p>Den Datenschutzbeauftragten der Nordzucker Holding AG erreichen Aktion\u00e4re und Aktion\u00e4rsvertreter unter folgender Adresse:<\/p>\n\n\n\n<p>Nordzucker Holding AG<br>Datenschutzbeauftragter<br>K\u00fcchenstra\u00dfe 9<br>38100 Braunschweig<br>E-Mail: <a href=\"mailto:datenschutz@nordzucker.de\">datenschutz@nordzucker.de<\/a><\/p>\n\n\n\n<p>Den Datenschutzbeauftragten der Nordzucker AG erreichen Aktion\u00e4re und Aktion\u00e4rsvertreter unter folgender Adresse:<\/p>\n\n\n\n<p>Nordzucker AG<br>Datenschutzbeauftragter<br>K\u00fcchenstra\u00dfe 9<br>38100 Braunschweig<br>E-Mail: <a href=\"mailto:datenschutz@nordzucker.de\">datenschutz@nordzucker.de<\/a><\/p>\n\n\n\n<p>Weitere Informationen zum Datenschutz sind auf der Internetseite <strong><a href=\"https:\/\/www.nordzucker.com\/de\/datenschutz\/\">https:\/\/www.nordzucker.com\/de\/datenschutz\/<\/a><\/strong> zu finden.<\/p>\n\n\t\t\t<\/div>\n\t\t<\/section>\n\t<\/amp-accordion>\n<\/div>\n\n<div class=\"py-6\"><\/div>\n\n<figure>\n\t\t\t<img decoding=\"async\" src=\"https:\/\/www.nordzucker.com\/de\/wp-content\/uploads\/sites\/2\/2021\/03\/1635-nordzucker-holding-08.jpg\" class=\"max-w-full\" \/>\n\t\t<\/figure>\n\n\n<h2 class=\"wp-block-heading\">Nordzucker Holding AG: Zugangs\u00adgesch\u00fctzter Bereich des Haupt\u00adversamm\u00adlungs\u00adportals<\/h2>\n\n\n\n<div class=\"py-4 text-xl leading-8\">\n\tIn diesem Bereich finden die Aktion\u00e4re der Nordzucker Holding AG die M\u00f6glichkeit zur Anmeldung der Teilnahme, zur Briefwahl, zur Erteilung von Vollmachten an den Stimmrechtsvertreter der Gesellschaft sowie ein Vollmachtsformular zum Download. Die Zugangsdaten werden Ihnen jeweils mit der Stimmkarte \u00fcbersandt. Sollten Sie ebenso Aktion\u00e4r der Nordzucker AG sein, beachten Sie bitte, sich auch f\u00fcr diese Gesellschaft anzumelden, sofern Sie an der Hauptversammlung teilnehmen m\u00f6chten.<\/div>\n\n<div class=\"bg-primary-lighten-4 px-16 py-10\">\n\t\t\t<h3 class=\"text-2xl mb-4 font-alt font-semibold\">\n\t\t\tHauptversammlungs&shy;portal der Nordzucker Holding AG\t\t<\/h3>\n\t\t    <div class=\"content py-2\">\n\t\t\n\n<p>Hier gelangen Sie zum Hauptversammlungsportal der <strong><a href=\"https:\/\/p0203.meeting-apps.de\/meetingportal\/NO01\/portal.xhtml?mandant=303\" target=\"_blank\" rel=\"noreferrer noopener\">Nordzucker Holding AG<\/a><\/strong>.<\/p>\n\n\t<\/div>\n\t\t\t<div class=\"mt-4\">\n\t\t\t\t\t<a href=\"https:\/\/p0203.meeting-apps.de\/meetingportal\/NO01\/portal.xhtml?mandant=303\"  target=\"_blank\" class=\"button h5 inline-block font-bold uppercase py-2 px-6 leading-6 rounded-full border border-[3px] border-primary \">\n\t\t\t<span class=\"inline-block text-primary\">Zum Portal<\/span>\n\t\t<\/a>\n\t\t<\/div>\n\t\t\n<\/div>\n\n<div class=\"py-6\"><\/div>\n\n<figure>\n\t\t\t<img decoding=\"async\" src=\"https:\/\/www.nordzucker.com\/de\/wp-content\/uploads\/sites\/2\/2021\/05\/nordzucker-ag-hauptversammlungen-produktion.jpg\" class=\"max-w-full\" \/>\n\t\t<\/figure>\n\n\n<h2 class=\"wp-block-heading\">Nordzucker AG: Zugangs\u00adgesch\u00fctzter Bereich des Haupt\u00adversammlungs\u00adportals<\/h2>\n\n\n\n<div class=\"py-4 text-xl leading-8\">\n\tIn diesem Bereich finden die Aktion\u00e4re der Nordzucker Holding AG die M\u00f6glichkeit zur Anmeldung der Teilnahme, zur Briefwahl, zur Erteilung von Vollmachten an den Stimmrechtsvertreter der Gesellschaft sowie ein Vollmachtsformular zum Download. Die Zugangsdaten werden Ihnen jeweils mit der Stimmkarte \u00fcbersandt. Sollten Sie ebenso Aktion\u00e4r der Nordzucker Holding AG sein, beachten Sie bitte, sich auch f\u00fcr diese Gesellschaft anzumelden, sofern Sie an der Hauptversammlung teilnehmen m\u00f6chten.<\/div>\n\n<div class=\"bg-primary-lighten-4 px-16 py-10\">\n\t\t\t<h3 class=\"text-2xl mb-4 font-alt font-semibold\">\n\t\t\tHauptversamm&shy;lungs&shy;portal der Nordzucker AG\t\t<\/h3>\n\t\t    <div class=\"content py-2\">\n\t\t\n\n<p>Hier gelangen Sie zum Hauptversammlungsportal der <strong><a href=\"https:\/\/p0203.meeting-apps.de\/meetingportal\/NO01\/portal.xhtml?mandant=302\" target=\"_blank\" rel=\"noreferrer noopener\">Nordzucker AG<\/a><\/strong>.<\/p>\n\n\t<\/div>\n\t\t\t<div class=\"mt-4\">\n\t\t\t\t\t<a href=\"https:\/\/p0203.meeting-apps.de\/meetingportal\/NO01\/portal.xhtml?mandant=302\"  target=\"_blank\" class=\"button h5 inline-block font-bold uppercase py-2 px-6 leading-6 rounded-full border border-[3px] border-primary \">\n\t\t\t<span class=\"inline-block text-primary\">Zum Portal<\/span>\n\t\t<\/a>\n\t\t<\/div>\n\t\t\n<\/div>","protected":false},"excerpt":{"rendered":"<p>Informationen zur Hauptversammlung der Nordzucker AG und der Nordzucker Holding AG<\/p>\n","protected":false},"author":1,"featured_media":4225,"parent":0,"menu_order":-1,"comment_status":"closed","ping_status":"closed","template":"","meta":{"footnotes":""},"page_category":[273],"acf":[],"_links":{"self":[{"href":"https:\/\/www.nordzucker.com\/de\/wp-json\/wp\/v2\/pages\/4188"}],"collection":[{"href":"https:\/\/www.nordzucker.com\/de\/wp-json\/wp\/v2\/pages"}],"about":[{"href":"https:\/\/www.nordzucker.com\/de\/wp-json\/wp\/v2\/types\/page"}],"author":[{"embeddable":true,"href":"https:\/\/www.nordzucker.com\/de\/wp-json\/wp\/v2\/users\/1"}],"replies":[{"embeddable":true,"href":"https:\/\/www.nordzucker.com\/de\/wp-json\/wp\/v2\/comments?post=4188"}],"version-history":[{"count":294,"href":"https:\/\/www.nordzucker.com\/de\/wp-json\/wp\/v2\/pages\/4188\/revisions"}],"predecessor-version":[{"id":12393,"href":"https:\/\/www.nordzucker.com\/de\/wp-json\/wp\/v2\/pages\/4188\/revisions\/12393"}],"wp:featuredmedia":[{"embeddable":true,"href":"https:\/\/www.nordzucker.com\/de\/wp-json\/wp\/v2\/media\/4225"}],"wp:attachment":[{"href":"https:\/\/www.nordzucker.com\/de\/wp-json\/wp\/v2\/media?parent=4188"}],"wp:term":[{"taxonomy":"page_category","embeddable":true,"href":"https:\/\/www.nordzucker.com\/de\/wp-json\/wp\/v2\/page_category?post=4188"}],"curies":[{"name":"wp","href":"https:\/\/api.w.org\/{rel}","templated":true}]}}