{"id":402,"date":"2020-07-09T21:55:56","date_gmt":"2020-07-09T21:55:56","guid":{"rendered":"https:\/\/www.nordzucker.com\/de\/?page_id=402"},"modified":"2025-06-20T10:59:57","modified_gmt":"2025-06-20T08:59:57","slug":"union-zucker-suedhannover-gmbh","status":"publish","type":"page","link":"https:\/\/www.nordzucker.com\/de\/the-sugar-company\/governance\/aktionaere\/union-zucker-suedhannover-gmbh\/","title":{"rendered":"Union-Zucker S\u00fcdhannover GmbH"},"content":{"rendered":"\n<h2 class=\"wp-block-heading\">Informationen f\u00fcr die Gesellschafter<\/h2>\n\n\n\n<div class=\"py-4 text-xl leading-8\">\n\tDie Union-Zucker S\u00fcdhannover GmbH h\u00e4lt 11,1 Prozent der Aktien an der Nordzucker AG. Einmal im Jahr f\u00fchrt sie eine ordentliche Gesellschafterversammlung durch. Alle wichtigen Dokumente und Links rund um die Union-Zucker S\u00fcdhannover GmbH finden Sie in diesem Bereich.<\/div>\n\n<div class=\"bg-primary-lighten-4 px-16 py-10\">\n\t\t\t<h3 class=\"text-2xl mb-4 font-alt font-semibold\">\n\t\t\tDokumente zur Gesellschafterversammlung\t\t<\/h3>\n\t\t    <div class=\"content py-2\">\n\t\t\n\n<p>Dokumente zur Gesellschafterversammlung finden Sie im Downloadbereich.<\/p>\n\n\t<\/div>\n\t\t\t<div class=\"mt-4\">\n\t\t\t\t\t<a href=\"https:\/\/www.nordzucker.com\/de\/download-kategorien\/2025-union-zucker-suedhannover-gmbh\/\"  target=\"\" class=\"button h5 inline-block font-bold uppercase py-2 px-6 leading-6 rounded-full border border-[3px] border-primary \">\n\t\t\t<span class=\"inline-block text-primary\">Zum Downloadbereich<\/span>\n\t\t<\/a>\n\t\t<\/div>\n\t\t\n<\/div>\n\n\n<p><\/p>\n","protected":false},"excerpt":{"rendered":"<p>Informationen f\u00fcr die Gesellschafter<\/p>\n","protected":false},"author":1,"featured_media":1319,"parent":327,"menu_order":-1,"comment_status":"closed","ping_status":"closed","template":"","meta":{"footnotes":""},"page_category":[],"acf":[],"_links":{"self":[{"href":"https:\/\/www.nordzucker.com\/de\/wp-json\/wp\/v2\/pages\/402"}],"collection":[{"href":"https:\/\/www.nordzucker.com\/de\/wp-json\/wp\/v2\/pages"}],"about":[{"href":"https:\/\/www.nordzucker.com\/de\/wp-json\/wp\/v2\/types\/page"}],"author":[{"embeddable":true,"href":"https:\/\/www.nordzucker.com\/de\/wp-json\/wp\/v2\/users\/1"}],"replies":[{"embeddable":true,"href":"https:\/\/www.nordzucker.com\/de\/wp-json\/wp\/v2\/comments?post=402"}],"version-history":[{"count":19,"href":"https:\/\/www.nordzucker.com\/de\/wp-json\/wp\/v2\/pages\/402\/revisions"}],"predecessor-version":[{"id":11448,"href":"https:\/\/www.nordzucker.com\/de\/wp-json\/wp\/v2\/pages\/402\/revisions\/11448"}],"up":[{"embeddable":true,"href":"https:\/\/www.nordzucker.com\/de\/wp-json\/wp\/v2\/pages\/327"}],"wp:featuredmedia":[{"embeddable":true,"href":"https:\/\/www.nordzucker.com\/de\/wp-json\/wp\/v2\/media\/1319"}],"wp:attachment":[{"href":"https:\/\/www.nordzucker.com\/de\/wp-json\/wp\/v2\/media?parent=402"}],"wp:term":[{"taxonomy":"page_category","embeddable":true,"href":"https:\/\/www.nordzucker.com\/de\/wp-json\/wp\/v2\/page_category?post=402"}],"curies":[{"name":"wp","href":"https:\/\/api.w.org\/{rel}","templated":true}]}}