{"id":40,"date":"2022-03-01T00:05:48","date_gmt":"2022-02-28T23:05:48","guid":{"rendered":"https:\/\/www.nordzucker.com\/de\/?page_id=40"},"modified":"2026-01-15T10:09:34","modified_gmt":"2026-01-15T09:09:34","slug":"impressum","status":"publish","type":"page","link":"https:\/\/www.nordzucker.com\/de\/impressum\/","title":{"rendered":"Impressum"},"content":{"rendered":"\n<h2 class=\"wp-block-heading\">Impressum<\/h2>\n\n\n\n<h4 class=\"wp-block-heading\">Herausgeber<\/h4>\n\n\n\n<p>Nordzucker AG<br>K\u00fcchenstra\u00dfe 9<br>38100 Braunschweig<\/p>\n\n\n\n<p>Telefon +49 531-2411-0<br><br><a href=\"mailto:info@nordzucker.com\" data-type=\"mailto\" data-id=\"mailto:info@nordzucker.com\" target=\"_blank\" rel=\"noreferrer noopener\">info@nordzucker.com<\/a><\/p>\n\n\n\n<p>Handelsregister: Amtsgericht Braunschweig, HRB 2936<br>Sitz der Gesellschaft: Braunschweig<br>Umsatzsteuer-Identifikationsnummer: DE 114883609<\/p>\n\n\n\n<h4 class=\"wp-block-heading\">Aufsichtsratsvorsitzender<\/h4>\n\n\n\n<p>Jochen Johannes Juister<\/p>\n\n\n\n<h4 class=\"wp-block-heading\">Vorstand<\/h4>\n\n\n\n<p>Dr. Lars Gorissen (Vorsitzender)<br>Alexander Bott<br>Alexander Godow<\/p>\n\n\n\n<h4 class=\"wp-block-heading\">Verantwortlicher i.S.d. \u00a718 Abs. 2 MStV<\/h4>\n\n\n\n<p>Nicole Dinter<br>Head of Communications &amp; Public Affairs<br>K\u00fcchenstra\u00dfe 9<br>38100 Braunschweig<br><\/p>\n\n\n\n<p>Alle im World-Wide-Web-Server befindlichen Angaben erfolgen nach bestem Wissen und beruhen auf Informationen aus Quellen, die zum Zeitpunkt der Ver\u00f6ffentlichung f\u00fcr aktuell und korrekt gehalten werden. Eine Gew\u00e4hr f\u00fcr die Richtigkeit und Vollst\u00e4ndigkeit der Angaben kann jedoch nicht \u00fcbernommen werden.&nbsp;<\/p>\n\n\n\n<p>Wir sind nicht bereit und nicht verpflichtet an einem Streitbeilegungsverfahren vor einer Verbraucherschlichtungsstelle teilzunehmen.<\/p>\n\n\n\n<p><a href=\"https:\/\/www.nordzucker.com\/de\/datenschutz\/\">Hier finden sie die Datenschutzerkl\u00e4rung der Nordzucker AG<\/a><\/p>\n","protected":false},"excerpt":{"rendered":"<p>Impressum Herausgeber Nordzucker AGK\u00fcchenstra\u00dfe 938100 Braunschweig Telefon +49 531-2411-0 info@nordzucker.com Handelsregister: Amtsgericht Braunschweig, HRB 2936Sitz der Gesellschaft: BraunschweigUmsatzsteuer-Identifikationsnummer: DE 114883609 Aufsichtsratsvorsitzender Jochen Johannes Juister Vorstand [&hellip;]<\/p>\n","protected":false},"author":6,"featured_media":3868,"parent":0,"menu_order":0,"comment_status":"closed","ping_status":"closed","template":"","meta":{"footnotes":""},"page_category":[273],"acf":[],"_links":{"self":[{"href":"https:\/\/www.nordzucker.com\/de\/wp-json\/wp\/v2\/pages\/40"}],"collection":[{"href":"https:\/\/www.nordzucker.com\/de\/wp-json\/wp\/v2\/pages"}],"about":[{"href":"https:\/\/www.nordzucker.com\/de\/wp-json\/wp\/v2\/types\/page"}],"author":[{"embeddable":true,"href":"https:\/\/www.nordzucker.com\/de\/wp-json\/wp\/v2\/users\/6"}],"replies":[{"embeddable":true,"href":"https:\/\/www.nordzucker.com\/de\/wp-json\/wp\/v2\/comments?post=40"}],"version-history":[{"count":25,"href":"https:\/\/www.nordzucker.com\/de\/wp-json\/wp\/v2\/pages\/40\/revisions"}],"predecessor-version":[{"id":11985,"href":"https:\/\/www.nordzucker.com\/de\/wp-json\/wp\/v2\/pages\/40\/revisions\/11985"}],"wp:featuredmedia":[{"embeddable":true,"href":"https:\/\/www.nordzucker.com\/de\/wp-json\/wp\/v2\/media\/3868"}],"wp:attachment":[{"href":"https:\/\/www.nordzucker.com\/de\/wp-json\/wp\/v2\/media?parent=40"}],"wp:term":[{"taxonomy":"page_category","embeddable":true,"href":"https:\/\/www.nordzucker.com\/de\/wp-json\/wp\/v2\/page_category?post=40"}],"curies":[{"name":"wp","href":"https:\/\/api.w.org\/{rel}","templated":true}]}}