{"id":3906,"date":"2024-07-08T09:47:27","date_gmt":"2024-07-08T07:47:27","guid":{"rendered":"https:\/\/www.nordzucker.com\/de\/?page_id=3906"},"modified":"2026-03-02T16:35:21","modified_gmt":"2026-03-02T15:35:21","slug":"nordzucker-holding","status":"publish","type":"page","link":"https:\/\/www.nordzucker.com\/de\/the-sugar-company\/governance\/aktionaere\/nordzucker-holding\/","title":{"rendered":"Nordzucker Holding AG"},"content":{"rendered":"\n<h2 class=\"wp-block-heading\">Gr\u00f6\u00dfter Anteilseigner der Nordzucker AG: Die Nordzucker Holding AG<\/h2>\n\n\n\n<div class=\"py-4 text-xl leading-8\">\n\tDie Nordzucker Holding AG ist die Muttergesellschaft der Nordzucker AG. Sie h\u00e4lt 83,8 Prozent der Anteile an der Nordzucker AG, die das operative Gesch\u00e4ft betreibt. Unsere T\u00e4tigkeiten konzentrieren sich auf die Verwaltung der Beteiligung, der Aktien und der R\u00fcbenlieferanspr\u00fcche. Die B\u00fcndelung und Vertretung der Interessen der b\u00e4uerlichen Aktion\u00e4re und Aktion\u00e4rinnen, insbesondere auf der Hauptversammlung der Nordzucker AG, ist Hauptzweck der Nordzucker Holding AG.<\/div>\n\n<div class=\"bg-primary-lighten-4 px-16 py-10\">\n\t\t\t<h3 class=\"text-2xl mb-4 font-alt font-semibold\">\n\t\t\tDie Hauptversammlung &#8211; Das Forum f\u00fcr unsere Aktion\u00e4re\t\t<\/h3>\n\t\t    <div class=\"content py-2\">\n\t\t\n\n<p>Die Nordzucker Holding AG f\u00fchrt j\u00e4hrlich eine Hauptversammlung durch. Alle wichtigen Dokumente rund um die diesj\u00e4hrige Hauptversammlung der Nordzucker Holding AG finden Sie im Downloadcenter unter folgendem Link:<\/p>\n\n\t<\/div>\n\t\t\t<div class=\"mt-4\">\n\t\t\t\t\t<a href=\"https:\/\/www.nordzucker.com\/de\/download-kategorien\/2025\"  target=\"_blank\" class=\"button h5 inline-block font-bold uppercase py-2 px-6 leading-6 rounded-full border border-[3px] border-primary \">\n\t\t\t<span class=\"inline-block text-primary\">Zum Downloadcenter<\/span>\n\t\t<\/a>\n\t\t<\/div>\n\t\t\n<\/div>\n\n<div class=\"py-6\"><\/div>\n\n<figure>\n\t\t\t<img decoding=\"async\" src=\"https:\/\/www.nordzucker.com\/de\/wp-content\/uploads\/sites\/2\/2021\/03\/1635-nordzucker-holding-11.jpg\" class=\"max-w-full\" \/>\n\t\t<\/figure>\n\n\n<h3 class=\"wp-block-heading\">Aktuelles<\/h3>\n\n\n\n<p><strong>Hauptversammlung<\/strong> &#8211; Am 10. Juli 2025 fand die Hauptversammlung der Nordzucker Holding AG gemeinsam mit der Nordzucker AG statt. Im <a href=\"https:\/\/www.nordzucker.com\/de\/download-kategorien\/nordzucker-holding-ag\/\" target=\"_blank\" rel=\"noreferrer noopener\">Do<\/a><a href=\"https:\/\/www.nordzucker.com\/de\/download-kategorien\/2025\/\" target=\"_blank\" rel=\"noreferrer noopener\">wnloadbereich<\/a><a href=\"https:\/\/www.nordzucker.com\/de\/download-kategorien\/nordzucker-holding-ag\/\" target=\"_blank\" rel=\"noreferrer noopener\">&nbsp;<\/a>finden Sie Dokumente zur Hauptversammlung als Download.<\/p>\n\n\n\n<p><strong>Gesch\u00e4ftsbericht 2024\/25<\/strong> &#8211; Der Gesch\u00e4ftsbericht der Nordzucker Holding AG steht Ihnen im <a href=\"https:\/\/www.nordzucker.com\/de\/download-kategorien\/nordzucker-holding-ag-geschaeftsbericht\/\">Downloadbereich<\/a>&nbsp;zur Verf\u00fcgung.<\/p>\n\n\n<div class=\"py-6\"><\/div>\n\n<figure>\n\t\t\t<img decoding=\"async\" src=\"https:\/\/www.nordzucker.com\/de\/wp-content\/uploads\/sites\/2\/2021\/03\/1635-nordzucker-holding-08.jpg\" class=\"max-w-full\" \/>\n\t\t<\/figure>\n\n\n<h3 class=\"wp-block-heading\">Vorstand der Nordzucker Holding AG<\/h3>\n\n\n\n<p><em>&#8220;Als Vorstand ist es insoweit unsere Aufgabe und unser erkl\u00e4rtes Ziel, gemeinsam mit der Nordzucker AG, den Zuckerr\u00fcbenanbauerverb\u00e4nden und Ihnen, unseren r\u00fcbenanbauenden Aktion\u00e4ren und Aktion\u00e4rinnen, in den Dialog zu treten, um insbesondere den R\u00fcbenanbau in Norddeutschland zukunftssicher, attraktiv und weiterhin profitabel zu gestalten.&#8221;<\/em> &#8211; <em>Jochen Johannes Juister<\/em><\/p>\n\n\n<div>\n\t<amp-accordion\n\t\tid=\"accordion_69e557c2b01ac\"\n\t\ton=\"expand:AMP.setState({ 'accordion_69e557c2b01ac': true });collapse:AMP.setState({ 'accordion_69e557c2b01ac': false })\"\n\t\tdisable-session-states\n\t>\n\t\t<section>\n\t\t\t<h3 class=\"border-none outline-0 bg-primary-lighten-4 p-4 pl-16 my-2 font-bold text-lg relative\">\n\t\t\t\tJochen Johannes Juister, Vorstandsvorsitzender\t\t\t\t<div class=\"inline-block absolute left-0 ml-4 top-0 mt-4\">\n\t\t\t\t\t<div class=\"block\" [class]=\"!accordion_69e557c2b01ac ? 'block' : 'hidden'\">\n\t\t\t\t\t\t\t<span class=\"icon icon--size-2\" style=\"background: url(https:\/\/www.nordzucker.com\/de\/wp-content\/themes\/app\/public\/icons\/arrow-down-solid-dark.svg?ver=125) center no-repeat;\"><\/span>\n\t\t\t\t\t\t<\/div>\n\t\t\t\t\t<div class=\"hidden\" [class]=\"accordion_69e557c2b01ac ? 'block' : 'hidden'\">\n\t\t\t\t\t\t\t<span class=\"icon icon--size-2\" style=\"background: url(https:\/\/www.nordzucker.com\/de\/wp-content\/themes\/app\/public\/icons\/arrow-up-solid-dark.svg?ver=125) center no-repeat;\"><\/span>\n\t\t\t\t\t\t<\/div>\n\t\t\t\t<\/div>\n\t\t\t<\/h3>\n\t\t\t<div class=\"content pl-8 py-2\">\n\t\t\t\t\n<figure>\n\t\t\t<img decoding=\"async\" src=\"https:\/\/www.nordzucker.com\/de\/wp-content\/uploads\/sites\/2\/2025\/07\/nordzucker_vorstand_nordzucker-holding-ag_jochen-johannes-juister.webp\" class=\"max-w-full\" \/>\n\t\t<\/figure>\n\n\n<p>Landwirt aus Nordhastedt, Jahrgang 1961, seit 2012 Vorstandsmitglied, seit 2007 Mitglied des Aufsichtsrats der Nordzucker AG, seit 2018 Vorsitzender des Aufsichtsrats der Nordzucker AG<\/p>\n\n\t\t\t<\/div>\n\t\t<\/section>\n\t<\/amp-accordion>\n<\/div>\n\n<div>\n\t<amp-accordion\n\t\tid=\"accordion_69e557c2b0a12\"\n\t\ton=\"expand:AMP.setState({ 'accordion_69e557c2b0a12': true });collapse:AMP.setState({ 'accordion_69e557c2b0a12': false })\"\n\t\tdisable-session-states\n\t>\n\t\t<section>\n\t\t\t<h3 class=\"border-none outline-0 bg-primary-lighten-4 p-4 pl-16 my-2 font-bold text-lg relative\">\n\t\t\t\tBernd Schliephacke, stellvertretender Vorstandsvorsitzender\t\t\t\t<div class=\"inline-block absolute left-0 ml-4 top-0 mt-4\">\n\t\t\t\t\t<div class=\"block\" [class]=\"!accordion_69e557c2b0a12 ? 'block' : 'hidden'\">\n\t\t\t\t\t\t\t<span class=\"icon icon--size-2\" style=\"background: url(https:\/\/www.nordzucker.com\/de\/wp-content\/themes\/app\/public\/icons\/arrow-down-solid-dark.svg?ver=125) center no-repeat;\"><\/span>\n\t\t\t\t\t\t<\/div>\n\t\t\t\t\t<div class=\"hidden\" [class]=\"accordion_69e557c2b0a12 ? 'block' : 'hidden'\">\n\t\t\t\t\t\t\t<span class=\"icon icon--size-2\" style=\"background: url(https:\/\/www.nordzucker.com\/de\/wp-content\/themes\/app\/public\/icons\/arrow-up-solid-dark.svg?ver=125) center no-repeat;\"><\/span>\n\t\t\t\t\t\t<\/div>\n\t\t\t\t<\/div>\n\t\t\t<\/h3>\n\t\t\t<div class=\"content pl-8 py-2\">\n\t\t\t\t\n<figure>\n\t\t\t<img decoding=\"async\" src=\"https:\/\/www.nordzucker.com\/de\/wp-content\/uploads\/sites\/2\/2025\/07\/nordzucker_vorstand_nordzucker-holding-ag_bernd-schliephacke.webp\" class=\"max-w-full\" \/>\n\t\t<\/figure>\n\n\n<p>Landwirt aus Rohrsheim, Jahrgang 1963, von 2004 bis 2013 Vorstandsmitglied der Nordharzer Zucker AG, seit 2013 Vorstandsmitglied, seit 2018 Mitglied des Aufsichtsrats der Nordzucker AG<\/p>\n\n\t\t\t<\/div>\n\t\t<\/section>\n\t<\/amp-accordion>\n<\/div>\n\n<div>\n\t<amp-accordion\n\t\tid=\"accordion_69e557c2b125d\"\n\t\ton=\"expand:AMP.setState({ 'accordion_69e557c2b125d': true });collapse:AMP.setState({ 'accordion_69e557c2b125d': false })\"\n\t\tdisable-session-states\n\t>\n\t\t<section>\n\t\t\t<h3 class=\"border-none outline-0 bg-primary-lighten-4 p-4 pl-16 my-2 font-bold text-lg relative\">\n\t\t\t\tDr. Christoph Wedde\t\t\t\t<div class=\"inline-block absolute left-0 ml-4 top-0 mt-4\">\n\t\t\t\t\t<div class=\"block\" [class]=\"!accordion_69e557c2b125d ? 'block' : 'hidden'\">\n\t\t\t\t\t\t\t<span class=\"icon icon--size-2\" style=\"background: url(https:\/\/www.nordzucker.com\/de\/wp-content\/themes\/app\/public\/icons\/arrow-down-solid-dark.svg?ver=125) center no-repeat;\"><\/span>\n\t\t\t\t\t\t<\/div>\n\t\t\t\t\t<div class=\"hidden\" [class]=\"accordion_69e557c2b125d ? 'block' : 'hidden'\">\n\t\t\t\t\t\t\t<span class=\"icon icon--size-2\" style=\"background: url(https:\/\/www.nordzucker.com\/de\/wp-content\/themes\/app\/public\/icons\/arrow-up-solid-dark.svg?ver=125) center no-repeat;\"><\/span>\n\t\t\t\t\t\t<\/div>\n\t\t\t\t<\/div>\n\t\t\t<\/h3>\n\t\t\t<div class=\"content pl-8 py-2\">\n\t\t\t\t\n<figure>\n\t\t\t<img decoding=\"async\" src=\"https:\/\/www.nordzucker.com\/de\/wp-content\/uploads\/sites\/2\/2025\/07\/nordzucker_vorstand_nordzucker-holding-ag_dr-christoph-wedde.webp\" class=\"max-w-full\" \/>\n\t\t<\/figure>\n\n\n<p>Landwirt aus Liebenburg, Jahrgang 1984, von 2020 bis 2024 Aufsichtsratsmitglied der Nordzucker Holding AG, seit Juli 2024 Mitglied des Vorstands der Nordzucker Holding AG<\/p>\n\n\t\t\t<\/div>\n\t\t<\/section>\n\t<\/amp-accordion>\n<\/div>\n\n<div>\n\t<amp-accordion\n\t\tid=\"accordion_69e557c2b1aab\"\n\t\ton=\"expand:AMP.setState({ 'accordion_69e557c2b1aab': true });collapse:AMP.setState({ 'accordion_69e557c2b1aab': false })\"\n\t\tdisable-session-states\n\t>\n\t\t<section>\n\t\t\t<h3 class=\"border-none outline-0 bg-primary-lighten-4 p-4 pl-16 my-2 font-bold text-lg relative\">\n\t\t\t\tThomas Seeger\t\t\t\t<div class=\"inline-block absolute left-0 ml-4 top-0 mt-4\">\n\t\t\t\t\t<div class=\"block\" [class]=\"!accordion_69e557c2b1aab ? 'block' : 'hidden'\">\n\t\t\t\t\t\t\t<span class=\"icon icon--size-2\" style=\"background: url(https:\/\/www.nordzucker.com\/de\/wp-content\/themes\/app\/public\/icons\/arrow-down-solid-dark.svg?ver=125) center no-repeat;\"><\/span>\n\t\t\t\t\t\t<\/div>\n\t\t\t\t\t<div class=\"hidden\" [class]=\"accordion_69e557c2b1aab ? 'block' : 'hidden'\">\n\t\t\t\t\t\t\t<span class=\"icon icon--size-2\" style=\"background: url(https:\/\/www.nordzucker.com\/de\/wp-content\/themes\/app\/public\/icons\/arrow-up-solid-dark.svg?ver=125) center no-repeat;\"><\/span>\n\t\t\t\t\t\t<\/div>\n\t\t\t\t<\/div>\n\t\t\t<\/h3>\n\t\t\t<div class=\"content pl-8 py-2\">\n\t\t\t\t\n<figure>\n\t\t\t<img decoding=\"async\" src=\"https:\/\/www.nordzucker.com\/de\/wp-content\/uploads\/sites\/2\/2025\/07\/nordzucker_vorstand_nordzucker-holding-ag_thomas-seeger.webp\" class=\"max-w-full\" \/>\n\t\t<\/figure>\n\n\n<p>Landwirt aus Hundisburg, Jahrgang 1977, seit 2018 Vorstandsmitglied<\/p>\n\n\t\t\t<\/div>\n\t\t<\/section>\n\t<\/amp-accordion>\n<\/div>\n\n<div>\n\t<amp-accordion\n\t\tid=\"accordion_69e557c2b22f6\"\n\t\ton=\"expand:AMP.setState({ 'accordion_69e557c2b22f6': true });collapse:AMP.setState({ 'accordion_69e557c2b22f6': false })\"\n\t\tdisable-session-states\n\t>\n\t\t<section>\n\t\t\t<h3 class=\"border-none outline-0 bg-primary-lighten-4 p-4 pl-16 my-2 font-bold text-lg relative\">\n\t\t\t\tJan-Wilhelm Strampe \t\t\t\t<div class=\"inline-block absolute left-0 ml-4 top-0 mt-4\">\n\t\t\t\t\t<div class=\"block\" [class]=\"!accordion_69e557c2b22f6 ? 'block' : 'hidden'\">\n\t\t\t\t\t\t\t<span class=\"icon icon--size-2\" style=\"background: url(https:\/\/www.nordzucker.com\/de\/wp-content\/themes\/app\/public\/icons\/arrow-down-solid-dark.svg?ver=125) center no-repeat;\"><\/span>\n\t\t\t\t\t\t<\/div>\n\t\t\t\t\t<div class=\"hidden\" [class]=\"accordion_69e557c2b22f6 ? 'block' : 'hidden'\">\n\t\t\t\t\t\t\t<span class=\"icon icon--size-2\" style=\"background: url(https:\/\/www.nordzucker.com\/de\/wp-content\/themes\/app\/public\/icons\/arrow-up-solid-dark.svg?ver=125) center no-repeat;\"><\/span>\n\t\t\t\t\t\t<\/div>\n\t\t\t\t<\/div>\n\t\t\t<\/h3>\n\t\t\t<div class=\"content pl-8 py-2\">\n\t\t\t\t\n<figure>\n\t\t\t<img decoding=\"async\" src=\"https:\/\/www.nordzucker.com\/de\/wp-content\/uploads\/sites\/2\/2025\/07\/nordzucker_vorstand_nordzucker-holding-ag_jan-wilhelm-strampe.webp\" class=\"max-w-full\" \/>\n\t\t<\/figure>\n\n\n<p>Landwirt aus Barum, Jahrgang 1982, von 2021 bis 2025 Aufsichtsratsmitglied der Nordzucker Holding AG, seit Juli 2025&nbsp;Mitglied des Vorstands der Nordzucker Holding AG<\/p>\n\n\t\t\t<\/div>\n\t\t<\/section>\n\t<\/amp-accordion>\n<\/div>\n\n<div class=\"py-6\"><\/div>\n\n<figure>\n\t\t\t<img decoding=\"async\" src=\"https:\/\/www.nordzucker.com\/de\/wp-content\/uploads\/sites\/2\/2021\/03\/1635-nordzucker-holding-09.jpg\" class=\"max-w-full\" \/>\n\t\t<\/figure>\n\n\n<h3 class=\"wp-block-heading\">Aufsichtsrat der Nordzucker Holding AG<\/h3>\n\n\n\n<p><em>&#8220;Die Aufsichtsratsmitglieder setzen sich aus r\u00fcbenanbauenden Aktion\u00e4ren und Aktion\u00e4rinnen mit ganz unterschiedlichen Pers\u00f6nlichkeiten aller Regionen in Norddeutschland zusammen, die sowohl das Gesch\u00e4ft mit der R\u00fcbe in ihren Unternehmen als auch innerhalb der Nordzucker verstehen und kennen. Verbunden mit einer jederzeit offenen Kommunikation nehmen wir die von unseren Aktion\u00e4rinnen und Aktion\u00e4ren&nbsp;gegebene Verantwortung mit den damit verbundenen&nbsp;Aufgaben gegen\u00fcber dem Unternehmen wahr, mit dem Ziel auch zuk\u00fcnftigen Generationen ein langfristig wertvolles Unternehmen zu erhalten und weiterzuentwickeln.&#8221;<\/em> &#8211; <em>Alexander Heidebroek<\/em><\/p>\n\n\n<div>\n\t<amp-accordion\n\t\tid=\"accordion_69e557c2b3201\"\n\t\ton=\"expand:AMP.setState({ 'accordion_69e557c2b3201': true });collapse:AMP.setState({ 'accordion_69e557c2b3201': false })\"\n\t\tdisable-session-states\n\t>\n\t\t<section>\n\t\t\t<h3 class=\"border-none outline-0 bg-primary-lighten-4 p-4 pl-16 my-2 font-bold text-lg relative\">\n\t\t\t\tAufsichtsratsvorsitzender Ulrich Langenhoff \t\t\t\t<div class=\"inline-block absolute left-0 ml-4 top-0 mt-4\">\n\t\t\t\t\t<div class=\"block\" [class]=\"!accordion_69e557c2b3201 ? 'block' : 'hidden'\">\n\t\t\t\t\t\t\t<span class=\"icon icon--size-2\" style=\"background: url(https:\/\/www.nordzucker.com\/de\/wp-content\/themes\/app\/public\/icons\/arrow-down-solid-dark.svg?ver=125) center no-repeat;\"><\/span>\n\t\t\t\t\t\t<\/div>\n\t\t\t\t\t<div class=\"hidden\" [class]=\"accordion_69e557c2b3201 ? 'block' : 'hidden'\">\n\t\t\t\t\t\t\t<span class=\"icon icon--size-2\" style=\"background: url(https:\/\/www.nordzucker.com\/de\/wp-content\/themes\/app\/public\/icons\/arrow-up-solid-dark.svg?ver=125) center no-repeat;\"><\/span>\n\t\t\t\t\t\t<\/div>\n\t\t\t\t<\/div>\n\t\t\t<\/h3>\n\t\t\t<div class=\"content pl-8 py-2\">\n\t\t\t\t\n<figure>\n\t\t\t<img decoding=\"async\" src=\"https:\/\/www.nordzucker.com\/de\/wp-content\/uploads\/sites\/2\/2025\/07\/nordzucker_aufsichtsratsvorsitzender_nordzucker-holding-ag_ulrich-langenhoff.qwebp_.webp\" class=\"max-w-full\" \/>\n\t\t\t\t<figcaption class=\"italic text-sm mt-1\">\n\t\t\tLandwirt, H\u00e4melerwald\t\t<\/figcaption>\n\t\t<\/figure>\n\t\t\t<\/div>\n\t\t<\/section>\n\t<\/amp-accordion>\n<\/div>\n\n<div>\n\t<amp-accordion\n\t\tid=\"accordion_69e557c2b369c\"\n\t\ton=\"expand:AMP.setState({ 'accordion_69e557c2b369c': true });collapse:AMP.setState({ 'accordion_69e557c2b369c': false })\"\n\t\tdisable-session-states\n\t>\n\t\t<section>\n\t\t\t<h3 class=\"border-none outline-0 bg-primary-lighten-4 p-4 pl-16 my-2 font-bold text-lg relative\">\n\t\t\t\tWeitere Mitglieder des Aufsichtsrats\t\t\t\t<div class=\"inline-block absolute left-0 ml-4 top-0 mt-4\">\n\t\t\t\t\t<div class=\"block\" [class]=\"!accordion_69e557c2b369c ? 'block' : 'hidden'\">\n\t\t\t\t\t\t\t<span class=\"icon icon--size-2\" style=\"background: url(https:\/\/www.nordzucker.com\/de\/wp-content\/themes\/app\/public\/icons\/arrow-down-solid-dark.svg?ver=125) center no-repeat;\"><\/span>\n\t\t\t\t\t\t<\/div>\n\t\t\t\t\t<div class=\"hidden\" [class]=\"accordion_69e557c2b369c ? 'block' : 'hidden'\">\n\t\t\t\t\t\t\t<span class=\"icon icon--size-2\" style=\"background: url(https:\/\/www.nordzucker.com\/de\/wp-content\/themes\/app\/public\/icons\/arrow-up-solid-dark.svg?ver=125) center no-repeat;\"><\/span>\n\t\t\t\t\t\t<\/div>\n\t\t\t\t<\/div>\n\t\t\t<\/h3>\n\t\t\t<div class=\"content pl-8 py-2\">\n\t\t\t\t\n\n<ul>\n<li>Eckhard Hinrichs, 1. stellv. Vorsitzender,&nbsp;Wieren<\/li>\n\n\n\n<li>Friedrich Christoph Heins,&nbsp;2. stellv. Vorsitzender, Uehrde<\/li>\n\n\n\n<li>Franziska Bennecke, Kissenbr\u00fcck<\/li>\n\n\n\n<li>Henrik Brunkhorst, Lindhorst<\/li>\n\n\n\n<li>Dr. Werner Buchner,&nbsp;Iden<\/li>\n\n\n\n<li>Eckhard Clausen,&nbsp;Barkelsby<\/li>\n\n\n\n<li>Christoph Goebel,&nbsp;G\u00f6hrde<\/li>\n\n\n\n<li>Kaspar Haller,&nbsp;K\u00f6nigslutter<\/li>\n\n\n\n<li>Alexander Heidebroek, Gevensleben<\/li>\n\n\n\n<li>Christina Heidkamp-Heinecke, Harsum<\/li>\n\n\n\n<li>Carl Christian Koehler, Barum<\/li>\n\n\n\n<li>Dr. Axel Naumann,&nbsp;Heudeber<\/li>\n\n\n\n<li>Heinrich Otte, Ehmen<\/li>\n\n\n\n<li>Hans-Heinrich Schnehage, Pattensen-Koldingen<\/li>\n\n\n\n<li>Ralf Tegtmeyer, Hary<\/li>\n\n\n\n<li>J\u00f6rg Thie\u00df,&nbsp;Alt Schwerin<\/li>\n\n\n\n<li>Alice F. W\u00e4tjen,&nbsp;Altenrode<\/li>\n\n\n\n<li>Dr. Ulf Wegener,&nbsp;Hassel (Weser)<\/li>\n\n\n\n<li>Maik Wiedemann,&nbsp;Bettmar<\/li>\n\n\n\n<li>Christian Wohlenberg,&nbsp;Gadenstedt<\/li>\n<\/ul>\n\n\t\t\t<\/div>\n\t\t<\/section>\n\t<\/amp-accordion>\n<\/div>\n\n<div class=\"py-6\"><\/div>\n\n<div class=\"bg-primary-lighten-4 px-16 py-10\">\n\t\t\t<h3 class=\"text-2xl mb-4 font-alt font-semibold\">\n\t\t\tDownloads\t\t<\/h3>\n\t\t    <div class=\"content py-2\">\n\t\t\n\n<p>Im Downloadcenter im Bereich &#8220;Nordzucker Holding AG&#8221; finden Sie neben unserer Satzung auch unsere aktuellen Publikationen und Publikationen der vergangenen Jahre.<\/p>\n\n\t<\/div>\n\t\t\t<div class=\"mt-4\">\n\t\t\t\t\t<a href=\"https:\/\/www.nordzucker.com\/de\/download-kategorien\/nordzucker-holding-ag\/\"  target=\"\" class=\"button h5 inline-block font-bold uppercase py-2 px-6 leading-6 rounded-full border border-[3px] border-primary \">\n\t\t\t<span class=\"inline-block text-primary\">Zum Downloadcenter<\/span>\n\t\t<\/a>\n\t\t<\/div>\n\t\t\n<\/div>\n\n\n<p><\/p>\n","protected":false},"excerpt":{"rendered":"<p>Gr\u00f6\u00dfter Anteilseigner der Nordzucker AG: Die Nordzucker Holding AG Aktuelles Hauptversammlung &#8211; Am 10. Juli 2025 fand die Hauptversammlung der Nordzucker Holding AG gemeinsam mit [&hellip;]<\/p>\n","protected":false},"author":1,"featured_media":4000,"parent":327,"menu_order":-1,"comment_status":"closed","ping_status":"closed","template":"","meta":{"footnotes":""},"page_category":[],"acf":[],"_links":{"self":[{"href":"https:\/\/www.nordzucker.com\/de\/wp-json\/wp\/v2\/pages\/3906"}],"collection":[{"href":"https:\/\/www.nordzucker.com\/de\/wp-json\/wp\/v2\/pages"}],"about":[{"href":"https:\/\/www.nordzucker.com\/de\/wp-json\/wp\/v2\/types\/page"}],"author":[{"embeddable":true,"href":"https:\/\/www.nordzucker.com\/de\/wp-json\/wp\/v2\/users\/1"}],"replies":[{"embeddable":true,"href":"https:\/\/www.nordzucker.com\/de\/wp-json\/wp\/v2\/comments?post=3906"}],"version-history":[{"count":172,"href":"https:\/\/www.nordzucker.com\/de\/wp-json\/wp\/v2\/pages\/3906\/revisions"}],"predecessor-version":[{"id":12258,"href":"https:\/\/www.nordzucker.com\/de\/wp-json\/wp\/v2\/pages\/3906\/revisions\/12258"}],"up":[{"embeddable":true,"href":"https:\/\/www.nordzucker.com\/de\/wp-json\/wp\/v2\/pages\/327"}],"wp:featuredmedia":[{"embeddable":true,"href":"https:\/\/www.nordzucker.com\/de\/wp-json\/wp\/v2\/media\/4000"}],"wp:attachment":[{"href":"https:\/\/www.nordzucker.com\/de\/wp-json\/wp\/v2\/media?parent=3906"}],"wp:term":[{"taxonomy":"page_category","embeddable":true,"href":"https:\/\/www.nordzucker.com\/de\/wp-json\/wp\/v2\/page_category?post=3906"}],"curies":[{"name":"wp","href":"https:\/\/api.w.org\/{rel}","templated":true}]}}