{"id":385,"date":"2024-02-12T08:57:03","date_gmt":"2024-02-12T07:57:03","guid":{"rendered":"https:\/\/www.nordzucker.com\/de\/?page_id=385"},"modified":"2025-05-13T11:53:11","modified_gmt":"2025-05-13T09:53:11","slug":"vielfalt","status":"publish","type":"page","link":"https:\/\/www.nordzucker.com\/de\/menschen-bei-nordzucker\/arbeiten-bei-nordzucker\/vielfalt\/","title":{"rendered":"Vielfalt"},"content":{"rendered":"\n<h2 class=\"wp-block-heading\">Vielfalt ist Kompetenz<\/h2>\n\n\n\n<div class=\"py-4 text-xl leading-8\">\n\tWir stehen f\u00fcr echte Werte \u2013 Verantwortung, Engagement, Courage und Wertsch\u00e4tzung. Vielfalt ist f\u00fcr uns ein Schl\u00fcsselfaktor f\u00fcr gemeinsamen Erfolg.<\/div>\n\n\n<h4 class=\"wp-block-heading\">Charta der Vielfalt<\/h4>\n\n\n\n<p>Vielfalt ist Kompetenz und essentiell f\u00fcr uns. Die <a href=\"https:\/\/www.charta-der-vielfalt.de\/\" target=\"_blank\" rel=\"noreferrer noopener\">Charta der Vielfalt<\/a> bringt Anerkennung, Wertsch\u00e4tzung und Einbeziehung von Diversity (Vielfalt) in der Arbeitswelt voran. Sie ist eine Arbeitgeberinitiative zur F\u00f6rderung von Vielfalt in Unternehmen und Institutionen.<br><br>Nordzucker unterzeichnete 2013 diese Charta, mit der sich Vertreter der deutschen Wirtschaft offiziell verpflichten, Vielfalt anzuerkennen und wertzusch\u00e4tzen. Die Umsetzung des Diversity Managements spiegelt sich in unseren vier Unternehmenswerten wieder.<\/p>\n\n\n\n<p><\/p>\n","protected":false},"excerpt":{"rendered":"<p>Bei Norducker ist Vielfalt wichtig und wird als Schl\u00fcsselfaktor f\u00fcr den Erfolg angesehen.<\/p>\n","protected":false},"author":1,"featured_media":10931,"parent":59,"menu_order":3,"comment_status":"closed","ping_status":"closed","template":"","meta":{"footnotes":""},"page_category":[],"acf":[],"_links":{"self":[{"href":"https:\/\/www.nordzucker.com\/de\/wp-json\/wp\/v2\/pages\/385"}],"collection":[{"href":"https:\/\/www.nordzucker.com\/de\/wp-json\/wp\/v2\/pages"}],"about":[{"href":"https:\/\/www.nordzucker.com\/de\/wp-json\/wp\/v2\/types\/page"}],"author":[{"embeddable":true,"href":"https:\/\/www.nordzucker.com\/de\/wp-json\/wp\/v2\/users\/1"}],"replies":[{"embeddable":true,"href":"https:\/\/www.nordzucker.com\/de\/wp-json\/wp\/v2\/comments?post=385"}],"version-history":[{"count":34,"href":"https:\/\/www.nordzucker.com\/de\/wp-json\/wp\/v2\/pages\/385\/revisions"}],"predecessor-version":[{"id":10932,"href":"https:\/\/www.nordzucker.com\/de\/wp-json\/wp\/v2\/pages\/385\/revisions\/10932"}],"up":[{"embeddable":true,"href":"https:\/\/www.nordzucker.com\/de\/wp-json\/wp\/v2\/pages\/59"}],"wp:featuredmedia":[{"embeddable":true,"href":"https:\/\/www.nordzucker.com\/de\/wp-json\/wp\/v2\/media\/10931"}],"wp:attachment":[{"href":"https:\/\/www.nordzucker.com\/de\/wp-json\/wp\/v2\/media?parent=385"}],"wp:term":[{"taxonomy":"page_category","embeddable":true,"href":"https:\/\/www.nordzucker.com\/de\/wp-json\/wp\/v2\/page_category?post=385"}],"curies":[{"name":"wp","href":"https:\/\/api.w.org\/{rel}","templated":true}]}}