{"id":380,"date":"2020-07-09T21:45:37","date_gmt":"2020-07-09T21:45:37","guid":{"rendered":"https:\/\/www.nordzucker.com\/de\/?page_id=380"},"modified":"2025-05-13T11:45:07","modified_gmt":"2025-05-13T09:45:07","slug":"work-life-balance","status":"publish","type":"page","link":"https:\/\/www.nordzucker.com\/de\/menschen-bei-nordzucker\/arbeiten-bei-nordzucker\/work-life-balance\/","title":{"rendered":"Work-Life-Balance"},"content":{"rendered":"\n<h2 class=\"wp-block-heading\">Der Mensch im Mittelpunkt<\/h2>\n\n\n\n<div class=\"py-4 text-xl leading-8\">\n\tNordzucker setzt einen starken Fokus auf Mitarbeiterentwicklung und -bindung. Dazu z\u00e4hlt insbesondere die Attraktivit\u00e4t des Arbeitsumfelds. Unsere Ma\u00dfnahmen im Bereich Work Life Balance tragen dazu bei, dass Nordzucker die Erwartungen an einen modernen Arbeitgeber voll erf\u00fcllt.<\/div>\n\n\n<h4 class=\"wp-block-heading\">Nachhaltige Ma\u00dfnahmen<\/h4>\n\n\n\n<p>Die Arbeitswelt hat sich ver\u00e4ndert &#8211; durch neue Technologien, Trends und ver\u00e4nderte Erwartungen der Mitarbeiter. Verschiedene Generationen arbeiten Hand-in-Hand und Lernen voneinander und miteinander. Arbeit soll mit den individuellen Interessen, Werten und \u00dcberzeugungen im Einklang stehen.<br><br>Es braucht ver\u00e4nderte und flexible Arbeitsmodelle, transparente Kommunikationsstrukturen und schlanke Managementstrukturen. Hohe Erwartungen, denen wir uns gerne stellen. <\/p>\n\n\n\n<p>Wir bieten moderne Personalkonzepte, f\u00f6rdern die individuelle Verwirklichung und erm\u00f6glichen unseren Mitarbeiterinnen und Mitarbeitern, Dienstliches und Privates in Einklang zu bringen. Mitarbeiterentwicklung und \u2013bindung ist uns sehr wichtig.<\/p>\n\n\n\n<h4 class=\"wp-block-heading\">Work-Life-Balance bei Nordzucker<\/h4>\n\n\n\n<p>Es sind die kleinen Dinge im Leben, die den Unterschied machen \u2013 Work-Life-Balance bei Nordzucker startete mit einer vergleichsweise kleinen Ma\u00dfnahme: t\u00e4glich kostenfreies, frisches Obst f\u00fcr alle Mitarbeiter. Weitere Initiativen rund um Gesundheit und Ern\u00e4hrung folgten und sind seither fester Bestandteil des Konzeptes.<\/p>\n\n\n\n<p>Wir legen Wert auf die richtige Balance im Arbeitsalltag \u2013 wir erm\u00f6glichen flexible Arbeitszeiten und stehen im kontinuierlichen Austausch mit unseren Mitarbeitern, um die richtigen und wirksamen Ma\u00dfnahmen anbieten zu k\u00f6nnen. Home-Office wird konzernweit gelebt und gesch\u00e4tzt.&nbsp;<\/p>\n\n\n\n<p>Nordzucker f\u00f6rdert familienbewusste Unternehmenskultur und unterst\u00fctzt den \u201eFortschrittsindex Vereinbarkeit\u201c, der im Rahmen des Unternehmensprogramms \u201e<strong><a href=\"http:\/\/www.erfolgsfaktor-familie.de\" target=\"_blank\" rel=\"noreferrer noopener\">Erfolgsfaktor Familie<\/a><\/strong>\u201c des Bundesfamilienministeriums zusammen mit Unternehmen, dem Bundesverband der Personalmanager (BPM) und dem Deutschen Industrie- und Handelskammertag (DIHK) entwickelt wurde. Das Online-Tool unterst\u00fctzt Unternehmen, Familienfreundlichkeit zu messen, weiterzuentwickeln und sichtbar zu machen.&nbsp;<\/p>\n\n\n\n<p>Weiterhin ist Nordzucker Tr\u00e4ger einer Kindertagesst\u00e4tte in Braunschweig und bietet Belegpl\u00e4tze f\u00fcr die Mitarbeiter an. Unerwartete Betreuungsengp\u00e4sse im Alltag stellen f\u00fcr unsere Mitarbeiterinnen und Mitarbeiter kein Problem dar \u2013 sie nutzen dann den Kinderraum in der &#8220;Auszeit&#8221;.<\/p>\n\n\n<div>\n\t<amp-accordion\n\t\tid=\"accordion_69e1924d2f8ce\"\n\t\ton=\"expand:AMP.setState({ 'accordion_69e1924d2f8ce': true });collapse:AMP.setState({ 'accordion_69e1924d2f8ce': false })\"\n\t\tdisable-session-states\n\t>\n\t\t<section>\n\t\t\t<h3 class=\"border-none outline-0 bg-primary-lighten-4 p-4 pl-16 my-2 font-bold text-lg relative\">\n\t\t\t\tEin Blick in die \u201eAuszeit\u201c\t\t\t\t<div class=\"inline-block absolute left-0 ml-4 top-0 mt-4\">\n\t\t\t\t\t<div class=\"block\" [class]=\"!accordion_69e1924d2f8ce ? 'block' : 'hidden'\">\n\t\t\t\t\t\t\t<span class=\"icon icon--size-2\" style=\"background: url(https:\/\/www.nordzucker.com\/de\/wp-content\/themes\/app\/public\/icons\/arrow-down-solid-dark.svg?ver=125) center no-repeat;\"><\/span>\n\t\t\t\t\t\t<\/div>\n\t\t\t\t\t<div class=\"hidden\" [class]=\"accordion_69e1924d2f8ce ? 'block' : 'hidden'\">\n\t\t\t\t\t\t\t<span class=\"icon icon--size-2\" style=\"background: url(https:\/\/www.nordzucker.com\/de\/wp-content\/themes\/app\/public\/icons\/arrow-up-solid-dark.svg?ver=125) center no-repeat;\"><\/span>\n\t\t\t\t\t\t<\/div>\n\t\t\t\t<\/div>\n\t\t\t<\/h3>\n\t\t\t<div class=\"content pl-8 py-2\">\n\t\t\t\t\n\n<p>In der Nordzucker &#8220;Auszeit&#8221; der Unternehmenszentrale in Braunschweig werden auf 60 m\u00b2&nbsp; f\u00fcnf Themenschwerpunkte zur Vereinbarkeit von Beruf und Familie, sowie zum Thema Gesundheit und Wohlbefinden vereint. Die Auszeit wurde f\u00fcr unsere Mitarbeiterinnen und Mitarbeiter konzipiert und auf deren Bed\u00fcrfnisse ausgerichtet. <\/p>\n\n\n\n<p><img loading=\"lazy\" decoding=\"async\" width=\"800\" height=\"533\" class=\"wp-image-1919\" style=\"width: 800px\" src=\"https:\/\/www.nordzucker.com\/de\/wp-content\/uploads\/sites\/2\/2020\/08\/EFranke\u00a9HA-825.jpg\" alt=\"Auszeit Nordzucker Braunschweig 1\" srcset=\"https:\/\/www.nordzucker.com\/de\/wp-content\/uploads\/sites\/2\/2020\/08\/EFranke\u00a9HA-825.jpg 800w, https:\/\/www.nordzucker.com\/de\/wp-content\/uploads\/sites\/2\/2020\/08\/EFranke\u00a9HA-825-300x200.jpg 300w, https:\/\/www.nordzucker.com\/de\/wp-content\/uploads\/sites\/2\/2020\/08\/EFranke\u00a9HA-825-768x512.jpg 768w\" sizes=\"(max-width: 800px) 100vw, 800px\" \/><\/p>\n\n\n\n<p>Die &#8220;Auszeit&#8221; bietet einen Massage- und Physiotherapiebereich, einen Reinigungs- und B\u00fcgelservice, einen Sportbereich inkl. Powerplate\u00ae, ein brainLight-System: Audiovisuelle Tiefenentspannung mit Massage, eine Lounge sowie einen Familienraum f\u00fcr Betreuungsengp\u00e4sse. Die &#8220;Auszeit&#8221; ist seit vielen Jahren ein viel genutzter und wertgesch\u00e4tzter Raum.<\/p>\n\n\n\n<p><img loading=\"lazy\" decoding=\"async\" width=\"800\" height=\"533\" class=\"wp-image-1918\" style=\"width: 800px\" src=\"https:\/\/www.nordzucker.com\/de\/wp-content\/uploads\/sites\/2\/2020\/08\/EFranke\u00a9HA-782.jpg\" alt=\"Auszeit Nordzucker Braunschweig 2\" srcset=\"https:\/\/www.nordzucker.com\/de\/wp-content\/uploads\/sites\/2\/2020\/08\/EFranke\u00a9HA-782.jpg 800w, https:\/\/www.nordzucker.com\/de\/wp-content\/uploads\/sites\/2\/2020\/08\/EFranke\u00a9HA-782-300x200.jpg 300w, https:\/\/www.nordzucker.com\/de\/wp-content\/uploads\/sites\/2\/2020\/08\/EFranke\u00a9HA-782-768x512.jpg 768w\" sizes=\"(max-width: 800px) 100vw, 800px\" \/><\/p>\n\n\n\n<p>Die angenehme Lounge-Atmosph\u00e4re der &#8220;Auszeit&#8221; haben wir im Nordzucker Diner weitergef\u00fchrt. Das Diner bietet ausreichend Raum f\u00fcr unsere Mitarbeiterinnen und Mitarbeiter: Ob zum Netzwerken, zum Essen, oder zum \u201eKickern\u201c &#8211; kleine Auszeiten im Diner oder in der Lounge der &#8220;Auszeit&#8221; mit Kaffee und Zeitschrift unterst\u00fctzen die Tagesbalance unserer Mitarbeiter und Mitarbeiterinnen.<\/p>\n\n\n\n<p><img loading=\"lazy\" decoding=\"async\" width=\"800\" height=\"600\" class=\"wp-image-1922\" style=\"width: 800px\" src=\"https:\/\/www.nordzucker.com\/de\/wp-content\/uploads\/sites\/2\/2020\/08\/P1000190.jpg\" alt=\"Nordzucker Diner\" srcset=\"https:\/\/www.nordzucker.com\/de\/wp-content\/uploads\/sites\/2\/2020\/08\/P1000190.jpg 800w, https:\/\/www.nordzucker.com\/de\/wp-content\/uploads\/sites\/2\/2020\/08\/P1000190-300x225.jpg 300w, https:\/\/www.nordzucker.com\/de\/wp-content\/uploads\/sites\/2\/2020\/08\/P1000190-768x576.jpg 768w\" sizes=\"(max-width: 800px) 100vw, 800px\" \/><\/p>\n\n\t\t\t<\/div>\n\t\t<\/section>\n\t<\/amp-accordion>\n<\/div>\n\n<div class=\"py-6\"><\/div>\n\n\n<figure>\n            <amp-iframe\n            width=\"16\"\n            height=\"9\"\n            layout=\"responsive\"\n            sandbox=\"allow-scripts allow-same-origin\"\n            style=\"border: 0;\"\n            src=\"https:\/\/v.imgi.no\/33jybsm576\"\n            frameborder=\"0\"\n            allowfullscreen=\"allowfullscreen\">\n        <\/amp-iframe>\n        \t<\/figure>","protected":false},"excerpt":{"rendered":"<p>Bei Nordzucker steht der Mensch im Mittelpunkt. Wir legen Wert auf die Entwicklung und Bindung unserer Mitarbeiter und sorgen f\u00fcr ein attraktives Arbeitsumfeld.<\/p>\n","protected":false},"author":1,"featured_media":10929,"parent":59,"menu_order":2,"comment_status":"closed","ping_status":"closed","template":"","meta":{"footnotes":""},"page_category":[],"acf":[],"_links":{"self":[{"href":"https:\/\/www.nordzucker.com\/de\/wp-json\/wp\/v2\/pages\/380"}],"collection":[{"href":"https:\/\/www.nordzucker.com\/de\/wp-json\/wp\/v2\/pages"}],"about":[{"href":"https:\/\/www.nordzucker.com\/de\/wp-json\/wp\/v2\/types\/page"}],"author":[{"embeddable":true,"href":"https:\/\/www.nordzucker.com\/de\/wp-json\/wp\/v2\/users\/1"}],"replies":[{"embeddable":true,"href":"https:\/\/www.nordzucker.com\/de\/wp-json\/wp\/v2\/comments?post=380"}],"version-history":[{"count":60,"href":"https:\/\/www.nordzucker.com\/de\/wp-json\/wp\/v2\/pages\/380\/revisions"}],"predecessor-version":[{"id":10930,"href":"https:\/\/www.nordzucker.com\/de\/wp-json\/wp\/v2\/pages\/380\/revisions\/10930"}],"up":[{"embeddable":true,"href":"https:\/\/www.nordzucker.com\/de\/wp-json\/wp\/v2\/pages\/59"}],"wp:featuredmedia":[{"embeddable":true,"href":"https:\/\/www.nordzucker.com\/de\/wp-json\/wp\/v2\/media\/10929"}],"wp:attachment":[{"href":"https:\/\/www.nordzucker.com\/de\/wp-json\/wp\/v2\/media?parent=380"}],"wp:term":[{"taxonomy":"page_category","embeddable":true,"href":"https:\/\/www.nordzucker.com\/de\/wp-json\/wp\/v2\/page_category?post=380"}],"curies":[{"name":"wp","href":"https:\/\/api.w.org\/{rel}","templated":true}]}}