{"id":377,"date":"2020-07-09T21:45:02","date_gmt":"2020-07-09T21:45:02","guid":{"rendered":"https:\/\/www.nordzucker.com\/de\/?page_id=377"},"modified":"2025-05-13T11:36:33","modified_gmt":"2025-05-13T09:36:33","slug":"personalentwicklung","status":"publish","type":"page","link":"https:\/\/www.nordzucker.com\/de\/menschen-bei-nordzucker\/arbeiten-bei-nordzucker\/personalentwicklung\/","title":{"rendered":"Personal&shy;entwicklung"},"content":{"rendered":"\n<h2 class=\"wp-block-heading\">Zukunfts\u00adperspektiven bei Nordzucker &nbsp;<\/h2>\n\n\n\n<div class=\"py-4 text-xl leading-8\">\n\tWir entwickeln starke und engagierte Mitarbeiterinnen und Mitarbeiter. Wir f\u00f6rdern Talente mit Blick auf eine langfristige Perspektive im Unternehmen und statten unsere Kolleginnen und Kollegen mit den F\u00e4higkeiten aus, die sie brauchen, um erfolgreich zu sein.<\/div>\n\n\n<h4 class=\"wp-block-heading\">Verst\u00e4ndnis von Personalentwicklung<\/h4>\n\n\n\n<p>Personalentwicklung hat die Aufgabe, Menschen und Teams weiterzuentwickeln und zu bef\u00e4higen, die erforderlichen Aufgaben in betrieblichen Arbeitsprozessen erfolgreich und effizient zu bew\u00e4ltigen und neuen Aufgaben selbstbewusst und motiviert zu begegnen.<br><\/p>\n\n\n\n<p>Die Ziele unserer Personalentwicklung leiten sich von den strategischen Zielen des Unternehmens ab und sorgen f\u00fcr eine fortlaufende Entwicklung und somit f\u00fcr die Sicherung der Wettbewerbsf\u00e4higkeit des Unternehmens.<\/p>\n\n\n\n<h4 class=\"wp-block-heading\">Gemeinsam erfolgreich<\/h4>\n\n\n\n<p>Begeisterungsf\u00e4higkeit, Engagement und Teamgeist sind essentiell, damit wir erfolgreich miteinander arbeiten.&nbsp;Wachsende Leistungsanforderungen und Erwartungen der Mitarbeiter erfordern ein neues Denken, moderne F\u00fchrung und ver\u00e4nderte, flexible und nachhaltige Personalkonzepte. Die Sicherung und Bindung unserer Mitarbeiter ist uns wichtig. Wir schulen und motivieren unsere Mitarbeiter f\u00fcr zuk\u00fcnftige Anforderungen und Bedarfe des Unternehmens.<\/p>\n\n\n<div>\n\t<amp-accordion\n\t\tid=\"accordion_69e18ed973c98\"\n\t\ton=\"expand:AMP.setState({ 'accordion_69e18ed973c98': true });collapse:AMP.setState({ 'accordion_69e18ed973c98': false })\"\n\t\tdisable-session-states\n\t>\n\t\t<section>\n\t\t\t<h3 class=\"border-none outline-0 bg-primary-lighten-4 p-4 pl-16 my-2 font-bold text-lg relative\">\n\t\t\t\tHR-Konferenzen\t\t\t\t<div class=\"inline-block absolute left-0 ml-4 top-0 mt-4\">\n\t\t\t\t\t<div class=\"block\" [class]=\"!accordion_69e18ed973c98 ? 'block' : 'hidden'\">\n\t\t\t\t\t\t\t<span class=\"icon icon--size-2\" style=\"background: url(https:\/\/www.nordzucker.com\/de\/wp-content\/themes\/app\/public\/icons\/arrow-down-solid-dark.svg?ver=125) center no-repeat;\"><\/span>\n\t\t\t\t\t\t<\/div>\n\t\t\t\t\t<div class=\"hidden\" [class]=\"accordion_69e18ed973c98 ? 'block' : 'hidden'\">\n\t\t\t\t\t\t\t<span class=\"icon icon--size-2\" style=\"background: url(https:\/\/www.nordzucker.com\/de\/wp-content\/themes\/app\/public\/icons\/arrow-up-solid-dark.svg?ver=125) center no-repeat;\"><\/span>\n\t\t\t\t\t\t<\/div>\n\t\t\t\t<\/div>\n\t\t\t<\/h3>\n\t\t\t<div class=\"content pl-8 py-2\">\n\t\t\t\t\n\n<p>Um systematisch und strukturiert alle wesentlichen Personalthemen zu beleuchten, finden j\u00e4hrliche HR-Konferenzen auf Standort-, L\u00e4nder- sowie Konzernebene statt. Wir analysieren zuk\u00fcnftige unternehmerische Herausforderungen und deren Auswirkungen auf Mitarbeiter, Organisation und die Konsequenzen f\u00fcr das strategische und operative Personalmanagement.&nbsp;<\/p>\n\n\t\t\t<\/div>\n\t\t<\/section>\n\t<\/amp-accordion>\n<\/div>\n\n<div>\n\t<amp-accordion\n\t\tid=\"accordion_69e18ed97409f\"\n\t\ton=\"expand:AMP.setState({ 'accordion_69e18ed97409f': true });collapse:AMP.setState({ 'accordion_69e18ed97409f': false })\"\n\t\tdisable-session-states\n\t>\n\t\t<section>\n\t\t\t<h3 class=\"border-none outline-0 bg-primary-lighten-4 p-4 pl-16 my-2 font-bold text-lg relative\">\n\t\t\t\tTalent Management \t\t\t\t<div class=\"inline-block absolute left-0 ml-4 top-0 mt-4\">\n\t\t\t\t\t<div class=\"block\" [class]=\"!accordion_69e18ed97409f ? 'block' : 'hidden'\">\n\t\t\t\t\t\t\t<span class=\"icon icon--size-2\" style=\"background: url(https:\/\/www.nordzucker.com\/de\/wp-content\/themes\/app\/public\/icons\/arrow-down-solid-dark.svg?ver=125) center no-repeat;\"><\/span>\n\t\t\t\t\t\t<\/div>\n\t\t\t\t\t<div class=\"hidden\" [class]=\"accordion_69e18ed97409f ? 'block' : 'hidden'\">\n\t\t\t\t\t\t\t<span class=\"icon icon--size-2\" style=\"background: url(https:\/\/www.nordzucker.com\/de\/wp-content\/themes\/app\/public\/icons\/arrow-up-solid-dark.svg?ver=125) center no-repeat;\"><\/span>\n\t\t\t\t\t\t<\/div>\n\t\t\t\t<\/div>\n\t\t\t<\/h3>\n\t\t\t<div class=\"content pl-8 py-2\">\n\t\t\t\t\n\n<p>Wir verstehen Talent Management konzernweit als strategischen Ansatz, um unsere Wettbewerbsf\u00e4higkeit sowie die pers\u00f6nliche Entwicklung unserer Mitarbeiter nachhaltig zu st\u00e4rken. Es gilt Potentiale zu erkennen und zu f\u00f6rdern und gemeinsam Entwicklungsziele und entsprechende Entwicklungsma\u00dfnahmen zu erarbeiten.<\/p>\n\n\t\t\t<\/div>\n\t\t<\/section>\n\t<\/amp-accordion>\n<\/div>\n\n<div>\n\t<amp-accordion\n\t\tid=\"accordion_69e18ed974477\"\n\t\ton=\"expand:AMP.setState({ 'accordion_69e18ed974477': true });collapse:AMP.setState({ 'accordion_69e18ed974477': false })\"\n\t\tdisable-session-states\n\t>\n\t\t<section>\n\t\t\t<h3 class=\"border-none outline-0 bg-primary-lighten-4 p-4 pl-16 my-2 font-bold text-lg relative\">\n\t\t\t\tMitarbeitergespr\u00e4che\t\t\t\t<div class=\"inline-block absolute left-0 ml-4 top-0 mt-4\">\n\t\t\t\t\t<div class=\"block\" [class]=\"!accordion_69e18ed974477 ? 'block' : 'hidden'\">\n\t\t\t\t\t\t\t<span class=\"icon icon--size-2\" style=\"background: url(https:\/\/www.nordzucker.com\/de\/wp-content\/themes\/app\/public\/icons\/arrow-down-solid-dark.svg?ver=125) center no-repeat;\"><\/span>\n\t\t\t\t\t\t<\/div>\n\t\t\t\t\t<div class=\"hidden\" [class]=\"accordion_69e18ed974477 ? 'block' : 'hidden'\">\n\t\t\t\t\t\t\t<span class=\"icon icon--size-2\" style=\"background: url(https:\/\/www.nordzucker.com\/de\/wp-content\/themes\/app\/public\/icons\/arrow-up-solid-dark.svg?ver=125) center no-repeat;\"><\/span>\n\t\t\t\t\t\t<\/div>\n\t\t\t\t<\/div>\n\t\t\t<\/h3>\n\t\t\t<div class=\"content pl-8 py-2\">\n\t\t\t\t\n\n<p>Regelm\u00e4\u00dfige Mitarbeitergespr\u00e4che zwischen Vorgesetztem und Mitarbeiter sind f\u00fcr uns die Basis erfolgreicher Zusammenarbeit. Qualit\u00e4t und Verbindlichkeit sind die Grundlagen, um erbrachte Leistungen zu w\u00fcrdigen, ein gemeinsames Verst\u00e4ndnis zu schaffen, Aufgaben zu diskutieren und Ziele zu stecken. Herausforderungen, Kompetenzen und Entwicklungsbedarfe besprechen wir offen, mit dem Ziel einer nachhaltigen Umsetzung.<\/p>\n\n\t\t\t<\/div>\n\t\t<\/section>\n\t<\/amp-accordion>\n<\/div>","protected":false},"excerpt":{"rendered":"<p>Nordzucker entwickelt starke und engagierte Mitarbeiter und f\u00f6rdert Talente mit langfristigen Perspektiven.<\/p>\n","protected":false},"author":1,"featured_media":10927,"parent":59,"menu_order":1,"comment_status":"closed","ping_status":"closed","template":"","meta":{"footnotes":""},"page_category":[],"acf":[],"_links":{"self":[{"href":"https:\/\/www.nordzucker.com\/de\/wp-json\/wp\/v2\/pages\/377"}],"collection":[{"href":"https:\/\/www.nordzucker.com\/de\/wp-json\/wp\/v2\/pages"}],"about":[{"href":"https:\/\/www.nordzucker.com\/de\/wp-json\/wp\/v2\/types\/page"}],"author":[{"embeddable":true,"href":"https:\/\/www.nordzucker.com\/de\/wp-json\/wp\/v2\/users\/1"}],"replies":[{"embeddable":true,"href":"https:\/\/www.nordzucker.com\/de\/wp-json\/wp\/v2\/comments?post=377"}],"version-history":[{"count":26,"href":"https:\/\/www.nordzucker.com\/de\/wp-json\/wp\/v2\/pages\/377\/revisions"}],"predecessor-version":[{"id":10928,"href":"https:\/\/www.nordzucker.com\/de\/wp-json\/wp\/v2\/pages\/377\/revisions\/10928"}],"up":[{"embeddable":true,"href":"https:\/\/www.nordzucker.com\/de\/wp-json\/wp\/v2\/pages\/59"}],"wp:featuredmedia":[{"embeddable":true,"href":"https:\/\/www.nordzucker.com\/de\/wp-json\/wp\/v2\/media\/10927"}],"wp:attachment":[{"href":"https:\/\/www.nordzucker.com\/de\/wp-json\/wp\/v2\/media?parent=377"}],"wp:term":[{"taxonomy":"page_category","embeddable":true,"href":"https:\/\/www.nordzucker.com\/de\/wp-json\/wp\/v2\/page_category?post=377"}],"curies":[{"name":"wp","href":"https:\/\/api.w.org\/{rel}","templated":true}]}}