{"id":366,"date":"2023-08-02T12:36:20","date_gmt":"2023-08-02T10:36:20","guid":{"rendered":"https:\/\/www.nordzucker.com\/de\/?page_id=366"},"modified":"2026-02-27T13:27:11","modified_gmt":"2026-02-27T12:27:11","slug":"zuckerproduktion","status":"publish","type":"page","link":"https:\/\/www.nordzucker.com\/de\/expertise-produkte\/wissen-ueber-zucker\/zuckerproduktion\/","title":{"rendered":"Zucker&shy;produktion"},"content":{"rendered":"\n<h2 class=\"wp-block-heading\">Von R\u00fcbe &amp; Rohr bis zum Zucker<\/h2>\n\n\n\n<div class=\"py-4 text-xl leading-8\">\n\tIn effizienten Produktions&shy;anlagen, die stetig modernisiert werden, verarbeiten wir R\u00fcben &amp; Rohr. Am Ende des Prozesses zur Zuckergewinnung steht das Produkt: kristalliner Zucker. Wir blicken mit Ihnen hinter die Kulissen in unseren Werken. <\/div>\n\n\n<figure>\n            <amp-iframe\n            width=\"16\"\n            height=\"9\"\n            layout=\"responsive\"\n            sandbox=\"allow-scripts allow-same-origin\"\n            style=\"border: 0;\"\n            src=\"https:\/\/v.imgi.no\/pvmzc8thb8\"\n            frameborder=\"0\"\n            allowfullscreen=\"allowfullscreen\">\n        <\/amp-iframe>\n        \t\t\t<figcaption class=\"italic text-sm mt-2\">\n\t\t\t<p><em>Video: So kommt der Zucker von der R\u00fcbe in die T\u00fcte<\/em><\/p>\n\t\t<\/figcaption>\n\t\t<\/figure>\n\n\n<h4 class=\"wp-block-heading\">Gewinnung des Zuckers<\/h4>\n\n\n\n<p>Die einzelnen Schritte innerhalb der Produktion bis zum kristallinen Zucker und der Zwischenprodukte k\u00f6nnen wir so beschreiben:<\/p>\n\n\n\n<p>Erntegut reinigen &#8211; Zucker aus den Zellen l\u00f6sen (D\u00fcnnsaft) \u2013 D\u00fcnnsaft reinigen \u2013 D\u00fcnnsaft eindicken (Wasser verdampfen &#8211; Dicksaft) \u2013 Dicksaft kochen (Kristalle) \u2013 Trennen der Kristalle von der Melasse \u2013 Trocknen und K\u00fchlen der Zuckerkristalle.<\/p>\n\n\n\n<p>Am Ende des Prozesses haben wir aus dem fl\u00fcssigen Zucker in den Pflanzenzellen feste Zuckerkristalle unterschiedlicher Qualit\u00e4t geworden, wobei die Qualit\u00e4t durch den verbliebenen Anteil von Nichtzuckerstoffen bestimmt wird.<\/p>\n\n\n\n<p>Bei der Zuckerr\u00fcbe l\u00f6sen wir den Zucker aus den Zellen mit hei\u00dfem Wasser heraus, w\u00e4hrend er beim Zuckerrohr aus den Zellen gepresst wird. Die weiteren Schritte bis zur Kristallisation sind eher identisch.<\/p>\n\n\n\n<h4 class=\"wp-block-heading\">Futtermittel und D\u00fcnger aus der R\u00fcbe<\/h4>\n\n\n\n<p>Neben dem Zucker als Zielprodukt entstehen im Prozess und aus dem Rohstoff weitere Produkte. So f\u00e4llt bei der Verarbeitung der Zuckerr\u00fcben ein wertvolles <a href=\"https:\/\/www.nordzucker.com\/de\/expertise-produkte\/futtermittel\/zuckerruebenschnitzel\/\">Futtermittel<\/a> aus den ausgelaugten R\u00fcbenbestandteilen an. Bei dem Zuckerrohr nutzen wir das ausgepresste Rohr dagegen durch Verbrennen zur Energiegewinnung.<\/p>\n\n\n\n<p>Der abgefilterte Kalk aus der Saftreinigung steht der Landwirtschaft als wertvolles <a href=\"https:\/\/www.nordzucker.com\/de\/expertise-produkte\/duengemittel\/carbokalk\/\">Kalkd\u00fcngemittel<\/a> zur Verf\u00fcgung.<\/p>\n\n\n\n<h4 class=\"wp-block-heading\">St\u00e4ndige Weiterentwicklung der Werke<\/h4>\n\n\n\n<p>Bei der Weiterentwicklung unserer Werke stehen die Energieeinsparung, die Umweltvertr\u00e4glichkeit und die Kundenzufriedenheit an vorderster Stelle. So investieren wir jedes Jahr in neue Ger\u00e4te und Apparaturen. Fast 200 Jahre hinweg haben sich so die Werke zu leistungsf\u00e4higen und zuverl\u00e4ssigen St\u00e4tten der Zuckergewinnung entwickelt. Der Zucker aus diesen Werken wird unserem hohen Anspruch und dem unserer Kunden t\u00e4glich gerecht. <\/p>\n\n\n\n<h4 class=\"wp-block-heading\"><strong>Digitalisation &amp; Technology Service (DTS)<\/strong><\/h4>\n\n\n\n<p>Die Mitarbeiter der Abteilung DTS k\u00fcmmern sich vor allem um die technischen Aspekte unserer Produktion. Hier werden die technologischen Standards von Nordzucker gesetzt.<\/p>\n\n\n\n<p>Die T\u00e4tigkeiten der DTS umfassen technische Unterst\u00fctzung und Innovation, Engineering, Prozesssteuerung\/Automatisierung, Analytik, Qualit\u00e4tssicherung und Fehlersuche in allen Bereichen der Zuckerherstellung (vom Feld bis zum Endprodukt) sowie Schulungen und Trainings f\u00fcr Kollegen. <br>In dieser Abteilung werden auch Informationssysteme f\u00fcr die Bereiche Landwirtschaft und Logistik entwickelt.<\/p>\n\n\n\n<p>Die Mitarbeiter dieses Bereichs arbeiten in <a href=\"https:\/\/www.nordzucker.com\/de\/the-sugar-company\/standorte\/braunschweig\/\">Braunschweig<\/a>, <a href=\"https:\/\/www.nordzucker.com\/de\/the-sugar-company\/standorte\/nakskov\/\">Nakskov<\/a>, <a href=\"https:\/\/www.nordzucker.com\/de\/the-sugar-company\/standorte\/oertofta\/\">\u00d6rtofta<\/a> und <a href=\"https:\/\/www.nordzucker.com\/de\/the-sugar-company\/standorte\/kopenhagen\/\">Kopenhagen<\/a>.<\/p>\n\n\n\n<h4 class=\"wp-block-heading\">Produktentwicklung<\/h4>\n\n\n\n<p>Hier werden nicht nur Produkte aus Zucker entwickelt, hier werden sie auch angepasst und verbessert. Ganze Konzepte werden hier zu verschiedenen Zuckerprodukten erstellt und begleitet. Aber auch die Verwendung unserer Produkte wird hier mit unseren Kunden weiterentwickelt.<\/p>\n\n\n\n<p>Am Ende werden auch die Methoden entwickelt, mit denen unsere verschiedenen Zuckerprodukte getestet werden k\u00f6nnen. Wir k\u00f6nnen sie so gezielt beschreiben und die Qualit\u00e4t stets gew\u00e4hrleisten.<\/p>\n\n\n\n<p>F\u00fcr die Produktentwicklung arbeiten weitere Mitarbeiter in <a href=\"https:\/\/www.nordzucker.com\/de\/the-sugar-company\/standorte\/kopenhagen\/\">Kopenhagen<\/a>.<\/p>\n","protected":false},"excerpt":{"rendered":"<p>R\u00fcben und Zuckerrohr werden in modernen und effizienten Produktionsanlagen zu unserem Zuckergranulat verarbeitet.<\/p>\n","protected":false},"author":1,"featured_media":10812,"parent":80,"menu_order":2,"comment_status":"closed","ping_status":"closed","template":"","meta":{"footnotes":""},"page_category":[],"acf":[],"_links":{"self":[{"href":"https:\/\/www.nordzucker.com\/de\/wp-json\/wp\/v2\/pages\/366"}],"collection":[{"href":"https:\/\/www.nordzucker.com\/de\/wp-json\/wp\/v2\/pages"}],"about":[{"href":"https:\/\/www.nordzucker.com\/de\/wp-json\/wp\/v2\/types\/page"}],"author":[{"embeddable":true,"href":"https:\/\/www.nordzucker.com\/de\/wp-json\/wp\/v2\/users\/1"}],"replies":[{"embeddable":true,"href":"https:\/\/www.nordzucker.com\/de\/wp-json\/wp\/v2\/comments?post=366"}],"version-history":[{"count":59,"href":"https:\/\/www.nordzucker.com\/de\/wp-json\/wp\/v2\/pages\/366\/revisions"}],"predecessor-version":[{"id":12248,"href":"https:\/\/www.nordzucker.com\/de\/wp-json\/wp\/v2\/pages\/366\/revisions\/12248"}],"up":[{"embeddable":true,"href":"https:\/\/www.nordzucker.com\/de\/wp-json\/wp\/v2\/pages\/80"}],"wp:featuredmedia":[{"embeddable":true,"href":"https:\/\/www.nordzucker.com\/de\/wp-json\/wp\/v2\/media\/10812"}],"wp:attachment":[{"href":"https:\/\/www.nordzucker.com\/de\/wp-json\/wp\/v2\/media?parent=366"}],"wp:term":[{"taxonomy":"page_category","embeddable":true,"href":"https:\/\/www.nordzucker.com\/de\/wp-json\/wp\/v2\/page_category?post=366"}],"curies":[{"name":"wp","href":"https:\/\/api.w.org\/{rel}","templated":true}]}}