{"id":36,"date":"2023-10-11T12:21:46","date_gmt":"2023-10-11T10:21:46","guid":{"rendered":"https:\/\/www.nordzucker.com\/de\/?page_id=36"},"modified":"2025-02-07T08:53:01","modified_gmt":"2025-02-07T07:53:01","slug":"governance","status":"publish","type":"page","link":"https:\/\/www.nordzucker.com\/de\/the-sugar-company\/governance\/","title":{"rendered":"Governance"},"content":{"rendered":"\n<h2 class=\"wp-block-heading\">Moderne Unternehmens\u00adf\u00fchrung mit starkem R\u00fcckgrat<\/h2>\n\n\n\n<div class=\"py-4 text-xl leading-8\">\n\tDie Prinzipien guter und transparenter Unternehmensf\u00fchrung sind fester Bestandteil unserer Unternehmenskultur. Der Nordzucker Vorstand leitet den Nordzucker Konzern. Dabei wird er vom Aufsichtsrat \u00fcberwacht und beraten. Die regionale Verwurzelung wird auch an unserer Eigent\u00fcmerstruktur deutlich: Die Aktion\u00e4re sind zu einem wesentlichen Teil gleichzeitig aktive Zuckerr\u00fcbenlieferanten. <\/div>","protected":false},"excerpt":{"rendered":"<p>Als einer der weltweit f\u00fchrenden Herstellern f\u00fcr Zucker aus R\u00fcbe &#038; Rohr, legt Nordzucker einen gro\u00dfen Wert auf eine gute und transparente Unternehmenskultur.<\/p>\n","protected":false},"author":1,"featured_media":10521,"parent":14,"menu_order":3,"comment_status":"closed","ping_status":"closed","template":"","meta":{"footnotes":""},"page_category":[],"acf":[],"_links":{"self":[{"href":"https:\/\/www.nordzucker.com\/de\/wp-json\/wp\/v2\/pages\/36"}],"collection":[{"href":"https:\/\/www.nordzucker.com\/de\/wp-json\/wp\/v2\/pages"}],"about":[{"href":"https:\/\/www.nordzucker.com\/de\/wp-json\/wp\/v2\/types\/page"}],"author":[{"embeddable":true,"href":"https:\/\/www.nordzucker.com\/de\/wp-json\/wp\/v2\/users\/1"}],"replies":[{"embeddable":true,"href":"https:\/\/www.nordzucker.com\/de\/wp-json\/wp\/v2\/comments?post=36"}],"version-history":[{"count":13,"href":"https:\/\/www.nordzucker.com\/de\/wp-json\/wp\/v2\/pages\/36\/revisions"}],"predecessor-version":[{"id":10567,"href":"https:\/\/www.nordzucker.com\/de\/wp-json\/wp\/v2\/pages\/36\/revisions\/10567"}],"up":[{"embeddable":true,"href":"https:\/\/www.nordzucker.com\/de\/wp-json\/wp\/v2\/pages\/14"}],"wp:featuredmedia":[{"embeddable":true,"href":"https:\/\/www.nordzucker.com\/de\/wp-json\/wp\/v2\/media\/10521"}],"wp:attachment":[{"href":"https:\/\/www.nordzucker.com\/de\/wp-json\/wp\/v2\/media?parent=36"}],"wp:term":[{"taxonomy":"page_category","embeddable":true,"href":"https:\/\/www.nordzucker.com\/de\/wp-json\/wp\/v2\/page_category?post=36"}],"curies":[{"name":"wp","href":"https:\/\/api.w.org\/{rel}","templated":true}]}}