{"id":332,"date":"2024-08-28T15:40:49","date_gmt":"2024-08-28T13:40:49","guid":{"rendered":"https:\/\/www.nordzucker.com\/de\/?page_id=332"},"modified":"2024-08-28T15:43:08","modified_gmt":"2024-08-28T13:43:08","slug":"unternehmensstruktur","status":"publish","type":"page","link":"https:\/\/www.nordzucker.com\/de\/the-sugar-company\/governance\/unternehmensstruktur\/","title":{"rendered":"Unter&shy;nehmens&shy;struktur"},"content":{"rendered":"\n<h2 class=\"wp-block-heading\">Europ\u00e4isches und globales Wachstum<\/h2>\n\n\n\n<div class=\"py-4 text-xl leading-8\">\n\tNordzucker ist seit vielen Jahren auf Wachstumskurs und nimmt Chancen wahr \u2013 das kommt auch in unserer Unternehmensstruktur mit verschiedenen Gesellschaften in unterschiedlichen L\u00e4ndern zum Ausdruck.<\/div>\n\n\n<p>Der Zuckerr\u00fcbenanbau in Europa ist die Grundlage f\u00fcr unser Kerngesch\u00e4ft. Hier ist die Nordzucker AG gewachsen und hier sind wir mit unseren Tochtergesellschaften in vielen L\u00e4ndern erfolgreich. Durch die Mehrheitsbeteiligung am zweitgr\u00f6\u00dften australischen Zuckerhersteller Mackay Sugar Limited haben wir unseren Internationalisierungskurs fortgesetzt und sind in die Rohrzuckerproduktion eingestiegen: Der Nordzucker Konzern. Ein Zuckerunternehmen durch und durch. Und heute einer der f\u00fchrenden Produzenten weltweit.<\/p>\n\n\n\n<p>F\u00fcr weitere Informationen zu einzelnen Gesellschaften (teilweise nur in Landessprache), klicken Sie bitte in der folgenden Tabelle auf die Namen.<\/p>\n\n\n\n<p>__________________________________________________________________________________________________<\/p>\n\n\n\n<h4 class=\"wp-block-heading\">Beteiligungen Nordzucker AG<\/h4>\n\n\n\n<figure class=\"wp-block-table\"><table><tbody><tr><td>Nordzucker GmbH &amp; Co. KG Braunschweig \/ Deutschland<\/td><td class=\"has-text-align-right\" data-align=\"right\">100 %<\/td><\/tr><tr><td>Nordzucker Ireland Ltd. Dublin \/ Irland<\/td><td class=\"has-text-align-right\" data-align=\"right\">100 %<\/td><\/tr><tr><td>Nordic Sugar A\/B, Malm\u00f6 \/ Schweden<\/td><td class=\"has-text-align-right\" data-align=\"right\">100 %<\/td><\/tr><tr><td>Nordic Sugar A\/S, Kopenhagen \/ D\u00e4nemark<\/td><td class=\"has-text-align-right\" data-align=\"right\">100 %<\/td><\/tr><tr><td>UAB Nordzucker Business Service Center Kaunas \/ Litauen<\/td><td class=\"has-text-align-right\" data-align=\"right\">100 %<\/td><\/tr><tr><td><a href=\"https:\/\/www.nordzucker.pl\/\">Nordzucker Polska S.A., Opalenica \/ Polen<\/a><\/td><td class=\"has-text-align-right\" data-align=\"right\">99,87 %<\/td><\/tr><tr><td><a href=\"https:\/\/www.nordzucker.com\/en\/the-sugar-company\/governance\/group-structure\/povazsky-cukor-a-s\/\">Pova\u017esk\u00fd cukor a.s., Tren\u010dianska Tepl\u00e1 \/ Slowakei<\/a><\/td><td class=\"has-text-align-right\" data-align=\"right\">96,80 %<\/td><\/tr><tr><td>Suomen Sokeri OY, Kantvik \/ Finnland<\/td><td class=\"has-text-align-right\" data-align=\"right\">80 %<\/td><\/tr><tr><td>Sucros OY, S\u00e4kyl\u00e4 \/ Finnland<\/td><td class=\"has-text-align-right\" data-align=\"right\">80 %<\/td><\/tr><tr><td>AB Nordic Sugar K\u0117dainiai, K\u0117dainiai \/ Litauen<\/td><td class=\"has-text-align-right\" data-align=\"right\">72,78 %<\/td><\/tr><tr><td><a href=\"https:\/\/www.mkysugar.com.au\/\" target=\"_blank\" rel=\"noreferrer noopener\">Mackay Sugar Limited Ltd., Mackay \/ Australien<\/a><\/td><td class=\"has-text-align-right\" data-align=\"right\">70,94 %<\/td><\/tr><tr><td>Norddeutsche Fl\u00fcssigzucker GmbH &amp; Co. KG, Braunschweig \/ Deutschland<\/td><td class=\"has-text-align-right\" data-align=\"right\">70 %<\/td><\/tr><tr><td>Nordzucker Plant Based Ingredients GmbH, Braunschweig \/ Deutschland<\/td><td class=\"has-text-align-right\" data-align=\"right\">100 %<\/td><\/tr><\/tbody><\/table><\/figure>\n","protected":false},"excerpt":{"rendered":"<p>Europ\u00e4isches und globales Wachstum Der Zuckerr\u00fcbenanbau in Europa ist die Grundlage f\u00fcr unser Kerngesch\u00e4ft. Hier ist die Nordzucker AG gewachsen und hier sind wir mit [&hellip;]<\/p>\n","protected":false},"author":1,"featured_media":1322,"parent":36,"menu_order":5,"comment_status":"closed","ping_status":"closed","template":"","meta":{"footnotes":""},"page_category":[],"acf":[],"_links":{"self":[{"href":"https:\/\/www.nordzucker.com\/de\/wp-json\/wp\/v2\/pages\/332"}],"collection":[{"href":"https:\/\/www.nordzucker.com\/de\/wp-json\/wp\/v2\/pages"}],"about":[{"href":"https:\/\/www.nordzucker.com\/de\/wp-json\/wp\/v2\/types\/page"}],"author":[{"embeddable":true,"href":"https:\/\/www.nordzucker.com\/de\/wp-json\/wp\/v2\/users\/1"}],"replies":[{"embeddable":true,"href":"https:\/\/www.nordzucker.com\/de\/wp-json\/wp\/v2\/comments?post=332"}],"version-history":[{"count":44,"href":"https:\/\/www.nordzucker.com\/de\/wp-json\/wp\/v2\/pages\/332\/revisions"}],"predecessor-version":[{"id":9884,"href":"https:\/\/www.nordzucker.com\/de\/wp-json\/wp\/v2\/pages\/332\/revisions\/9884"}],"up":[{"embeddable":true,"href":"https:\/\/www.nordzucker.com\/de\/wp-json\/wp\/v2\/pages\/36"}],"wp:featuredmedia":[{"embeddable":true,"href":"https:\/\/www.nordzucker.com\/de\/wp-json\/wp\/v2\/media\/1322"}],"wp:attachment":[{"href":"https:\/\/www.nordzucker.com\/de\/wp-json\/wp\/v2\/media?parent=332"}],"wp:term":[{"taxonomy":"page_category","embeddable":true,"href":"https:\/\/www.nordzucker.com\/de\/wp-json\/wp\/v2\/page_category?post=332"}],"curies":[{"name":"wp","href":"https:\/\/api.w.org\/{rel}","templated":true}]}}