{"id":327,"date":"2024-07-08T14:01:13","date_gmt":"2024-07-08T12:01:13","guid":{"rendered":"https:\/\/www.nordzucker.com\/de\/?page_id=327"},"modified":"2025-08-12T16:13:52","modified_gmt":"2025-08-12T14:13:52","slug":"aktionaere","status":"publish","type":"page","link":"https:\/\/www.nordzucker.com\/de\/the-sugar-company\/governance\/aktionaere\/","title":{"rendered":"Aktion\u00e4re"},"content":{"rendered":"\n<h2 class=\"wp-block-heading\">Anbauer als Eigent\u00fcmer: Vertrauens\u00ad\u00advolle Partnerschaft seit Generationen<\/h2>\n\n\n\n<div class=\"py-4 text-xl leading-8\">\n\tDie Geschichte von Nordzucker spiegelt sich insbesondere in der Aktion\u00e4rsstruktur wider: Der Gro\u00dfteil unserer Aktion\u00e4rinnen und Aktion\u00e4re sind aktive Zuckerr\u00fcbenanbauer \u2013 eine Verbindung, die uns stark macht.<\/div>\n\n\n<p>Die Nordzucker AG ist eine nicht b\u00f6rsennotierte Aktiengesellschaft. Die Nordzucker Holding AG ist die Muttergesellschaft der Nordzucker AG. Sie h\u00e4lt 83,8 Prozent der Anteile an der Nordzucker AG, die das operative Gesch\u00e4ft betreibt. Die Nordzucker Holding AG konzentriert sich auf die Verwaltung der Beteiligung, der Aktien und der R\u00fcbenlieferanspr\u00fcche. Die B\u00fcndelung und Vertretung der Interessen der b\u00e4uerlichen Aktion\u00e4re, insbesondere auf der Hauptversammlung der Nordzucker AG, ist Hauptzweck der Gesellschaft.<\/p>\n\n\n\n<p>Die Union-Zucker S\u00fcdhannover GmbH h\u00e4lt 11,1 Prozent der Aktien an der Nordzucker AG.<\/p>\n\n\n\n<p>Rund 95 Prozent der Anteile werden damit von den beiden Holding-Gesellschaften gehalten. Rund 5 Prozent der Aktien der Nordzucker AG befinden sich in Streubesitz.&nbsp;<\/p>\n\n\n<figure>\n\t\t\t<img decoding=\"async\" src=\"https:\/\/www.nordzucker.com\/de\/wp-content\/uploads\/sites\/2\/2020\/08\/Aktionaersstruktur-Nordzucker.jpg\" class=\"max-w-full\" \/>\n\t\t<\/figure>\n\n<figure>\n\t\t\t<a href=\"https:\/\/v.imgi.no\/gfju655klm\" target=\"_blank\">\n\t\t\t\t<img decoding=\"async\" src=\"https:\/\/www.nordzucker.com\/de\/wp-content\/uploads\/sites\/2\/2024\/07\/240704-HV-auf-Buehne-3-klein-neu-1.jpg\" class=\"max-w-full\" \/>\n\t\t\t<\/a>\n\t\t\t\t\t<figcaption class=\"italic text-sm mt-1\">\n\t\t\tKicken Sie auf das Bild und Sie k\u00f6nnen den Bericht des Vorstands auf der Hauptversammlung 2024 noch einmal sehen.\t\t<\/figcaption>\n\t\t<\/figure>\n\n<div>\n\t<amp-accordion\n\t\tid=\"accordion_69e53f3739d06\"\n\t\ton=\"expand:AMP.setState({ 'accordion_69e53f3739d06': true });collapse:AMP.setState({ 'accordion_69e53f3739d06': false })\"\n\t\tdisable-session-states\n\t>\n\t\t<section>\n\t\t\t<h3 class=\"border-none outline-0 bg-primary-lighten-4 p-4 pl-16 my-2 font-bold text-lg relative\">\n\t\t\t\tNordzucker AG\t\t\t\t<div class=\"inline-block absolute left-0 ml-4 top-0 mt-4\">\n\t\t\t\t\t<div class=\"block\" [class]=\"!accordion_69e53f3739d06 ? 'block' : 'hidden'\">\n\t\t\t\t\t\t\t<span class=\"icon icon--size-2\" style=\"background: url(https:\/\/www.nordzucker.com\/de\/wp-content\/themes\/app\/public\/icons\/arrow-down-solid-dark.svg?ver=125) center no-repeat;\"><\/span>\n\t\t\t\t\t\t<\/div>\n\t\t\t\t\t<div class=\"hidden\" [class]=\"accordion_69e53f3739d06 ? 'block' : 'hidden'\">\n\t\t\t\t\t\t\t<span class=\"icon icon--size-2\" style=\"background: url(https:\/\/www.nordzucker.com\/de\/wp-content\/themes\/app\/public\/icons\/arrow-up-solid-dark.svg?ver=125) center no-repeat;\"><\/span>\n\t\t\t\t\t\t<\/div>\n\t\t\t\t<\/div>\n\t\t\t<\/h3>\n\t\t\t<div class=\"content pl-8 py-2\">\n\t\t\t\t\n\n<p>Die Nordzucker AG f\u00fchrt j\u00e4hrlich eine Hauptversammlung durch. Alle Termine und Dokumente rund um die Hauptversammlung der Nordzucker AG <a href=\"https:\/\/www.nordzucker.com\/de\/the-sugar-company\/governance\/aktionaere\/nordzucker-ag\/\">finden Sie hier<\/a>.<\/p>\n\n\t\t\t<\/div>\n\t\t<\/section>\n\t<\/amp-accordion>\n<\/div>\n\n<div>\n\t<amp-accordion\n\t\tid=\"accordion_69e53f373a0e6\"\n\t\ton=\"expand:AMP.setState({ 'accordion_69e53f373a0e6': true });collapse:AMP.setState({ 'accordion_69e53f373a0e6': false })\"\n\t\tdisable-session-states\n\t>\n\t\t<section>\n\t\t\t<h3 class=\"border-none outline-0 bg-primary-lighten-4 p-4 pl-16 my-2 font-bold text-lg relative\">\n\t\t\t\tNordzucker Holding AG\t\t\t\t<div class=\"inline-block absolute left-0 ml-4 top-0 mt-4\">\n\t\t\t\t\t<div class=\"block\" [class]=\"!accordion_69e53f373a0e6 ? 'block' : 'hidden'\">\n\t\t\t\t\t\t\t<span class=\"icon icon--size-2\" style=\"background: url(https:\/\/www.nordzucker.com\/de\/wp-content\/themes\/app\/public\/icons\/arrow-down-solid-dark.svg?ver=125) center no-repeat;\"><\/span>\n\t\t\t\t\t\t<\/div>\n\t\t\t\t\t<div class=\"hidden\" [class]=\"accordion_69e53f373a0e6 ? 'block' : 'hidden'\">\n\t\t\t\t\t\t\t<span class=\"icon icon--size-2\" style=\"background: url(https:\/\/www.nordzucker.com\/de\/wp-content\/themes\/app\/public\/icons\/arrow-up-solid-dark.svg?ver=125) center no-repeat;\"><\/span>\n\t\t\t\t\t\t<\/div>\n\t\t\t\t<\/div>\n\t\t\t<\/h3>\n\t\t\t<div class=\"content pl-8 py-2\">\n\t\t\t\t\n\n<p>Alle Information zur Nordzucker Holding, zur Hauptversammlung und dem Gesch\u00e4ftsbericht <a href=\"https:\/\/www.nordzucker.com\/de\/the-sugar-company\/governance\/aktionaere\/nordzucker-holding\/\">finden Sie hier<\/a>.<\/p>\n\n\t\t\t<\/div>\n\t\t<\/section>\n\t<\/amp-accordion>\n<\/div>\n\n<div>\n\t<amp-accordion\n\t\tid=\"accordion_69e53f373a4b0\"\n\t\ton=\"expand:AMP.setState({ 'accordion_69e53f373a4b0': true });collapse:AMP.setState({ 'accordion_69e53f373a4b0': false })\"\n\t\tdisable-session-states\n\t>\n\t\t<section>\n\t\t\t<h3 class=\"border-none outline-0 bg-primary-lighten-4 p-4 pl-16 my-2 font-bold text-lg relative\">\n\t\t\t\tUnion-Zucker S\u00fcdhannover GmbH\t\t\t\t<div class=\"inline-block absolute left-0 ml-4 top-0 mt-4\">\n\t\t\t\t\t<div class=\"block\" [class]=\"!accordion_69e53f373a4b0 ? 'block' : 'hidden'\">\n\t\t\t\t\t\t\t<span class=\"icon icon--size-2\" style=\"background: url(https:\/\/www.nordzucker.com\/de\/wp-content\/themes\/app\/public\/icons\/arrow-down-solid-dark.svg?ver=125) center no-repeat;\"><\/span>\n\t\t\t\t\t\t<\/div>\n\t\t\t\t\t<div class=\"hidden\" [class]=\"accordion_69e53f373a4b0 ? 'block' : 'hidden'\">\n\t\t\t\t\t\t\t<span class=\"icon icon--size-2\" style=\"background: url(https:\/\/www.nordzucker.com\/de\/wp-content\/themes\/app\/public\/icons\/arrow-up-solid-dark.svg?ver=125) center no-repeat;\"><\/span>\n\t\t\t\t\t\t<\/div>\n\t\t\t\t<\/div>\n\t\t\t<\/h3>\n\t\t\t<div class=\"content pl-8 py-2\">\n\t\t\t\t\n\n<p>Die Union-Zucker S\u00fcdhannover GmbH f\u00fchrt einmal im Jahr eine ordentliche Gesellschafterversammlung durch. Alle wichtigen Dokumente und Links rund um die Union-Zucker S\u00fcdhannover GmbH<a href=\"https:\/\/www.nordzucker.com\/de\/the-sugar-company\/governance\/aktionaere\/union-zucker-suedhannover-gmbh\/\"> finden Sie hier<\/a>.<\/p>\n\n\t\t\t<\/div>\n\t\t<\/section>\n\t<\/amp-accordion>\n<\/div>\n\n<div class=\"py-6\"><\/div>\n\n<div class=\"bg-primary-lighten-4 px-16 py-10\">\n\t\t\t<h3 class=\"text-2xl mb-4 font-alt font-semibold\">\n\t\t\tAktientreff\t\t<\/h3>\n\t\t    <div class=\"content py-2\">\n\t\t\n\n<p>Die Anteile der Nordzucker AG werden als auf den Namen des jeweiligen Aktion\u00e4rs lautende Aktien (Namensaktien) gehalten. Sie sind nicht an der B\u00f6rse notiert, jedoch seit 2005 mit Aufhebung der Vinkulierung frei handelbar. An die Aktien der Nordzucker Holding AG ist ein Lieferanspruch gekoppelt. Erwerben k\u00f6nnen diese Aktien R\u00fcbenanbauer, P\u00e4chter und Verp\u00e4chter r\u00fcbenf\u00e4higen Landes im Einzugsgebiet der Nordzucker AG.<\/p>\n\n\t<\/div>\n\t\t\t<div class=\"mt-4\">\n\t\t\t\t\t<a href=\"https:\/\/nordzucker-aktientreff.de\/\"  target=\"_blank\" class=\"button h5 inline-block font-bold uppercase py-2 px-6 leading-6 rounded-full border border-[3px] border-primary \">\n\t\t\t<span class=\"inline-block text-primary\">Hier geht&#8217;s zum Aktientreff<\/span>\n\t\t<\/a>\n\t\t<\/div>\n\t\t\n<\/div>","protected":false},"excerpt":{"rendered":"<p>Anbauer als Eigent\u00fcmer: Vertrauens\u00ad\u00advolle Partnerschaft seit Generationen Die Nordzucker AG ist eine nicht b\u00f6rsennotierte Aktiengesellschaft. Die Nordzucker Holding AG ist die Muttergesellschaft der Nordzucker AG. [&hellip;]<\/p>\n","protected":false},"author":1,"featured_media":9635,"parent":36,"menu_order":4,"comment_status":"closed","ping_status":"closed","template":"","meta":{"footnotes":""},"page_category":[],"acf":[],"_links":{"self":[{"href":"https:\/\/www.nordzucker.com\/de\/wp-json\/wp\/v2\/pages\/327"}],"collection":[{"href":"https:\/\/www.nordzucker.com\/de\/wp-json\/wp\/v2\/pages"}],"about":[{"href":"https:\/\/www.nordzucker.com\/de\/wp-json\/wp\/v2\/types\/page"}],"author":[{"embeddable":true,"href":"https:\/\/www.nordzucker.com\/de\/wp-json\/wp\/v2\/users\/1"}],"replies":[{"embeddable":true,"href":"https:\/\/www.nordzucker.com\/de\/wp-json\/wp\/v2\/comments?post=327"}],"version-history":[{"count":105,"href":"https:\/\/www.nordzucker.com\/de\/wp-json\/wp\/v2\/pages\/327\/revisions"}],"predecessor-version":[{"id":11559,"href":"https:\/\/www.nordzucker.com\/de\/wp-json\/wp\/v2\/pages\/327\/revisions\/11559"}],"up":[{"embeddable":true,"href":"https:\/\/www.nordzucker.com\/de\/wp-json\/wp\/v2\/pages\/36"}],"wp:featuredmedia":[{"embeddable":true,"href":"https:\/\/www.nordzucker.com\/de\/wp-json\/wp\/v2\/media\/9635"}],"wp:attachment":[{"href":"https:\/\/www.nordzucker.com\/de\/wp-json\/wp\/v2\/media?parent=327"}],"wp:term":[{"taxonomy":"page_category","embeddable":true,"href":"https:\/\/www.nordzucker.com\/de\/wp-json\/wp\/v2\/page_category?post=327"}],"curies":[{"name":"wp","href":"https:\/\/api.w.org\/{rel}","templated":true}]}}