{"id":323,"date":"2024-07-25T08:15:16","date_gmt":"2024-07-25T06:15:16","guid":{"rendered":"https:\/\/www.nordzucker.com\/de\/?page_id=323"},"modified":"2026-03-02T16:16:57","modified_gmt":"2026-03-02T15:16:57","slug":"aufsichtsrat","status":"publish","type":"page","link":"https:\/\/www.nordzucker.com\/de\/the-sugar-company\/governance\/aufsichtsrat\/","title":{"rendered":"Aufsichtsrat"},"content":{"rendered":"\n<h2 class=\"wp-block-heading\">Beraten, kontrollieren \u2013 und vor allem: zusammen\u00adarbeiten<\/h2>\n\n\n\n<div class=\"py-4 text-xl leading-8\">\n\tDie Mitglieder des Aufsichtsrats kennen Unternehmen und Gesch\u00e4ft \u2013 und nehmen gewissenhaft ihre Aufgabe wahr, den Nordzucker Vorstand zu beraten, zu \u00fcberwachen und mit ihm eng und vertrauensvoll als Vertreter aller Aktion\u00e4re zusammenzuarbeiten. <\/div>\n\n<figure>\n\t\t\t<img decoding=\"async\" src=\"https:\/\/www.nordzucker.com\/de\/wp-content\/uploads\/sites\/2\/2022\/07\/220310-Juister-web.jpg\" class=\"max-w-full\" \/>\n\t\t<\/figure>\n\n\n<h3 class=\"wp-block-heading\">Vorsitzender des Aufsichtsrats<\/h3>\n\n\n\n<p>Jochen Johannes Juister, Landwirt, Nordhastedt<\/p>\n\n\n<div>\n\t<amp-accordion\n\t\tid=\"accordion_69e55816b3c46\"\n\t\ton=\"expand:AMP.setState({ 'accordion_69e55816b3c46': true });collapse:AMP.setState({ 'accordion_69e55816b3c46': false })\"\n\t\tdisable-session-states\n\t>\n\t\t<section>\n\t\t\t<h3 class=\"border-none outline-0 bg-primary-lighten-4 p-4 pl-16 my-2 font-bold text-lg relative\">\n\t\t\t\tErfahrungen\t\t\t\t<div class=\"inline-block absolute left-0 ml-4 top-0 mt-4\">\n\t\t\t\t\t<div class=\"block\" [class]=\"!accordion_69e55816b3c46 ? 'block' : 'hidden'\">\n\t\t\t\t\t\t\t<span class=\"icon icon--size-2\" style=\"background: url(https:\/\/www.nordzucker.com\/de\/wp-content\/themes\/app\/public\/icons\/arrow-down-solid-dark.svg?ver=125) center no-repeat;\"><\/span>\n\t\t\t\t\t\t<\/div>\n\t\t\t\t\t<div class=\"hidden\" [class]=\"accordion_69e55816b3c46 ? 'block' : 'hidden'\">\n\t\t\t\t\t\t\t<span class=\"icon icon--size-2\" style=\"background: url(https:\/\/www.nordzucker.com\/de\/wp-content\/themes\/app\/public\/icons\/arrow-up-solid-dark.svg?ver=125) center no-repeat;\"><\/span>\n\t\t\t\t\t\t<\/div>\n\t\t\t\t<\/div>\n\t\t\t<\/h3>\n\t\t\t<div class=\"content pl-8 py-2\">\n\t\t\t\t\n\n<ul>\n<li>Seit 2018<br>Aufsichtsratsvorsitzender der Nordzucker AG<\/li>\n\n\n\n<li>Seit 2016<br>Stellvertretender Aufsichtsratsvorsitzender der Nordzucker AG<\/li>\n\n\n\n<li>Seit 2012<br>Vorstandsvorsitzender der Nordzucker Holding AG<\/li>\n\n\n\n<li>Seit 2007<br>Mitglied im Aufsichtsrat der Nordzucker AG<\/li>\n\n\n\n<li>Seit 1990<br>Landwirt mit 70 ha Zuckerr\u00fcbenanbau, Gr\u00fcnder und Gesch\u00e4ftsf\u00fchrer mehrerer landwirtschaftlicher Dienstleistungsgesellschaften im operativen Gesch\u00e4ft, seit 2014 im Vorstand dieser Gesellschaften mit Schwerpunkt Strategie und Mitarbeiterf\u00fchrung<\/li>\n\n\n\n<li>1981-1989<br>Abitur, landwirtschaftliche Ausbildung, Studium der Agrarwissenschaft in Kiel<\/li>\n<\/ul>\n\n\t\t\t<\/div>\n\t\t<\/section>\n\t<\/amp-accordion>\n<\/div>\n\n<div class=\"py-6\"><\/div>\n\n\n<h3 class=\"wp-block-heading\">Zusammensetzung des Aufsichtsrats<\/h3>\n\n\n\n<h4 class=\"wp-block-heading\">Vertreter der Aktion\u00e4re<\/h4>\n\n\n\n<ul>\n<li>Jochen Johannes Juister (Vorsitzender), Landwirt, Nordhastedt<\/li>\n\n\n\n<li>Bernd Schliephacke (stellvertretender Vorsitzender) Landwirt, Rohrsheim<\/li>\n\n\n\n<li>Alexander Heidebroek, Landwirt, Gevensleben<\/li>\n\n\n\n<li>Friedrich Christoph Heins, Landwirt, Uehrde<\/li>\n\n\n\n<li>Eckhard Hinrichs, Landwirt, Wieren-Wrestedt<\/li>\n\n\n\n<li>Christoph Kl\u00f6pper, Mitglied des Vorstands, Landgard eG, Straelen-Herongen<\/li>\n\n\n\n<li>Oliver Seidl, selbstst\u00e4ndiger Unternehmensberater \/ ehemaliger CFO der DB Schenker AG, Stuttgart<\/li>\n\n\n\n<li>Dr. Carin-Martina Tr\u00f6ltzsch, Mitglied des Vorstands, K+S Aktiengesellschaft, Bad Homburg<\/li>\n\n\n\n<li>Dr. Ulf Wegener, Landwirt, Hassel (Weser)<\/li>\n\n\n\n<li>Grit Worsch<\/li>\n<\/ul>\n\n\n\n<h4 class=\"wp-block-heading\">Vertreter der Arbeitnehmer<\/h4>\n\n\n\n<ul>\n<li>Sigrun Krussmann (stellvertretende Vorsitzende), Laborantin, Seelze<\/li>\n\n\n\n<li>Steffen Bl\u00fcmel, Energieanlagenelektroniker, Uelzen<\/li>\n\n\n\n<li>Irmhild B\u00f6rner, kaufm\u00e4nnische Angestellte, Sehnde<\/li>\n\n\n\n<li>Ulf Gabriel, Elektromeister, Banteln<\/li>\n\n\n\n<li>Olaf Joern, Mechatroniker, Uelzen<\/li>\n<\/ul>\n\n\n\n<p><\/p>\n","protected":false},"excerpt":{"rendered":"<p>Beraten, kontrollieren \u2013 und vor allem: zusammen\u00adarbeiten Vorsitzender des Aufsichtsrats Jochen Johannes Juister, Landwirt, Nordhastedt Zusammensetzung des Aufsichtsrats Vertreter der Aktion\u00e4re Vertreter der Arbeitnehmer<\/p>\n","protected":false},"author":1,"featured_media":1338,"parent":36,"menu_order":3,"comment_status":"closed","ping_status":"closed","template":"","meta":{"footnotes":""},"page_category":[],"acf":[],"_links":{"self":[{"href":"https:\/\/www.nordzucker.com\/de\/wp-json\/wp\/v2\/pages\/323"}],"collection":[{"href":"https:\/\/www.nordzucker.com\/de\/wp-json\/wp\/v2\/pages"}],"about":[{"href":"https:\/\/www.nordzucker.com\/de\/wp-json\/wp\/v2\/types\/page"}],"author":[{"embeddable":true,"href":"https:\/\/www.nordzucker.com\/de\/wp-json\/wp\/v2\/users\/1"}],"replies":[{"embeddable":true,"href":"https:\/\/www.nordzucker.com\/de\/wp-json\/wp\/v2\/comments?post=323"}],"version-history":[{"count":49,"href":"https:\/\/www.nordzucker.com\/de\/wp-json\/wp\/v2\/pages\/323\/revisions"}],"predecessor-version":[{"id":12256,"href":"https:\/\/www.nordzucker.com\/de\/wp-json\/wp\/v2\/pages\/323\/revisions\/12256"}],"up":[{"embeddable":true,"href":"https:\/\/www.nordzucker.com\/de\/wp-json\/wp\/v2\/pages\/36"}],"wp:featuredmedia":[{"embeddable":true,"href":"https:\/\/www.nordzucker.com\/de\/wp-json\/wp\/v2\/media\/1338"}],"wp:attachment":[{"href":"https:\/\/www.nordzucker.com\/de\/wp-json\/wp\/v2\/media?parent=323"}],"wp:term":[{"taxonomy":"page_category","embeddable":true,"href":"https:\/\/www.nordzucker.com\/de\/wp-json\/wp\/v2\/page_category?post=323"}],"curies":[{"name":"wp","href":"https:\/\/api.w.org\/{rel}","templated":true}]}}