{"id":310,"date":"2023-10-27T12:13:40","date_gmt":"2023-10-27T10:13:40","guid":{"rendered":"https:\/\/www.nordzucker.com\/de\/?page_id=310"},"modified":"2023-10-27T12:13:40","modified_gmt":"2023-10-27T10:13:40","slug":"values","status":"publish","type":"page","link":"https:\/\/www.nordzucker.com\/de\/the-sugar-company\/unternehmensprofil\/values\/","title":{"rendered":"Unsere Werte"},"content":{"rendered":"\n<h2 class=\"wp-block-heading\">Ver\u00adant\u00ad\u00ad\u00ad\u00ad\u00ad\u00ad\u00ad\u00adwortung, Engagement, Courage und Wert\u00ad\u00adsch\u00e4tzung<\/h2>\n\n\n\n<div class=\"py-4 text-xl leading-8\">\n\tUnsere vier Werte sind unternehmensweit Ausdruck unserer Haltung. Sie sind die Richtschnur f\u00fcr unsere Entscheidungen und t\u00e4gliche Zusammenarbeit.<\/div>\n\n\n<p>Bei Nordzucker bauen wir alle auf die gleichen vier Werte, die richtungsweisend sind f\u00fcr unsere Arbeit. Unser Verhalten bestimmt das Bild, das die Welt von uns hat. Wir orientieren uns an unseren gemeinsamen Werten und lassen uns an ihnen messen.<\/p>\n\n\n\n<h4 class=\"wp-block-heading\">Verantwortung<\/h4>\n\n\n\n<p>Wir verpflichten uns zu nachhaltigem Handeln.&nbsp;Wir \u00fcbernehmen Verantwortung f\u00fcr unser Handeln und dessen Auswirkungen auf unsere Umwelt. Jeder von uns tr\u00e4gt Verantwortung f\u00fcr seinen Aufgabenbereich und hat damit Anteil am Erfolg unseres Unternehmens.\u00ad<\/p>\n\n\n\n<h4 class=\"wp-block-heading\">Engagement<\/h4>\n\n\n\n<p>Wir arbeiten mit Begeisterung und sind in besonderem Ma\u00dfe engagiert. Wir wollen bei allem unser Bestes geben. Unsere Zusammenarbeit ist der Schl\u00fcssel zum Erfolg.<\/p>\n\n\n\n<h4 class=\"wp-block-heading\">Courage<\/h4>\n\n\n\n<p>Unser Mut hilft uns, innovativ zu sein, zu entscheiden und uns zu ver\u00e4ndern. Dies wird uns weiter voranbringen. Um uns weiterzuentwickeln, sind wir bereit, Fehler zu akzeptieren und aus ihnen zu lernen.<\/p>\n\n\n\n<h4 class=\"wp-block-heading\">Wertsch\u00e4tzung<\/h4>\n\n\n\n<p>Wir pflegen einen respektvollen Umgang miteinander wie auch mit unseren Kunden, Lieferanten und allen anderen Stakeholdern. Wir sind \u00fcberzeugt, dass ein offener und aufrichtiger Dialog zur Verbesserung unserer Leistung beitr\u00e4gt.<\/p>\n\n\n\n<p>Unsere vier Werte bilden das Fundament f\u00fcr unseren gemeinsamen Verhaltenskodex.<\/p>\n","protected":false},"excerpt":{"rendered":"<p>Ver\u00adant\u00ad\u00ad\u00ad\u00ad\u00ad\u00ad\u00ad\u00adwortung, Engagement, Courage und Wert\u00ad\u00adsch\u00e4tzung Bei Nordzucker bauen wir alle auf die gleichen vier Werte, die richtungsweisend sind f\u00fcr unsere Arbeit. Unser Verhalten bestimmt das [&hellip;]<\/p>\n","protected":false},"author":1,"featured_media":1299,"parent":34,"menu_order":0,"comment_status":"closed","ping_status":"closed","template":"","meta":{"footnotes":""},"page_category":[],"acf":[],"_links":{"self":[{"href":"https:\/\/www.nordzucker.com\/de\/wp-json\/wp\/v2\/pages\/310"}],"collection":[{"href":"https:\/\/www.nordzucker.com\/de\/wp-json\/wp\/v2\/pages"}],"about":[{"href":"https:\/\/www.nordzucker.com\/de\/wp-json\/wp\/v2\/types\/page"}],"author":[{"embeddable":true,"href":"https:\/\/www.nordzucker.com\/de\/wp-json\/wp\/v2\/users\/1"}],"replies":[{"embeddable":true,"href":"https:\/\/www.nordzucker.com\/de\/wp-json\/wp\/v2\/comments?post=310"}],"version-history":[{"count":16,"href":"https:\/\/www.nordzucker.com\/de\/wp-json\/wp\/v2\/pages\/310\/revisions"}],"predecessor-version":[{"id":7958,"href":"https:\/\/www.nordzucker.com\/de\/wp-json\/wp\/v2\/pages\/310\/revisions\/7958"}],"up":[{"embeddable":true,"href":"https:\/\/www.nordzucker.com\/de\/wp-json\/wp\/v2\/pages\/34"}],"wp:featuredmedia":[{"embeddable":true,"href":"https:\/\/www.nordzucker.com\/de\/wp-json\/wp\/v2\/media\/1299"}],"wp:attachment":[{"href":"https:\/\/www.nordzucker.com\/de\/wp-json\/wp\/v2\/media?parent=310"}],"wp:term":[{"taxonomy":"page_category","embeddable":true,"href":"https:\/\/www.nordzucker.com\/de\/wp-json\/wp\/v2\/page_category?post=310"}],"curies":[{"name":"wp","href":"https:\/\/api.w.org\/{rel}","templated":true}]}}