{"id":14,"date":"2020-06-27T22:34:03","date_gmt":"2020-06-27T22:34:03","guid":{"rendered":"https:\/\/www.nordzucker.com\/de\/?page_id=14"},"modified":"2025-10-29T16:16:58","modified_gmt":"2025-10-29T15:16:58","slug":"the-sugar-company","status":"publish","type":"page","link":"https:\/\/www.nordzucker.com\/de\/the-sugar-company\/","title":{"rendered":"THE Sugar Company"},"content":{"rendered":"\n<h2 class=\"wp-block-heading\">Global aktiv \u2013 regional verwurzelt: Das ist Nordzucker<\/h2>\n\n\n\n<div class=\"py-4 text-xl leading-8\">\n\tAls eines der weltweit f\u00fchrenden Zuckerunternehmen gewinnt Nordzucker in Europa und Australien Zucker aus R\u00fcbe &#038; Rohr. Unsere Unternehmenswerte und die enge Verbindung zu unseren Anbauern und Kunden sind unser Fundament und Basis f\u00fcr unseren wirtschaftlichen Erfolg.<\/div>\n\n\n<figure>\n            <amp-iframe\n            width=\"16\"\n            height=\"9\"\n            layout=\"responsive\"\n            sandbox=\"allow-scripts allow-same-origin\"\n            style=\"border: 0;\"\n            src=\" https:\/\/v.imgi.no\/n3lbldmrvj\"\n            frameborder=\"0\"\n            allowfullscreen=\"allowfullscreen\">\n        <\/amp-iframe>\n        \t<\/figure>","protected":false},"excerpt":{"rendered":"<p>Wir geh\u00f6ren zu den weltweit f\u00fchrenden Zuckerherstellern und sind stolz darauf, dass unsere Produkte unter hohen Sozial- und Qualit\u00e4tsstandards hergestellt werden.<\/p>\n","protected":false},"author":1,"featured_media":10518,"parent":0,"menu_order":0,"comment_status":"closed","ping_status":"closed","template":"","meta":{"footnotes":""},"page_category":[],"acf":[],"_links":{"self":[{"href":"https:\/\/www.nordzucker.com\/de\/wp-json\/wp\/v2\/pages\/14"}],"collection":[{"href":"https:\/\/www.nordzucker.com\/de\/wp-json\/wp\/v2\/pages"}],"about":[{"href":"https:\/\/www.nordzucker.com\/de\/wp-json\/wp\/v2\/types\/page"}],"author":[{"embeddable":true,"href":"https:\/\/www.nordzucker.com\/de\/wp-json\/wp\/v2\/users\/1"}],"replies":[{"embeddable":true,"href":"https:\/\/www.nordzucker.com\/de\/wp-json\/wp\/v2\/comments?post=14"}],"version-history":[{"count":16,"href":"https:\/\/www.nordzucker.com\/de\/wp-json\/wp\/v2\/pages\/14\/revisions"}],"predecessor-version":[{"id":11789,"href":"https:\/\/www.nordzucker.com\/de\/wp-json\/wp\/v2\/pages\/14\/revisions\/11789"}],"wp:featuredmedia":[{"embeddable":true,"href":"https:\/\/www.nordzucker.com\/de\/wp-json\/wp\/v2\/media\/10518"}],"wp:attachment":[{"href":"https:\/\/www.nordzucker.com\/de\/wp-json\/wp\/v2\/media?parent=14"}],"wp:term":[{"taxonomy":"page_category","embeddable":true,"href":"https:\/\/www.nordzucker.com\/de\/wp-json\/wp\/v2\/page_category?post=14"}],"curies":[{"name":"wp","href":"https:\/\/api.w.org\/{rel}","templated":true}]}}