{"id":1128,"date":"2020-08-21T06:26:12","date_gmt":"2020-08-21T06:26:12","guid":{"rendered":"https:\/\/www.nordzucker.com\/de\/?page_id=1128"},"modified":"2023-07-11T09:57:02","modified_gmt":"2023-07-11T07:57:02","slug":"racecourse","status":"publish","type":"page","link":"https:\/\/www.nordzucker.com\/de\/the-sugar-company\/standorte\/racecourse\/","title":{"rendered":"Racecourse"},"content":{"rendered":"\n<h2 class=\"wp-block-heading\">Rohzuckerfabrik, Raffinerie und Stromerzeuger<\/h2>\n\n\n\n<div class=\"py-4 text-xl leading-8\">\n\t1889 er\u00f6ffnet, liefert das Werk heute nicht nur Rohzucker aus Zuckerrohr, sondern auch elektrische Energie.<\/div>\n\n\n<p>Die Rohzuckerfabrik Racecourse ist eine der drei Fabriken von Mackay Sugar Limited (MSL) und gleichzeitig Sitz der Gesellschaft, an der die Nordzucker eine 70 Prozent Mehrheitsbeteiligung erworben hat. Alle drei Fabriken liegen im Nordwesten von Mackay in der Region Queensland in Australien.&nbsp;<\/p>\n\n\n\n<p>Die Rohzuckerfabrik in Racecourse wurde 1889 er\u00f6ffnet. Der Ort liegt etwa 2 km westlich von Mackay. 1991 wurde mit einem Partner eine Raffinationsanlage neben der Rohzuckerfabrik errichtet. Dort wird der Rohzucker raffiniert und unter der f\u00fchrenden australischen Marke CSR vertrieben. Auch aus den beiden Werken in Marian und Farleigh liefern wir Rohzucker zur Raffination nach Racecourse.<\/p>\n\n\n\n<p>Das Zuckerrohr f\u00fcr die Kampagne w\u00e4chst in der Umgebung des Werkes und wird \u00fcber ein werkseigenes Schienennetz von den Feldern zur Fabrik transportiert.<\/p>\n\n\n\n<p>In Racecourse produzieren wir neben dem Rohzucker auch Melasse und das ausgepresste Zuckerrohr, die Bagasse.&nbsp;<\/p>\n\n\n\n<p>An diesem Standort verwenden wir die Bagasse nicht nur zur eigenen Energiegewinnung. Produzierter \u00fcbersch\u00fcssiger Strom wird ebenfalls vermarktet. Dazu liefern wir Bagasse aus den beiden anderen Werken in <a href=\"https:\/\/www.nordzucker.com\/de\/the-sugar-company\/standorte\/marian\/\">Marian<\/a> und <a href=\"https:\/\/www.nordzucker.com\/de\/the-sugar-company\/standorte\/farleigh\/\">Farleigh<\/a> nach Racecourse, sofern es nicht f\u00fcr die Eigenversorgung der Werke ben\u00f6tigt wird.<\/p>\n\n\n<div class=\"bg-primary-lighten-4 px-16 py-10\">\n\t\t\t<h3 class=\"text-2xl mb-4 font-alt font-semibold\">\n\t\t\tAdresse\t\t<\/h3>\n\t\t    <div class=\"content py-2\">\n\t\t\n\n<p>Racecourse Mill<br>Peak Downs Highway<br>Racecourse via Mackay, QLD 4740<br>Australien<\/p>\n\n\t<\/div>\n\t\t\t<div class=\"mt-4\">\n\t\t\t\t\t<a href=\"https:\/\/goo.gl\/maps\/KcjXsUEB84B4MBKs7\"  target=\"_blank\" class=\"button h5 inline-block font-bold uppercase py-2 px-6 leading-6 rounded-full border border-[3px] border-primary \">\n\t\t\t<span class=\"inline-block text-primary\">Bei Google Maps anzeigen<\/span>\n\t\t<\/a>\n\t\t<\/div>\n\t\t\n<\/div>","protected":false},"excerpt":{"rendered":"<p>Rohzuckerfabrik, Raffinerie und Stromerzeuger Die Rohzuckerfabrik Racecourse ist eine der drei Fabriken von Mackay Sugar Limited (MSL) und gleichzeitig Sitz der Gesellschaft, an der die [&hellip;]<\/p>\n","protected":false},"author":1,"featured_media":2158,"parent":1043,"menu_order":-1,"comment_status":"closed","ping_status":"closed","template":"","meta":{"footnotes":""},"page_category":[],"acf":[],"_links":{"self":[{"href":"https:\/\/www.nordzucker.com\/de\/wp-json\/wp\/v2\/pages\/1128"}],"collection":[{"href":"https:\/\/www.nordzucker.com\/de\/wp-json\/wp\/v2\/pages"}],"about":[{"href":"https:\/\/www.nordzucker.com\/de\/wp-json\/wp\/v2\/types\/page"}],"author":[{"embeddable":true,"href":"https:\/\/www.nordzucker.com\/de\/wp-json\/wp\/v2\/users\/1"}],"replies":[{"embeddable":true,"href":"https:\/\/www.nordzucker.com\/de\/wp-json\/wp\/v2\/comments?post=1128"}],"version-history":[{"count":17,"href":"https:\/\/www.nordzucker.com\/de\/wp-json\/wp\/v2\/pages\/1128\/revisions"}],"predecessor-version":[{"id":7443,"href":"https:\/\/www.nordzucker.com\/de\/wp-json\/wp\/v2\/pages\/1128\/revisions\/7443"}],"up":[{"embeddable":true,"href":"https:\/\/www.nordzucker.com\/de\/wp-json\/wp\/v2\/pages\/1043"}],"wp:featuredmedia":[{"embeddable":true,"href":"https:\/\/www.nordzucker.com\/de\/wp-json\/wp\/v2\/media\/2158"}],"wp:attachment":[{"href":"https:\/\/www.nordzucker.com\/de\/wp-json\/wp\/v2\/media?parent=1128"}],"wp:term":[{"taxonomy":"page_category","embeddable":true,"href":"https:\/\/www.nordzucker.com\/de\/wp-json\/wp\/v2\/page_category?post=1128"}],"curies":[{"name":"wp","href":"https:\/\/api.w.org\/{rel}","templated":true}]}}