{"id":1124,"date":"2022-08-23T14:20:00","date_gmt":"2022-08-23T12:20:00","guid":{"rendered":"https:\/\/www.nordzucker.com\/de\/?page_id=1124"},"modified":"2023-07-11T10:18:47","modified_gmt":"2023-07-11T08:18:47","slug":"marian","status":"publish","type":"page","link":"https:\/\/www.nordzucker.com\/de\/the-sugar-company\/standorte\/marian\/","title":{"rendered":"Marian"},"content":{"rendered":"\n<h2 class=\"wp-block-heading\">Westlich von Mackay, Queensland (Australien), gelegen<\/h2>\n\n\n\n<div class=\"py-4 text-xl leading-8\">\n\t1885 gebaut, 1894 neu aufgebaut. <\/div>\n\n\n<p>Die Rohrzuckerfabrik Marian ist die gr\u00f6\u00dfte der drei Fabriken von Mackay Sugar Limited, an der die Nordzucker eine 70 Prozent Mehrheitsbeteiligung erworben hat. Alle drei Fabriken liegen im Nordwesten von Mackay in der Region Queensland in Australien.&nbsp;<\/p>\n\n\n\n<p>Marian liegt etwa 25 km westlich von Mackay. Das Werk wurde erstmals 1885 erbaut, aber nach einigen Jahren geschlossen. 1894 wurde eine neue Fabrik errichtet, in der die erste Verarbeitung 1895 stattfand.&nbsp;<\/p>\n\n\n\n<p>W\u00e4hrend der Kampagne wird aus dem Zuckerrohr der Rohzucker gewonnen. Das Zuckerrohr w\u00e4chst in der Umgebung des Werkes und wird w\u00e4hrend der Kampagne \u00fcber ein werkseigenes Schienennetz von den Feldern zur Fabrik transportiert.<\/p>\n\n\n\n<p>Der Rohzucker wird exportiert oder zu Wei\u00dfzucker in Raffinerien in Australien weiterverarbeitet. Melasse und Bagasse produzieren wir als zus\u00e4tzliche Produkte zum Rohzucker.<\/p>\n\n\n<div class=\"bg-primary-lighten-4 px-16 py-10\">\n\t\t\t<h3 class=\"text-2xl mb-4 font-alt font-semibold\">\n\t\t\tAdresse\t\t<\/h3>\n\t\t    <div class=\"content py-2\">\n\t\t\n\n<p>Mackay Sugar \u2013 Marian Mill<br>Anzac Avenue<br>Marian<br>Queensland 4753<br>Australien<\/p>\n\n\t<\/div>\n\t\t\t<div class=\"mt-4\">\n\t\t\t\t\t<a href=\"https:\/\/goo.gl\/maps\/9sUtyAEwXA6senRq9\"  target=\"_blank\" class=\"button h5 inline-block font-bold uppercase py-2 px-6 leading-6 rounded-full border border-[3px] border-primary \">\n\t\t\t<span class=\"inline-block text-primary\">Bei Google Maps anzeigen<\/span>\n\t\t<\/a>\n\t\t<\/div>\n\t\t\n<\/div>\n\n\n<p><\/p>\n","protected":false},"excerpt":{"rendered":"<p>Westlich von Mackay, Queensland (Australien), gelegen Die Rohrzuckerfabrik Marian ist die gr\u00f6\u00dfte der drei Fabriken von Mackay Sugar Limited, an der die Nordzucker eine 70 [&hellip;]<\/p>\n","protected":false},"author":1,"featured_media":2710,"parent":1043,"menu_order":-1,"comment_status":"closed","ping_status":"closed","template":"","meta":{"footnotes":""},"page_category":[],"acf":[],"_links":{"self":[{"href":"https:\/\/www.nordzucker.com\/de\/wp-json\/wp\/v2\/pages\/1124"}],"collection":[{"href":"https:\/\/www.nordzucker.com\/de\/wp-json\/wp\/v2\/pages"}],"about":[{"href":"https:\/\/www.nordzucker.com\/de\/wp-json\/wp\/v2\/types\/page"}],"author":[{"embeddable":true,"href":"https:\/\/www.nordzucker.com\/de\/wp-json\/wp\/v2\/users\/1"}],"replies":[{"embeddable":true,"href":"https:\/\/www.nordzucker.com\/de\/wp-json\/wp\/v2\/comments?post=1124"}],"version-history":[{"count":10,"href":"https:\/\/www.nordzucker.com\/de\/wp-json\/wp\/v2\/pages\/1124\/revisions"}],"predecessor-version":[{"id":7455,"href":"https:\/\/www.nordzucker.com\/de\/wp-json\/wp\/v2\/pages\/1124\/revisions\/7455"}],"up":[{"embeddable":true,"href":"https:\/\/www.nordzucker.com\/de\/wp-json\/wp\/v2\/pages\/1043"}],"wp:featuredmedia":[{"embeddable":true,"href":"https:\/\/www.nordzucker.com\/de\/wp-json\/wp\/v2\/media\/2710"}],"wp:attachment":[{"href":"https:\/\/www.nordzucker.com\/de\/wp-json\/wp\/v2\/media?parent=1124"}],"wp:term":[{"taxonomy":"page_category","embeddable":true,"href":"https:\/\/www.nordzucker.com\/de\/wp-json\/wp\/v2\/page_category?post=1124"}],"curies":[{"name":"wp","href":"https:\/\/api.w.org\/{rel}","templated":true}]}}