{"id":1119,"date":"2022-08-23T14:25:00","date_gmt":"2022-08-23T12:25:00","guid":{"rendered":"https:\/\/www.nordzucker.com\/de\/?page_id=1119"},"modified":"2023-07-11T10:19:08","modified_gmt":"2023-07-11T08:19:08","slug":"farleigh","status":"publish","type":"page","link":"https:\/\/www.nordzucker.com\/de\/the-sugar-company\/standorte\/farleigh\/","title":{"rendered":"Farleigh"},"content":{"rendered":"\n<h2 class=\"wp-block-heading\">Rohzucker aus Zuckerrohr<\/h2>\n\n\n\n<div class=\"py-4 text-xl leading-8\">\n\t1883 gebaut liegt das Werk etwa 10 km nordwestlich von Mackay, Queensland (Australien).<\/div>\n\n\n<p>Die Rohrzuckerfabrik Farleigh ist eine der drei Fabriken von Mackay Sugar Limited (MSL), an der die Nordzucker eine 70 Prozent Mehrheitsbeteiligung erworben hat. Alle drei Fabriken liegen im Nordwesten von Mackay in der Region Queensland in Australien.&nbsp;<\/p>\n\n\n\n<p>Die Rohrzuckerfabrik in Farleigh wurde 1883 gebaut. Bis heute wird dort Rohzucker aus Zuckerrohr produziert. Das Zuckerrohr w\u00e4chst in der Umgebung des Werkes und wird w\u00e4hrend der Kampagne \u00fcber ein werkseigenes Schienennetz von den Feldern zur Fabrik transportiert.<\/p>\n\n\n\n<p>Der Rohzucker wird exportiert oder zu Wei\u00dfzucker weiterverarbeitet. Dies erfolgt haupts\u00e4chlich am benachbarten Standort Racecourse, wo MSL gemeinsam mit einem Partner eine Raffinerie betreibt.&nbsp;<\/p>\n\n\n\n<p>Neben dem Rohzucker werden auch Melasse und das ausgepresste Zuckerrohr, die Bagasse, weitervermarktet.<\/p>\n\n\n<div class=\"bg-primary-lighten-4 px-16 py-10\">\n\t\t\t<h3 class=\"text-2xl mb-4 font-alt font-semibold\">\n\t\t\tAdresse\t\t<\/h3>\n\t\t    <div class=\"content py-2\">\n\t\t\n\n<p>Mackay Sugar \u2013 Farleigh Mill\u00a0<br>Armstrong Street<br>Farleigh via Mackay<br>Queensland 4741<br>Australien<\/p>\n\n\t<\/div>\n\t\t\t<div class=\"mt-4\">\n\t\t\t\t\t<a href=\"https:\/\/www.google.de\/maps\/dir\/farleiigh+sugar+mill\/\/@-21.1050681,149.1060558,1934m\/data=!3m1!1e3!4m9!4m8!1m5!1m1!1s0x6bda2b86639fed35:0x8d5b2af924d5c530!2m2!1d149.1018423!2d-21.1001864!1m0!3e2\"  target=\"_blank\" class=\"button h5 inline-block font-bold uppercase py-2 px-6 leading-6 rounded-full border border-[3px] border-primary \">\n\t\t\t<span class=\"inline-block text-primary\">Bei Google Maps anzeigen<\/span>\n\t\t<\/a>\n\t\t<\/div>\n\t\t\n<\/div>","protected":false},"excerpt":{"rendered":"<p>Rohzucker aus Zuckerrohr Die Rohrzuckerfabrik Farleigh ist eine der drei Fabriken von Mackay Sugar Limited (MSL), an der die Nordzucker eine 70 Prozent Mehrheitsbeteiligung erworben [&hellip;]<\/p>\n","protected":false},"author":1,"featured_media":1965,"parent":1043,"menu_order":-1,"comment_status":"closed","ping_status":"closed","template":"","meta":{"footnotes":""},"page_category":[],"acf":[],"_links":{"self":[{"href":"https:\/\/www.nordzucker.com\/de\/wp-json\/wp\/v2\/pages\/1119"}],"collection":[{"href":"https:\/\/www.nordzucker.com\/de\/wp-json\/wp\/v2\/pages"}],"about":[{"href":"https:\/\/www.nordzucker.com\/de\/wp-json\/wp\/v2\/types\/page"}],"author":[{"embeddable":true,"href":"https:\/\/www.nordzucker.com\/de\/wp-json\/wp\/v2\/users\/1"}],"replies":[{"embeddable":true,"href":"https:\/\/www.nordzucker.com\/de\/wp-json\/wp\/v2\/comments?post=1119"}],"version-history":[{"count":21,"href":"https:\/\/www.nordzucker.com\/de\/wp-json\/wp\/v2\/pages\/1119\/revisions"}],"predecessor-version":[{"id":7456,"href":"https:\/\/www.nordzucker.com\/de\/wp-json\/wp\/v2\/pages\/1119\/revisions\/7456"}],"up":[{"embeddable":true,"href":"https:\/\/www.nordzucker.com\/de\/wp-json\/wp\/v2\/pages\/1043"}],"wp:featuredmedia":[{"embeddable":true,"href":"https:\/\/www.nordzucker.com\/de\/wp-json\/wp\/v2\/media\/1965"}],"wp:attachment":[{"href":"https:\/\/www.nordzucker.com\/de\/wp-json\/wp\/v2\/media?parent=1119"}],"wp:term":[{"taxonomy":"page_category","embeddable":true,"href":"https:\/\/www.nordzucker.com\/de\/wp-json\/wp\/v2\/page_category?post=1119"}],"curies":[{"name":"wp","href":"https:\/\/api.w.org\/{rel}","templated":true}]}}