{"id":1116,"date":"2020-08-20T17:01:39","date_gmt":"2020-08-20T17:01:39","guid":{"rendered":"https:\/\/www.nordzucker.com\/de\/?page_id=1116"},"modified":"2026-05-04T14:33:09","modified_gmt":"2026-05-04T12:33:09","slug":"trencianska-tepla","status":"publish","type":"page","link":"https:\/\/www.nordzucker.com\/de\/the-sugar-company\/standorte\/trencianska-tepla\/","title":{"rendered":"Tren\u010dianska Tepl\u00e1"},"content":{"rendered":"\n<h2 class=\"wp-block-heading\">Neuausrichtung als Vertriebs- und Logistikzentrum<\/h2>\n\n\n\n<div class=\"py-4 text-xl leading-8\">\n\tWeiterbetrieb des Standorts Tren\u010dianska Tepl\u00e1 als Vertriebs- und Logistikzentrums: Nach Abschluss der Kampagne 2025\/26 wird hier kein Zucker mehr produziert. <\/div>\n\n\n<p>K\u00fcnftig konzentrieren wir uns auf den Ausbau eines modernen Vertriebs- und Logistikzentrums, das die zuverl\u00e4ssige Versorgung unserer Kunden in S\u00fcdosteuropa sichert. Damit bleibt der Standort ein wichtiger Teil der Nordzucker Gruppe \u2013 mit klarer Zukunftsausrichtung, hoher Qualit\u00e4t und enger regionaler Verbundenheit.<\/p>\n\n\n<div class=\"bg-primary-lighten-4 px-16 py-10\">\n\t\t\t<h3 class=\"text-2xl mb-4 font-alt font-semibold\">\n\t\t\tAdresse\t\t<\/h3>\n\t\t    <div class=\"content py-2\">\n\t\t\n\n<p>Pova\u017esk\u00fd cukor a.s.<br>Cukrovarsk\u00e1&nbsp;311\/9<br>91401 Tren\u010dianska Tepl\u00e1 <br>Slowakai<\/p>\n\n\t<\/div>\n\t\t\t<div class=\"mt-4\">\n\t\t\t\t\t<a href=\"https:\/\/goo.gl\/maps\/omQTMkjd1mwoWWrv9\"  target=\"_blank\" class=\"button h5 inline-block font-bold uppercase py-2 px-6 leading-6 rounded-full border border-[3px] border-primary \">\n\t\t\t<span class=\"inline-block text-primary\">Bei Google Maps anzeigen<\/span>\n\t\t<\/a>\n\t\t<\/div>\n\t\t\n<\/div>\n\n\n<p><\/p>\n","protected":false},"excerpt":{"rendered":"<p>Neuausrichtung als Vertriebs- und Logistikzentrum K\u00fcnftig konzentrieren wir uns auf den Ausbau eines modernen Vertriebs- und Logistikzentrums, das die zuverl\u00e4ssige Versorgung unserer Kunden in S\u00fcdosteuropa [&hellip;]<\/p>\n","protected":false},"author":1,"featured_media":2076,"parent":1043,"menu_order":-1,"comment_status":"closed","ping_status":"closed","template":"","meta":{"footnotes":""},"page_category":[],"acf":[],"_links":{"self":[{"href":"https:\/\/www.nordzucker.com\/de\/wp-json\/wp\/v2\/pages\/1116"}],"collection":[{"href":"https:\/\/www.nordzucker.com\/de\/wp-json\/wp\/v2\/pages"}],"about":[{"href":"https:\/\/www.nordzucker.com\/de\/wp-json\/wp\/v2\/types\/page"}],"author":[{"embeddable":true,"href":"https:\/\/www.nordzucker.com\/de\/wp-json\/wp\/v2\/users\/1"}],"replies":[{"embeddable":true,"href":"https:\/\/www.nordzucker.com\/de\/wp-json\/wp\/v2\/comments?post=1116"}],"version-history":[{"count":9,"href":"https:\/\/www.nordzucker.com\/de\/wp-json\/wp\/v2\/pages\/1116\/revisions"}],"predecessor-version":[{"id":12416,"href":"https:\/\/www.nordzucker.com\/de\/wp-json\/wp\/v2\/pages\/1116\/revisions\/12416"}],"up":[{"embeddable":true,"href":"https:\/\/www.nordzucker.com\/de\/wp-json\/wp\/v2\/pages\/1043"}],"wp:featuredmedia":[{"embeddable":true,"href":"https:\/\/www.nordzucker.com\/de\/wp-json\/wp\/v2\/media\/2076"}],"wp:attachment":[{"href":"https:\/\/www.nordzucker.com\/de\/wp-json\/wp\/v2\/media?parent=1116"}],"wp:term":[{"taxonomy":"page_category","embeddable":true,"href":"https:\/\/www.nordzucker.com\/de\/wp-json\/wp\/v2\/page_category?post=1116"}],"curies":[{"name":"wp","href":"https:\/\/api.w.org\/{rel}","templated":true}]}}