{"id":1113,"date":"2020-08-20T16:59:40","date_gmt":"2020-08-20T16:59:40","guid":{"rendered":"https:\/\/www.nordzucker.com\/de\/?page_id=1113"},"modified":"2023-07-11T10:15:48","modified_gmt":"2023-07-11T08:15:48","slug":"chelmza","status":"publish","type":"page","link":"https:\/\/www.nordzucker.com\/de\/the-sugar-company\/standorte\/chelmza\/","title":{"rendered":"Che\u0142m\u017ca"},"content":{"rendered":"\n<h2 class=\"wp-block-heading\">Standort einer Zuckerfabrik und einer Raffinerie<\/h2>\n\n\n\n<div class=\"py-4 text-xl leading-8\">\n\tDie historischen Wurzeln der Zuckerfabrik Che\u0142m\u017ca in der N\u00e4he von Tor\u00fan reichen bis zum Ende des 19. Jahrhunderts, als das Werk gegr\u00fcndet wurde. Im Jahr 1882 lief dort die erste Zuckerr\u00fcbenkampagne.<\/div>\n\n\n<p>Wir haben im Jahr 2000 im Zuge des Privatisierungsprozesses das Mehrheitspaket der Aktien \u00fcbernommen. Daraufhin haben wir von 2000 bis 2006 umfangreich in die Modernisierung des Werkes investiert, um es leistungsf\u00e4higer und effizienter zu machen. Ziel war es, die Kundenzufriedenheit weiter zu verbessern und gleichzeitig auch unseren hohen Anspr\u00fcchen an Zuckerqualit\u00e4t sowie Umweltschutz und Energieeinsparung zu entsprechen. Heute produzieren wir in Che\u0142m\u017ca kristallinen Wei\u00dfzucker, der in 1 Kilogramm Paketen f\u00fcr den Einzelhandel sowie 50 Kilogramm S\u00e4cken und Bigbags f\u00fcr die Industrie ausgeliefert wird.&nbsp;<\/p>\n\n\n\n<p>An diesem Standort k\u00f6nnen wir Rohzucker weiter verarbeiten zu kristallinem Wei\u00dfzucker.<\/p>\n\n\n<div class=\"bg-primary-lighten-4 px-16 py-10\">\n\t\t\t<h3 class=\"text-2xl mb-4 font-alt font-semibold\">\n\t\t\tAdresse\t\t<\/h3>\n\t\t    <div class=\"content py-2\">\n\t\t\n\n<p>Nordzucker Polska S.A.<br>Werk Che\u0142m\u017ca<br>ul. Bydgoska 4<br>87-140 Che\u0142m\u017ca<br>Polen<\/p>\n\n\t<\/div>\n\t\t\t<div class=\"mt-4\">\n\t\t\t\t\t<a href=\"https:\/\/goo.gl\/maps\/4iGawh5PoceSwGSs5\"  target=\"_blank\" class=\"button h5 inline-block font-bold uppercase py-2 px-6 leading-6 rounded-full border border-[3px] border-primary \">\n\t\t\t<span class=\"inline-block text-primary\">Bei Google Maps anzeigen<\/span>\n\t\t<\/a>\n\t\t<\/div>\n\t\t\n<\/div>\n\n\n<p><\/p>\n","protected":false},"excerpt":{"rendered":"<p>Standort einer Zuckerfabrik und einer Raffinerie Wir haben im Jahr 2000 im Zuge des Privatisierungsprozesses das Mehrheitspaket der Aktien \u00fcbernommen. Daraufhin haben wir von 2000 [&hellip;]<\/p>\n","protected":false},"author":1,"featured_media":2149,"parent":1043,"menu_order":-1,"comment_status":"closed","ping_status":"closed","template":"","meta":{"footnotes":""},"page_category":[],"acf":[],"_links":{"self":[{"href":"https:\/\/www.nordzucker.com\/de\/wp-json\/wp\/v2\/pages\/1113"}],"collection":[{"href":"https:\/\/www.nordzucker.com\/de\/wp-json\/wp\/v2\/pages"}],"about":[{"href":"https:\/\/www.nordzucker.com\/de\/wp-json\/wp\/v2\/types\/page"}],"author":[{"embeddable":true,"href":"https:\/\/www.nordzucker.com\/de\/wp-json\/wp\/v2\/users\/1"}],"replies":[{"embeddable":true,"href":"https:\/\/www.nordzucker.com\/de\/wp-json\/wp\/v2\/comments?post=1113"}],"version-history":[{"count":12,"href":"https:\/\/www.nordzucker.com\/de\/wp-json\/wp\/v2\/pages\/1113\/revisions"}],"predecessor-version":[{"id":7454,"href":"https:\/\/www.nordzucker.com\/de\/wp-json\/wp\/v2\/pages\/1113\/revisions\/7454"}],"up":[{"embeddable":true,"href":"https:\/\/www.nordzucker.com\/de\/wp-json\/wp\/v2\/pages\/1043"}],"wp:featuredmedia":[{"embeddable":true,"href":"https:\/\/www.nordzucker.com\/de\/wp-json\/wp\/v2\/media\/2149"}],"wp:attachment":[{"href":"https:\/\/www.nordzucker.com\/de\/wp-json\/wp\/v2\/media?parent=1113"}],"wp:term":[{"taxonomy":"page_category","embeddable":true,"href":"https:\/\/www.nordzucker.com\/de\/wp-json\/wp\/v2\/page_category?post=1113"}],"curies":[{"name":"wp","href":"https:\/\/api.w.org\/{rel}","templated":true}]}}