{"id":1110,"date":"2020-08-20T16:56:21","date_gmt":"2020-08-20T16:56:21","guid":{"rendered":"https:\/\/www.nordzucker.com\/de\/?page_id=1110"},"modified":"2025-02-24T09:23:23","modified_gmt":"2025-02-24T08:23:23","slug":"opalenica","status":"publish","type":"page","link":"https:\/\/www.nordzucker.com\/de\/the-sugar-company\/standorte\/opalenica\/","title":{"rendered":"Opalenica"},"content":{"rendered":"\n<h2 class=\"wp-block-heading\">In Polen liegt die Keimzelle der europ\u00e4ischen Zuckerfabriken<\/h2>\n\n\n\n<div class=\"py-4 text-xl leading-8\">\n\tDas Werk Opalenica in der N\u00e4he von Poznan wurde urspr\u00fcnglich Ende des 19. Jahrhunderts als Aktiengesellschaft gegr\u00fcndet.<\/div>\n\n\n<p>Im Zuge des Privatisierungsprozesses in Polen haben wir im Jahr 2000 das Mehrheitspaket der Aktien \u00fcbernommen. Daraufhin wurde von 2000 bis 2006 umfangreich in die Modernisierung des Werkes investiert, um es leistungsf\u00e4higer und effizienter zu machen. Ziel war es, die Kundenzufriedenheit weiter zu verbessern und gleichzeitig auch unseren hohen Anspr\u00fcchen an Zuckerqualit\u00e4t sowie Umweltschutz und Energieeinsparung zu entsprechen. Heute produzieren wir in Opalenica kristallinen Wei\u00dfzucker, den wir von dort in 1-Kilogramm-Paketen f\u00fcr den Einzelhandel sowie 50-Kilogramm-S\u00e4cken und Bigbags f\u00fcr die Industrie ausliefern.<\/p>\n\n\n<div class=\"bg-primary-lighten-4 px-16 py-10\">\n\t\t\t<h3 class=\"text-2xl mb-4 font-alt font-semibold\">\n\t\t\tAdresse\t\t<\/h3>\n\t\t    <div class=\"content py-2\">\n\t\t\n\n<p>Nordzucker Polska S.A.<br>Werk Opalenica<br>ul. 5 Stycznia 54<br>64-330 Opalenica<br>Polen<\/p>\n\n\t<\/div>\n\t\t\t<div class=\"mt-4\">\n\t\t\t\t\t<a href=\"https:\/\/goo.gl\/maps\/tQTPvGj8FFkt5Len7\"  target=\"_blank\" class=\"button h5 inline-block font-bold uppercase py-2 px-6 leading-6 rounded-full border border-[3px] border-primary \">\n\t\t\t<span class=\"inline-block text-primary\">Bei Google Maps anzeigen<\/span>\n\t\t<\/a>\n\t\t<\/div>\n\t\t\n<\/div>\n\n\n<p><\/p>\n","protected":false},"excerpt":{"rendered":"<p>In Polen liegt die Keimzelle der europ\u00e4ischen Zuckerfabriken Im Zuge des Privatisierungsprozesses in Polen haben wir im Jahr 2000 das Mehrheitspaket der Aktien \u00fcbernommen. Daraufhin [&hellip;]<\/p>\n","protected":false},"author":1,"featured_media":2650,"parent":1043,"menu_order":-1,"comment_status":"closed","ping_status":"closed","template":"","meta":{"footnotes":""},"page_category":[],"acf":[],"_links":{"self":[{"href":"https:\/\/www.nordzucker.com\/de\/wp-json\/wp\/v2\/pages\/1110"}],"collection":[{"href":"https:\/\/www.nordzucker.com\/de\/wp-json\/wp\/v2\/pages"}],"about":[{"href":"https:\/\/www.nordzucker.com\/de\/wp-json\/wp\/v2\/types\/page"}],"author":[{"embeddable":true,"href":"https:\/\/www.nordzucker.com\/de\/wp-json\/wp\/v2\/users\/1"}],"replies":[{"embeddable":true,"href":"https:\/\/www.nordzucker.com\/de\/wp-json\/wp\/v2\/comments?post=1110"}],"version-history":[{"count":10,"href":"https:\/\/www.nordzucker.com\/de\/wp-json\/wp\/v2\/pages\/1110\/revisions"}],"predecessor-version":[{"id":10663,"href":"https:\/\/www.nordzucker.com\/de\/wp-json\/wp\/v2\/pages\/1110\/revisions\/10663"}],"up":[{"embeddable":true,"href":"https:\/\/www.nordzucker.com\/de\/wp-json\/wp\/v2\/pages\/1043"}],"wp:featuredmedia":[{"embeddable":true,"href":"https:\/\/www.nordzucker.com\/de\/wp-json\/wp\/v2\/media\/2650"}],"wp:attachment":[{"href":"https:\/\/www.nordzucker.com\/de\/wp-json\/wp\/v2\/media?parent=1110"}],"wp:term":[{"taxonomy":"page_category","embeddable":true,"href":"https:\/\/www.nordzucker.com\/de\/wp-json\/wp\/v2\/page_category?post=1110"}],"curies":[{"name":"wp","href":"https:\/\/api.w.org\/{rel}","templated":true}]}}