{"id":1107,"date":"2023-10-13T10:01:56","date_gmt":"2023-10-13T08:01:56","guid":{"rendered":"https:\/\/www.nordzucker.com\/de\/?page_id=1107"},"modified":"2025-08-26T17:15:54","modified_gmt":"2025-08-26T15:15:54","slug":"kedainiai","status":"publish","type":"page","link":"https:\/\/www.nordzucker.com\/de\/the-sugar-company\/standorte\/kedainiai\/","title":{"rendered":"K\u0117dainiai"},"content":{"rendered":"\n<h2 class=\"wp-block-heading\">Ein junges Werk in der traditionsreichen Zuckergeschichte<\/h2>\n\n\n\n<div class=\"py-4 text-xl leading-8\">\n\tDie Zuckerfabrik K\u0117dainiai ist seit 1970 in Betrieb und ist der gr\u00f6\u00dfte (Wei\u00df-)zuckerproduzent Litauens. Sie beliefert einen bedeutenden Teil des Zuckermarktes in Litauen und den baltischen Staaten.<\/div>\n\n\n<p>Mit \u00fcber 200 engagierten Mitarbeitern spielt die Fabrik eine wichtige Rolle f\u00fcr die Wirtschaft und die Lebensmittelindustrie der Region. Das Kerngesch\u00e4ft ist die Herstellung von Zucker aus lokal angebauten Zuckerr\u00fcben. Dieser Zucker wird in verschiedenen Verpackungsgr\u00f6\u00dfen abgef\u00fcllt und damit sowohl der heimische Markt als auch das Ausland beliefert. Die Produkte werden unter bekannten Marken wie Panev\u0117\u017eio Plius und DanSukker vertrieben. Neben Wei\u00dfzucker verpackt das Unternehmen auch braunen Rohrzucker, Zuckersirup, Puderzucker und andere Spezialprodukte, die auf die unterschiedlichen Bed\u00fcrfnisse der Kunden zugeschnitten sind.<\/p>\n\n\n\n<p>Die Fabrik produziert auch wertvolle Nebenprodukte, darunter R\u00fcbenschnitzel f\u00fcr Futtermittel, Melasse und Carbo-Kalk, der als D\u00fcngemittel verwendet wird. Nordic Sugar K\u0117dainiai verbessert kontinuierlich seine Produktionsprozesse, um die Umweltbelastung zu reduzieren und langfristige Partnerschaften in der Landwirtschaft zu f\u00f6rdern.<\/p>\n\n\n<div class=\"bg-primary-lighten-4 px-16 py-10\">\n\t\t\t<h3 class=\"text-2xl mb-4 font-alt font-semibold\">\n\t\t\tAdresse\t\t<\/h3>\n\t\t    <div class=\"content py-2\">\n\t\t\n\n<p>AB Nordic&nbsp;Sugar K\u0117dainiai<br>Pramon\u00e9s g. 6<br>57500 K\u0117dainiai <br>Litauen<\/p>\n\n\t<\/div>\n\t\t\t<div class=\"mt-4\">\n\t\t\t\t\t<a href=\"https:\/\/goo.gl\/maps\/wWWqfnHMN449dteV8\"  target=\"_blank\" class=\"button h5 inline-block font-bold uppercase py-2 px-6 leading-6 rounded-full border border-[3px] border-primary \">\n\t\t\t<span class=\"inline-block text-primary\">Bei Google Maps anzeigen<\/span>\n\t\t<\/a>\n\t\t<\/div>\n\t\t\n<\/div>","protected":false},"excerpt":{"rendered":"<p>Ein junges Werk in der traditionsreichen Zuckergeschichte Mit \u00fcber 200 engagierten Mitarbeitern spielt die Fabrik eine wichtige Rolle f\u00fcr die Wirtschaft und die Lebensmittelindustrie der [&hellip;]<\/p>\n","protected":false},"author":1,"featured_media":11566,"parent":1043,"menu_order":-1,"comment_status":"closed","ping_status":"closed","template":"","meta":{"footnotes":""},"page_category":[],"acf":[],"_links":{"self":[{"href":"https:\/\/www.nordzucker.com\/de\/wp-json\/wp\/v2\/pages\/1107"}],"collection":[{"href":"https:\/\/www.nordzucker.com\/de\/wp-json\/wp\/v2\/pages"}],"about":[{"href":"https:\/\/www.nordzucker.com\/de\/wp-json\/wp\/v2\/types\/page"}],"author":[{"embeddable":true,"href":"https:\/\/www.nordzucker.com\/de\/wp-json\/wp\/v2\/users\/1"}],"replies":[{"embeddable":true,"href":"https:\/\/www.nordzucker.com\/de\/wp-json\/wp\/v2\/comments?post=1107"}],"version-history":[{"count":23,"href":"https:\/\/www.nordzucker.com\/de\/wp-json\/wp\/v2\/pages\/1107\/revisions"}],"predecessor-version":[{"id":11568,"href":"https:\/\/www.nordzucker.com\/de\/wp-json\/wp\/v2\/pages\/1107\/revisions\/11568"}],"up":[{"embeddable":true,"href":"https:\/\/www.nordzucker.com\/de\/wp-json\/wp\/v2\/pages\/1043"}],"wp:featuredmedia":[{"embeddable":true,"href":"https:\/\/www.nordzucker.com\/de\/wp-json\/wp\/v2\/media\/11566"}],"wp:attachment":[{"href":"https:\/\/www.nordzucker.com\/de\/wp-json\/wp\/v2\/media?parent=1107"}],"wp:term":[{"taxonomy":"page_category","embeddable":true,"href":"https:\/\/www.nordzucker.com\/de\/wp-json\/wp\/v2\/page_category?post=1107"}],"curies":[{"name":"wp","href":"https:\/\/api.w.org\/{rel}","templated":true}]}}