{"id":1103,"date":"2024-06-24T09:55:46","date_gmt":"2024-06-24T07:55:46","guid":{"rendered":"https:\/\/www.nordzucker.com\/de\/?page_id=1103"},"modified":"2025-09-30T13:35:15","modified_gmt":"2025-09-30T11:35:15","slug":"porkkala","status":"publish","type":"page","link":"https:\/\/www.nordzucker.com\/de\/the-sugar-company\/standorte\/porkkala\/","title":{"rendered":"Porkkala"},"content":{"rendered":"\n<h2 class=\"wp-block-heading\"><strong>Raffination in Finnland<\/strong><\/h2>\n\n\n\n<div class=\"py-4 text-xl leading-8\">\n\tIn Porkkala stimmen wir die Produkte aus Roh- und Wei\u00dfzucker speziell auf die Kundenw\u00fcnsche ab.<\/div>\n\n\n<p>Porkkala, in der N\u00e4he von Helsinki, ist die Zentrale von Finnsugar und die Fabrik, in der wir ganzj\u00e4hrig Zucker-Spezialit\u00e4ten produzieren. Ganzj\u00e4hrig verarbeiten wir hier R\u00fcbenrohzucker sowie wei\u00dfen R\u00fcbenzucker. Dar\u00fcber hinaus ist der Standort in der Lage, importierten Rohrrohzucker zu verarbeiten.<br>Vielf\u00e4ltige Zuckerprodukte der verschiedensten Bereiche stellen wir hier her. Einige der Produkte werden an die weiterverarbeitende Back- und Lebensmittelherstellung verkauft, w\u00e4hrend andere unter der Marke DanSukker in den Einzelhandel kommen. In enger Zusammenarbeit mit unseren Lebensmittelkunden richten wir die Produkte genau auf deren spezielle W\u00fcnsche und besonderen Bedarf ma\u00dfgeschneidert aus.<\/p>\n\n\n<div class=\"bg-primary-lighten-4 px-16 py-10\">\n\t\t\t<h3 class=\"text-2xl mb-4 font-alt font-semibold\">\n\t\t\tAdresse\t\t<\/h3>\n\t\t    <div class=\"content py-2\">\n\t\t\n\n<p>Finnsugar Ltd. \/ Suomen Sokeri Oy<br>Sokeritehtaantie 20<br>02460 Kantvik<br>Finnland<\/p>\n\n\t<\/div>\n\t\t\t<div class=\"mt-4\">\n\t\t\t\t\t<a href=\"https:\/\/goo.gl\/maps\/keb5hR3EgMEmKN3Q9\"  target=\"_blank\" class=\"button h5 inline-block font-bold uppercase py-2 px-6 leading-6 rounded-full border border-[3px] border-primary \">\n\t\t\t<span class=\"inline-block text-primary\">Bei Google Maps anzeigen<\/span>\n\t\t<\/a>\n\t\t<\/div>\n\t\t\n<\/div>\n\n\n<p><\/p>\n","protected":false},"excerpt":{"rendered":"<p>Raffination in Finnland Porkkala, in der N\u00e4he von Helsinki, ist die Zentrale von Finnsugar und die Fabrik, in der wir ganzj\u00e4hrig Zucker-Spezialit\u00e4ten produzieren. Ganzj\u00e4hrig verarbeiten [&hellip;]<\/p>\n","protected":false},"author":1,"featured_media":9582,"parent":1043,"menu_order":-1,"comment_status":"closed","ping_status":"closed","template":"","meta":{"footnotes":""},"page_category":[],"acf":[],"_links":{"self":[{"href":"https:\/\/www.nordzucker.com\/de\/wp-json\/wp\/v2\/pages\/1103"}],"collection":[{"href":"https:\/\/www.nordzucker.com\/de\/wp-json\/wp\/v2\/pages"}],"about":[{"href":"https:\/\/www.nordzucker.com\/de\/wp-json\/wp\/v2\/types\/page"}],"author":[{"embeddable":true,"href":"https:\/\/www.nordzucker.com\/de\/wp-json\/wp\/v2\/users\/1"}],"replies":[{"embeddable":true,"href":"https:\/\/www.nordzucker.com\/de\/wp-json\/wp\/v2\/comments?post=1103"}],"version-history":[{"count":12,"href":"https:\/\/www.nordzucker.com\/de\/wp-json\/wp\/v2\/pages\/1103\/revisions"}],"predecessor-version":[{"id":11706,"href":"https:\/\/www.nordzucker.com\/de\/wp-json\/wp\/v2\/pages\/1103\/revisions\/11706"}],"up":[{"embeddable":true,"href":"https:\/\/www.nordzucker.com\/de\/wp-json\/wp\/v2\/pages\/1043"}],"wp:featuredmedia":[{"embeddable":true,"href":"https:\/\/www.nordzucker.com\/de\/wp-json\/wp\/v2\/media\/9582"}],"wp:attachment":[{"href":"https:\/\/www.nordzucker.com\/de\/wp-json\/wp\/v2\/media?parent=1103"}],"wp:term":[{"taxonomy":"page_category","embeddable":true,"href":"https:\/\/www.nordzucker.com\/de\/wp-json\/wp\/v2\/page_category?post=1103"}],"curies":[{"name":"wp","href":"https:\/\/api.w.org\/{rel}","templated":true}]}}