{"id":1100,"date":"2020-08-20T16:46:30","date_gmt":"2020-08-20T16:46:30","guid":{"rendered":"https:\/\/www.nordzucker.com\/de\/?page_id=1100"},"modified":"2023-07-11T10:07:48","modified_gmt":"2023-07-11T08:07:48","slug":"saekylae","status":"publish","type":"page","link":"https:\/\/www.nordzucker.com\/de\/the-sugar-company\/standorte\/saekylae\/","title":{"rendered":"S\u00e4kyl\u00e4"},"content":{"rendered":"\n<h2 class=\"wp-block-heading\"><strong>Im Norden Europas werden auch Zuckerr\u00fcben verarbeitet<\/strong><\/h2>\n\n\n\n<div class=\"py-4 text-xl leading-8\">\n\tZucker und Futtermittel sind die Hauptprodukte in der Zuckerfabrik in S\u00e4kyl\u00e4.<\/div>\n\n\n<p>Das 1953 in Betrieb genommene Werk S\u00e4kyl\u00e4 hat seinen Sitz im Westen Finnlands. Heute produzieren wir in der Fabrik Zucker, Melasse und Futtermittel. Den feinen Zucker verpacken wir in Bigbags. In loser Form liefern wir ihn direkt an die weiterverarbeitende Lebensmittelherstellung oder an das Werk <a href=\"https:\/\/www.nordzucker.com\/de\/the-sugar-company\/standorte\/porkkala\/\">Porkkala<\/a>.<\/p>\n\n\n\n<p>Die Pressschnitzel vertreiben wir an Futterfabriken zur weiteren Verarbeitung. Rund 80 Mitarbeiter sind in dem Werk fest angestellt, die zur Kampagne von 50 Kampagnekr\u00e4ften unterst\u00fctzt werden.<\/p>\n\n\n<div class=\"bg-primary-lighten-4 px-16 py-10\">\n\t\t\t<h3 class=\"text-2xl mb-4 font-alt font-semibold\">\n\t\t\tAdresse\t\t<\/h3>\n\t\t    <div class=\"content py-2\">\n\t\t\n\n<p>Sucros Oy<strong><br><\/strong>S\u00e4kyl\u00e4n tehdas<br>Maakunnantie 4<br>PL 210<br>27820\u00a0S\u00e4kyl\u00e4<br>Finnland<\/p>\n\n\t<\/div>\n\t\t\t<div class=\"mt-4\">\n\t\t\t\t\t<a href=\"https:\/\/goo.gl\/maps\/ptEywyhopSefAKPQ9\"  target=\"_blank\" class=\"button h5 inline-block font-bold uppercase py-2 px-6 leading-6 rounded-full border border-[3px] border-primary \">\n\t\t\t<span class=\"inline-block text-primary\">Bei Google Maps anzeigen<\/span>\n\t\t<\/a>\n\t\t<\/div>\n\t\t\n<\/div>","protected":false},"excerpt":{"rendered":"<p>Im Norden Europas werden auch Zuckerr\u00fcben verarbeitet Das 1953 in Betrieb genommene Werk S\u00e4kyl\u00e4 hat seinen Sitz im Westen Finnlands. Heute produzieren wir in der [&hellip;]<\/p>\n","protected":false},"author":1,"featured_media":2082,"parent":1043,"menu_order":-1,"comment_status":"closed","ping_status":"closed","template":"","meta":{"footnotes":""},"page_category":[],"acf":[],"_links":{"self":[{"href":"https:\/\/www.nordzucker.com\/de\/wp-json\/wp\/v2\/pages\/1100"}],"collection":[{"href":"https:\/\/www.nordzucker.com\/de\/wp-json\/wp\/v2\/pages"}],"about":[{"href":"https:\/\/www.nordzucker.com\/de\/wp-json\/wp\/v2\/types\/page"}],"author":[{"embeddable":true,"href":"https:\/\/www.nordzucker.com\/de\/wp-json\/wp\/v2\/users\/1"}],"replies":[{"embeddable":true,"href":"https:\/\/www.nordzucker.com\/de\/wp-json\/wp\/v2\/comments?post=1100"}],"version-history":[{"count":11,"href":"https:\/\/www.nordzucker.com\/de\/wp-json\/wp\/v2\/pages\/1100\/revisions"}],"predecessor-version":[{"id":7450,"href":"https:\/\/www.nordzucker.com\/de\/wp-json\/wp\/v2\/pages\/1100\/revisions\/7450"}],"up":[{"embeddable":true,"href":"https:\/\/www.nordzucker.com\/de\/wp-json\/wp\/v2\/pages\/1043"}],"wp:featuredmedia":[{"embeddable":true,"href":"https:\/\/www.nordzucker.com\/de\/wp-json\/wp\/v2\/media\/2082"}],"wp:attachment":[{"href":"https:\/\/www.nordzucker.com\/de\/wp-json\/wp\/v2\/media?parent=1100"}],"wp:term":[{"taxonomy":"page_category","embeddable":true,"href":"https:\/\/www.nordzucker.com\/de\/wp-json\/wp\/v2\/page_category?post=1100"}],"curies":[{"name":"wp","href":"https:\/\/api.w.org\/{rel}","templated":true}]}}