{"id":10973,"date":"2025-05-28T12:03:34","date_gmt":"2025-05-28T10:03:34","guid":{"rendered":"https:\/\/www.nordzucker.com\/de\/?page_id=10973"},"modified":"2025-05-28T15:26:05","modified_gmt":"2025-05-28T13:26:05","slug":"geschichten-aus-dem-geschaftsjahr","status":"publish","type":"page","link":"https:\/\/www.nordzucker.com\/de\/the-sugar-company\/unser-geschaftsbericht-2024-25\/geschichten-aus-dem-geschaftsjahr\/","title":{"rendered":"Geschichten aus dem Gesch\u00e4ftsjahr"},"content":{"rendered":"\n<h2 class=\"wp-block-heading\">Ganzheitlich nachhaltig wirtschaften f\u00fcr Effizienz, Klimaschutz und Zukunftsf\u00e4higkeit<\/h2>\n\n\n\n<div class=\"py-4 text-xl leading-8\">\n\tWir suchen kontinuierlich nach Wegen, um nachhaltiger, effizienter und kundenorientierter zu agieren. <\/div>\n\n\n<p>Auch in diesem Jahr haben wir zahlreiche Projekte und Kooperationen auf den Weg gebracht oder abgeschlossen, die uns dabei entscheidend weiterbringen. Hier geben wir einen Einblick und nehmen Sie mit in unsere Werke, auf die Felder unserer Landwirte und in verschiedene L\u00e4nder. Dabei stellen wir einige unserer Mitarbeiterinnen und Mitarbeiter sowie Partner vor, die mit ihrem Know-how und ihrer Leidenschaft ma\u00dfgeblich zu unserem Erfolg beitragen.<\/p>\n\n\n\n<h3 class=\"wp-block-heading\">Exzellenz als Erfolgsfaktor<\/h3>\n\n\n\n<p><\/p>\n\n\n<figure>\n\t\t\t<img decoding=\"async\" src=\"https:\/\/www.nordzucker.com\/de\/wp-content\/uploads\/sites\/2\/2025\/05\/nordzucker_geschaeftsbericht_unsere-geschichten_uelzen.jpg\" class=\"max-w-full\" \/>\n\t\t<\/figure>\n\n\n<p>Wir geben uns nicht mit dem Status quo zufrieden, sondern sind immer auf der Suche nach neuen smarten Ideen, die uns besser machen. Besser hei\u00dft dabei ganz ausdr\u00fccklich auch: profitabler. Der Schl\u00fcssel dazu liegt zuallererst in effizienteren Prozessen. In unserem <a href=\"https:\/\/www.nordzucker.com\/de\/wp-content\/uploads\/sites\/2\/2025\/05\/250527_Geschaeftsbericht-Nordzucker_2024_25.pdf#page=14\" data-type=\"link\" data-id=\"https:\/\/www.nordzucker.com\/de\/wp-content\/uploads\/sites\/2\/2021\/05\/Annual_Report_2020_21_EN.pdf.pdf#page=3\" target=\"_blank\" rel=\"noreferrer noopener\">Gesch\u00e4ftsbericht<\/a> gibt es weitere Details.<\/p>\n\n\n\n<p><\/p>\n\n\n\n<h3 class=\"wp-block-heading\">Gemeinsam f\u00fcr weniger CO<sub>2<\/sub>&#8211; Emissionen<\/h3>\n\n\n\n<p><\/p>\n\n\n<figure>\n\t\t\t<img decoding=\"async\" src=\"https:\/\/www.nordzucker.com\/de\/wp-content\/uploads\/sites\/2\/2025\/05\/nordzucker_geschaeftsbericht_unsere-geschichten_flag-ziele.jpg\" class=\"max-w-full\" \/>\n\t\t<\/figure>\n\n\n<p>Um unsere Dekarbonisierungsziele zu erreichen, setzen wir gezielt beim Zuckerr\u00fcbenanbau an. Mit der Validierung unserer FLAG-Ziele durch die SBTi haben wir ambitionierte Reduktionsziele definiert, die wir gemeinsam mit unseren Landwirten Schritt f\u00fcr Schritt umsetzen wollen. In unserem <a href=\"https:\/\/www.nordzucker.com\/de\/wp-content\/uploads\/sites\/2\/2025\/05\/250527_Geschaeftsbericht-Nordzucker_2024_25.pdf#page=8\" data-type=\"link\" data-id=\"https:\/\/www.nordzucker.com\/de\/wp-content\/uploads\/sites\/2\/2025\/05\/250527_Geschaeftsbericht-Nordzucker_2024_25.pdf#page=8\" target=\"_blank\" rel=\"noreferrer noopener\">Gesch\u00e4ftsbericht<\/a> gibt es weitere Details.<\/p>\n\n\n\n<p><\/p>\n\n\n\n<h3 class=\"wp-block-heading\">Startchance und Sprungbrett<\/h3>\n\n\n\n<p><\/p>\n\n\n<figure>\n\t\t\t<img decoding=\"async\" src=\"https:\/\/www.nordzucker.com\/de\/wp-content\/uploads\/sites\/2\/2025\/05\/nordzucker_geschaeftsbericht_unsere-geschichten_trainees.jpg\" class=\"max-w-full\" \/>\n\t\t<\/figure>\n\n\n<p>Mit unserem Traineeprogramm f\u00f6rdern wir junge Talente, die bei uns fr\u00fch Verantwortung \u00fcbernehmen und umfassende Einblicke in das Unternehmen und die Zuckerproduktion erhalten. So investieren wir in die n\u00e4chste Generation und die Zukunft von Nordzucker. In unserem <a href=\"https:\/\/www.nordzucker.com\/de\/wp-content\/uploads\/sites\/2\/2025\/05\/250527_Geschaeftsbericht-Nordzucker_2024_25.pdf#page=16\" data-type=\"link\" data-id=\"https:\/\/www.nordzucker.com\/de\/wp-content\/uploads\/sites\/2\/2025\/05\/250527_Geschaeftsbericht-Nordzucker_2024_25.pdf#page=16\" target=\"_blank\" rel=\"noreferrer noopener\">Gesch\u00e4ftsbericht<\/a> gibt es weitere Details.<\/p>\n\n\n\n<p><\/p>\n","protected":false},"excerpt":{"rendered":"<p>Erfahren Sie mehr \u00fcber unsere zahlreichen Projekte und Kooperationen, um noch nachhaltiger, effizienter und kundenorientierter zu agieren. <\/p>\n","protected":false},"author":1,"featured_media":10998,"parent":10949,"menu_order":1,"comment_status":"closed","ping_status":"closed","template":"","meta":{"footnotes":""},"page_category":[],"acf":[],"_links":{"self":[{"href":"https:\/\/www.nordzucker.com\/de\/wp-json\/wp\/v2\/pages\/10973"}],"collection":[{"href":"https:\/\/www.nordzucker.com\/de\/wp-json\/wp\/v2\/pages"}],"about":[{"href":"https:\/\/www.nordzucker.com\/de\/wp-json\/wp\/v2\/types\/page"}],"author":[{"embeddable":true,"href":"https:\/\/www.nordzucker.com\/de\/wp-json\/wp\/v2\/users\/1"}],"replies":[{"embeddable":true,"href":"https:\/\/www.nordzucker.com\/de\/wp-json\/wp\/v2\/comments?post=10973"}],"version-history":[{"count":55,"href":"https:\/\/www.nordzucker.com\/de\/wp-json\/wp\/v2\/pages\/10973\/revisions"}],"predecessor-version":[{"id":11243,"href":"https:\/\/www.nordzucker.com\/de\/wp-json\/wp\/v2\/pages\/10973\/revisions\/11243"}],"up":[{"embeddable":true,"href":"https:\/\/www.nordzucker.com\/de\/wp-json\/wp\/v2\/pages\/10949"}],"wp:featuredmedia":[{"embeddable":true,"href":"https:\/\/www.nordzucker.com\/de\/wp-json\/wp\/v2\/media\/10998"}],"wp:attachment":[{"href":"https:\/\/www.nordzucker.com\/de\/wp-json\/wp\/v2\/media?parent=10973"}],"wp:term":[{"taxonomy":"page_category","embeddable":true,"href":"https:\/\/www.nordzucker.com\/de\/wp-json\/wp\/v2\/page_category?post=10973"}],"curies":[{"name":"wp","href":"https:\/\/api.w.org\/{rel}","templated":true}]}}