{"id":10954,"date":"2025-05-28T12:02:33","date_gmt":"2025-05-28T10:02:33","guid":{"rendered":"https:\/\/www.nordzucker.com\/de\/?page_id=10954"},"modified":"2025-05-28T15:25:13","modified_gmt":"2025-05-28T13:25:13","slug":"brief-des-vorstands","status":"publish","type":"page","link":"https:\/\/www.nordzucker.com\/de\/the-sugar-company\/unser-geschaftsbericht-2024-25\/brief-des-vorstands\/","title":{"rendered":"Brief des Vorstands"},"content":{"rendered":"\n<h2 class=\"wp-block-heading\">Der Vorstand blickt auf die Zahlen 2024\/25<\/h2>\n\n\n\n<div class=\"py-4 text-xl leading-8\">\n\tUnsere drei Vorstandsmitglieder richten sich an die Aktion\u00e4rinnen und Aktion\u00e4re und geben Einblicke in das Gesch\u00e4ftsjahr 2024\/25 sowie in die Entwicklung von Unternehmen und Markt.<\/div>\n\n\n<div class=\"carousel\">\n\n  <div class=\"relative overflow-hidden\">\n\n    <!-- Carousel -->\n    <div class=\"aspect-[3\/2]\">\n      <amp-base-carousel\n        id=\"carousel_462\"\n        layout=\"fill\"\n        controls=\"never\"\n        auto-advance=\"true\"\n        auto-advance-interval=\"5000\"\n        loop=\"true\"\n        role=\"region\"\n        aria-label=\"Image carousel\"\n        on=\"slideChange:indicators_462.toggle(index=event.index,value=true),captions_462.toggle(index=event.index,value=true)\"        >\n        \n                      <figure class=\"aspect-[3\/2]\">\n              <amp-img src=\"https:\/\/www.nordzucker.com\/de\/wp-content\/uploads\/sites\/2\/2025\/05\/nordzucker_geschaeftsbericht_l-gorissen_ceo.jpg\"width=\"1080\"height=\"720\"class=\"object-cover object-center\"alt=\"nordzucker lars groissen, ceo\"layout=\"fill\"data-amp-auto-lightbox-disable=\"1\"noloading=\"1\"srcset=\"https:\/\/www.nordzucker.com\/de\/wp-content\/uploads\/sites\/2\/2025\/05\/nordzucker_geschaeftsbericht_l-gorissen_ceo.jpg 1080w, https:\/\/www.nordzucker.com\/de\/wp-content\/uploads\/sites\/2\/2025\/05\/nordzucker_geschaeftsbericht_l-gorissen_ceo-300x200.jpg 300w, https:\/\/www.nordzucker.com\/de\/wp-content\/uploads\/sites\/2\/2025\/05\/nordzucker_geschaeftsbericht_l-gorissen_ceo-768x512.jpg 768w\"><\/amp-img>    <meta itemprop=\"image\" content=\"https:\/\/www.nordzucker.com\/de\/wp-content\/uploads\/sites\/2\/2025\/05\/nordzucker_geschaeftsbericht_l-gorissen_ceo.jpg\"><\/meta>\n                <\/figure>\n          \n        \n                      <figure class=\"aspect-[3\/2]\">\n              <amp-img src=\"https:\/\/www.nordzucker.com\/de\/wp-content\/uploads\/sites\/2\/2025\/05\/nordzucker_geschaeftsbericht_a-bott_cfo.jpg\"width=\"1920\"height=\"1080\"class=\"object-cover object-center\"alt=\"norducker alexander bott cfo\"layout=\"fill\"data-amp-auto-lightbox-disable=\"1\"noloading=\"1\"srcset=\"https:\/\/www.nordzucker.com\/de\/wp-content\/uploads\/sites\/2\/2025\/05\/nordzucker_geschaeftsbericht_a-bott_cfo.jpg 1920w, https:\/\/www.nordzucker.com\/de\/wp-content\/uploads\/sites\/2\/2025\/05\/nordzucker_geschaeftsbericht_a-bott_cfo-300x169.jpg 300w, https:\/\/www.nordzucker.com\/de\/wp-content\/uploads\/sites\/2\/2025\/05\/nordzucker_geschaeftsbericht_a-bott_cfo-1600x900.jpg 1600w, https:\/\/www.nordzucker.com\/de\/wp-content\/uploads\/sites\/2\/2025\/05\/nordzucker_geschaeftsbericht_a-bott_cfo-768x432.jpg 768w, https:\/\/www.nordzucker.com\/de\/wp-content\/uploads\/sites\/2\/2025\/05\/nordzucker_geschaeftsbericht_a-bott_cfo-1536x864.jpg 1536w\"><\/amp-img>    <meta itemprop=\"image\" content=\"https:\/\/www.nordzucker.com\/de\/wp-content\/uploads\/sites\/2\/2025\/05\/nordzucker_geschaeftsbericht_a-bott_cfo.jpg\"><\/meta>\n                <\/figure>\n          \n        \n                      <figure class=\"aspect-[3\/2]\">\n              <amp-img src=\"https:\/\/www.nordzucker.com\/de\/wp-content\/uploads\/sites\/2\/2025\/05\/nordzucker_geschaeftsbericht_a-godow_coo.jpg\"width=\"1080\"height=\"720\"class=\"object-cover object-center\"alt=\"nordzucker alexander godow coo\"layout=\"fill\"data-amp-auto-lightbox-disable=\"1\"noloading=\"1\"srcset=\"https:\/\/www.nordzucker.com\/de\/wp-content\/uploads\/sites\/2\/2025\/05\/nordzucker_geschaeftsbericht_a-godow_coo.jpg 1080w, https:\/\/www.nordzucker.com\/de\/wp-content\/uploads\/sites\/2\/2025\/05\/nordzucker_geschaeftsbericht_a-godow_coo-300x200.jpg 300w, https:\/\/www.nordzucker.com\/de\/wp-content\/uploads\/sites\/2\/2025\/05\/nordzucker_geschaeftsbericht_a-godow_coo-768x512.jpg 768w\"><\/amp-img>    <meta itemprop=\"image\" content=\"https:\/\/www.nordzucker.com\/de\/wp-content\/uploads\/sites\/2\/2025\/05\/nordzucker_geschaeftsbericht_a-godow_coo.jpg\"><\/meta>\n                <\/figure>\n          \n              <\/amp-base-carousel>\n    <\/div>\n\n    <!-- Controls -->\n          \n      <!-- Button Prev -->\n      <button\n        on=\"tap:carousel_462.prev()\"\n        title=\"Previous element\"\n        aria-label=\"Previous element\"\n        class=\"absolute left-0 top-1\/2 -translate-y-1\/2 flex items-center justify-center w-10 h-10 bg-primary transform transition duration-300 hover:scale-105\">\n          <div class=\"text-body text-5xl -mt-1\">&lsaquo;<\/div>\n      <\/button>\n\n      \n      <!-- Button Next -->\n      <button\n        on=\"tap:carousel_462.next()\"\n        title=\"Next element\"\n        aria-label=\"Next element\"\n        class=\"absolute right-0 top-1\/2 -translate-y-1\/2 flex items-center justify-center w-10 h-10 bg-primary transform transition duration-300 hover:scale-105\">\n        <div class=\"text-body text-5xl -mt-1\">&rsaquo;<\/div>\n      <\/button>\n\n          \n\n  <\/div>\n\n  <!-- Captions -->\n      <div class=\"relative bg-primary-darken-1 py-2 px-5 text-body\">\n      <amp-selector\n        id=\"captions_462\"\n        class=\"captions h-64 sm:h-40\"\n        aria-label=\"Image carousel captions\"\n        layout=\"container\">\n        <ul class=\"grid grid-cols-1 mt-3 list-none pl-0\" >\n                      <li\n              class=\"pl-0 m-0 col-start-1 col-end-1 row-start-1 row-end-1 hidden\"\n              option=\"0\"\n              selected            >\n      \n              <!-- Title -->\n                              <p class=\"text-lg font-bold mb-1\">Lars Gorissen, CEO<\/p>\n                            <div class=\"\">\n              \u201eWir brauchen Wachstum, um stabilere Ergebnisse und Dividenden zu sichern. Deshalb werden wir unsere Zuckerrohr-Aktivit\u00e4ten deutlich ausweiten.\u201c              <\/div>\n    \n              <!-- Button -->\n                          <\/li>\n                      <li\n              class=\"pl-0 m-0 col-start-1 col-end-1 row-start-1 row-end-1 hidden\"\n              option=\"1\"\n                          >\n      \n              <!-- Title -->\n                              <p class=\"text-lg font-bold mb-1\">Alexander Bott, CFO<\/p>\n                            <div class=\"\">\n              \u201eUnsere wettbewerbsf\u00e4hige Kostenstruktur, unsere gute Marktpositionierung und der gute Ergebnisbeitrag unserer australischen Aktivit\u00e4ten haben zu unserem positiven Ergebnis beigetragen.\u201c               <\/div>\n    \n              <!-- Button -->\n                          <\/li>\n                      <li\n              class=\"pl-0 m-0 col-start-1 col-end-1 row-start-1 row-end-1 hidden\"\n              option=\"2\"\n                          >\n      \n              <!-- Title -->\n                              <p class=\"text-lg font-bold mb-1\">Alexander Godow, COO<\/p>\n                            <div class=\"\">\n              \u201eAufgrund geringerer Anbaufl\u00e4chen in der EU deutet sich eine Entspannung an. Die preisliche Talsohle betrachten wir bereits als durchschritten.\u201c               <\/div>\n    \n              <!-- Button -->\n                          <\/li>\n                  <\/ul>\n      <\/amp-selector>\n\n      <!-- Indicators -->\n              <amp-selector\n          id=\"indicators_462\"\n          class=\"indicators absolute inset-x-0 bottom-0 p-3 lg:p-4\"\n          layout=\"container\"\n          on=\"select:carousel_462.goToSlide(index=event.targetOption)\">\n          <ul class=\"flex justify-center space-x-3 list-none\">\n                          <li class=\"rounded-full h-3 w-3 border-2 border-neutral-inverse\"\n                 selected                option=\"0\">\n              <\/li>\n                          <li class=\"rounded-full h-3 w-3 border-2 border-neutral-inverse\"\n                                option=\"1\">\n              <\/li>\n                          <li class=\"rounded-full h-3 w-3 border-2 border-neutral-inverse\"\n                                option=\"2\">\n              <\/li>\n                      <\/ul>\n        <\/amp-selector>\n      \n    <\/div>\n  \n<\/div>\n\n\n\n<p>Sehr geehrte Aktion\u00e4rinnen und Aktion\u00e4re,<\/p>\n\n\n\n<p>unser aktueller Gesch\u00e4ftsbericht 2024\/25 nimmt die Zukunft in den Fokus. Lesen Sie mehr \u00fcber M\u00e4rkte, Finanzen und Prognosen und begleiten Sie uns auf einer Reise durch die ganze Vielfalt der Nordzucker-Projekte in Sachen Exzellenz und Nachhaltigkeit. Au\u00dferdem pr\u00e4sentieren wir unsere weiterentwickelte Unternehmensstrategie Fields for Growth.<\/p>\n\n\n\n<p>Das und mehr in unserem aktuellen <a href=\"https:\/\/www.nordzucker.com\/de\/wp-content\/uploads\/sites\/2\/2025\/05\/250527_Geschaeftsbericht-Nordzucker_2024_25.pdf\" data-type=\"link\" data-id=\"https:\/\/www.nordzucker.com\/de\/wp-content\/uploads\/sites\/2\/2025\/05\/250527_Geschaeftsbericht-Nordzucker_2024_25.pdf\" target=\"_blank\" rel=\"noreferrer noopener\">Gesch\u00e4ftsbericht<\/a>.<\/p>\n","protected":false},"excerpt":{"rendered":"<p>Nordzucker AG &#8211; Der Vorstand ordnet die wichtigsten finanziellen Kennzahlen ein, skizziert die Entwicklung des Konzerns und gibt einen Ausblick auf das kommende Gesch\u00e4ftsjahr.<\/p>\n","protected":false},"author":1,"featured_media":11161,"parent":10949,"menu_order":0,"comment_status":"closed","ping_status":"closed","template":"","meta":{"footnotes":""},"page_category":[],"acf":[],"_links":{"self":[{"href":"https:\/\/www.nordzucker.com\/de\/wp-json\/wp\/v2\/pages\/10954"}],"collection":[{"href":"https:\/\/www.nordzucker.com\/de\/wp-json\/wp\/v2\/pages"}],"about":[{"href":"https:\/\/www.nordzucker.com\/de\/wp-json\/wp\/v2\/types\/page"}],"author":[{"embeddable":true,"href":"https:\/\/www.nordzucker.com\/de\/wp-json\/wp\/v2\/users\/1"}],"replies":[{"embeddable":true,"href":"https:\/\/www.nordzucker.com\/de\/wp-json\/wp\/v2\/comments?post=10954"}],"version-history":[{"count":38,"href":"https:\/\/www.nordzucker.com\/de\/wp-json\/wp\/v2\/pages\/10954\/revisions"}],"predecessor-version":[{"id":11278,"href":"https:\/\/www.nordzucker.com\/de\/wp-json\/wp\/v2\/pages\/10954\/revisions\/11278"}],"up":[{"embeddable":true,"href":"https:\/\/www.nordzucker.com\/de\/wp-json\/wp\/v2\/pages\/10949"}],"wp:featuredmedia":[{"embeddable":true,"href":"https:\/\/www.nordzucker.com\/de\/wp-json\/wp\/v2\/media\/11161"}],"wp:attachment":[{"href":"https:\/\/www.nordzucker.com\/de\/wp-json\/wp\/v2\/media?parent=10954"}],"wp:term":[{"taxonomy":"page_category","embeddable":true,"href":"https:\/\/www.nordzucker.com\/de\/wp-json\/wp\/v2\/page_category?post=10954"}],"curies":[{"name":"wp","href":"https:\/\/api.w.org\/{rel}","templated":true}]}}