{"id":10949,"date":"2025-05-28T12:02:05","date_gmt":"2025-05-28T10:02:05","guid":{"rendered":"https:\/\/www.nordzucker.com\/de\/?page_id=10949"},"modified":"2025-05-28T15:24:45","modified_gmt":"2025-05-28T13:24:45","slug":"unser-geschaftsbericht-2024-25","status":"publish","type":"page","link":"https:\/\/www.nordzucker.com\/de\/the-sugar-company\/unser-geschaftsbericht-2024-25\/","title":{"rendered":"Unser Gesch\u00e4ftsbericht 2024\/25"},"content":{"rendered":"\n<h2 class=\"wp-block-heading\">Positives Ergebnis trotz starken Preisverfalls im EU-Zuckermarkt<\/h2>\n\n\n\n<div class=\"py-4 text-xl leading-8\">\n\tAuch in einem angespannten Marktumfeld bleibt Nordzucker auf Kurs.<\/div>\n\n\n<p>Trotz der deutlich gefallenen Zuckerpreise in Europa konnten wir das Gesch\u00e4ftsjahr 2024\/25 mit einem positiven operativen Ergebnis abschlie\u00dfen. Unser Gesch\u00e4ftsbericht liefert nicht nur Einblicke in die finanzielle Entwicklung, sondern zeigt auch, wie wir mit gezielten Initiativen in den Bereichen Nachhaltigkeit und Exzellenz die Zukunft aktiv gestalten. Unser strategisches Zielbild Fields for Growth bildet dabei den Rahmen f\u00fcr profitables Wachstum auch au\u00dferhalb des EU-Zuckermarkts. Ziel ist es, die Abh\u00e4ngigkeit von Preisschwankungen im Zuckermarkt der EU zu verringern und das Konzernergebnis sowie die Dividende zu steigern und zu stabilisieren.<\/p>\n\n\n\n<p>Ma\u00dfnahmen zur Dekarbonisierung in Produktion und Anbau treiben wir mit gro\u00dfen Ambitionen voran. Umfassende Exzellenz-Initiativen zielen au\u00dferdem auf Kostenreduzierungen von mehr als 100 Millionen Euro ab. Zudem werden wir uns st\u00e4rker als zuvor auf die Ausweitung unseres Zuckerrohrgesch\u00e4fts fokussieren.<\/p>\n\n\n\n<p>Gemeinsam mit unseren Mitarbeiterinnen und Mitarbeitern, Anbaupartnern und Kunden entwickeln wir uns so Schritt f\u00fcr Schritt weiter \u2013 mit Verantwortung, Engagement und Weitblick.<\/p>\n","protected":false},"excerpt":{"rendered":"<p>Wir freuen uns, Ihnen den Gesch\u00e4ftsbericht 2024\/25 zu pr\u00e4sentieren. Hier finden Sie Informationen \u00fcber die gesch\u00e4ftliche und finanzielle Entwicklung der Nordzucker AG.<\/p>\n","protected":false},"author":1,"featured_media":10997,"parent":14,"menu_order":2,"comment_status":"closed","ping_status":"closed","template":"","meta":{"footnotes":""},"page_category":[],"acf":[],"_links":{"self":[{"href":"https:\/\/www.nordzucker.com\/de\/wp-json\/wp\/v2\/pages\/10949"}],"collection":[{"href":"https:\/\/www.nordzucker.com\/de\/wp-json\/wp\/v2\/pages"}],"about":[{"href":"https:\/\/www.nordzucker.com\/de\/wp-json\/wp\/v2\/types\/page"}],"author":[{"embeddable":true,"href":"https:\/\/www.nordzucker.com\/de\/wp-json\/wp\/v2\/users\/1"}],"replies":[{"embeddable":true,"href":"https:\/\/www.nordzucker.com\/de\/wp-json\/wp\/v2\/comments?post=10949"}],"version-history":[{"count":19,"href":"https:\/\/www.nordzucker.com\/de\/wp-json\/wp\/v2\/pages\/10949\/revisions"}],"predecessor-version":[{"id":11241,"href":"https:\/\/www.nordzucker.com\/de\/wp-json\/wp\/v2\/pages\/10949\/revisions\/11241"}],"up":[{"embeddable":true,"href":"https:\/\/www.nordzucker.com\/de\/wp-json\/wp\/v2\/pages\/14"}],"wp:featuredmedia":[{"embeddable":true,"href":"https:\/\/www.nordzucker.com\/de\/wp-json\/wp\/v2\/media\/10997"}],"wp:attachment":[{"href":"https:\/\/www.nordzucker.com\/de\/wp-json\/wp\/v2\/media?parent=10949"}],"wp:term":[{"taxonomy":"page_category","embeddable":true,"href":"https:\/\/www.nordzucker.com\/de\/wp-json\/wp\/v2\/page_category?post=10949"}],"curies":[{"name":"wp","href":"https:\/\/api.w.org\/{rel}","templated":true}]}}