{"id":1093,"date":"2024-03-12T09:15:16","date_gmt":"2024-03-12T08:15:16","guid":{"rendered":"https:\/\/www.nordzucker.com\/de\/?page_id=1093"},"modified":"2025-11-03T16:49:28","modified_gmt":"2025-11-03T15:49:28","slug":"oertofta","status":"publish","type":"page","link":"https:\/\/www.nordzucker.com\/de\/the-sugar-company\/standorte\/oertofta\/","title":{"rendered":"\u00d6rtofta"},"content":{"rendered":"\n<h2 class=\"wp-block-heading\"><strong>Tradition trifft Innovation<\/strong><\/h2>\n\n\n\n<div class=\"py-4 text-xl leading-8\">\n\tIm S\u00fcdwesten Schwedens liegt unsere Zuckerfabrik, die 1890 ihre Arbeit aufnahm.<\/div>\n\n\n<p>Im Jahr 1890 wurde die Zuckerfabrik \u00d6rtofta in Betrieb genommen, im Jahr 1952 wurde das Werk teilweise von der Herstellung von Rohzucker auf Wei\u00dfzucker umger\u00fcstet. In 2019 haben wir die Umstellung auf 100 Prozent Wei\u00dfzucker abgeschlossen.<br>Die Zuckerfabrik \u00d6rtofta im S\u00fcden Schwedens ist heute die einzige Zuckerfabrik in Schweden und eine der gr\u00f6\u00dften und effizientesten Zuckerr\u00fcben verarbeitenden Fabriken in ganz Europa.<\/p>\n\n\n\n<p>Hier stellen wir Zucker, Melasse und Futtermittel her. Die H\u00e4lfte des Zuckers vertreiben wir an den Einzelhandel und die andere H\u00e4lfte an die Lebensmittelherstellung.<\/p>\n\n\n\n<p>In \u00d6rtofta ist auch ein Teil der Mitarbeiter aus dem Bereich <em>Qualit\u00e4t, Innovation, Produktionsunterst\u00fctzung<\/em> (QIPS) angesiedelt. Eine Beschreibung zu deren Aufgabenfeld finden Sie unter dem Standort <a href=\"https:\/\/www.nordzucker.com\/de\/the-sugar-company\/standorte\/braunschweig\/\">Braunschweig<\/a>.<\/p>\n\n\n<div class=\"bg-primary-lighten-4 px-16 py-10\">\n\t\t\t<h3 class=\"text-2xl mb-4 font-alt font-semibold\">\n\t\t\tAdresse\t\t<\/h3>\n\t\t    <div class=\"content py-2\">\n\t\t\n\n<p>Nordic Sugar \u00d6rtofta<br>241 93 Eslov<br>Schweden<\/p>\n\n\t<\/div>\n\t\t\t<div class=\"mt-4\">\n\t\t\t\t\t<a href=\"https:\/\/goo.gl\/maps\/paG7NsLQUYByKoHv8\"  target=\"_blank\" class=\"button h5 inline-block font-bold uppercase py-2 px-6 leading-6 rounded-full border border-[3px] border-primary \">\n\t\t\t<span class=\"inline-block text-primary\">Bei Google Maps anzeigen<\/span>\n\t\t<\/a>\n\t\t<\/div>\n\t\t\n<\/div>\n\n\n<p><\/p>\n","protected":false},"excerpt":{"rendered":"<p>Tradition trifft Innovation Im Jahr 1890 wurde die Zuckerfabrik \u00d6rtofta in Betrieb genommen, im Jahr 1952 wurde das Werk teilweise von der Herstellung von Rohzucker [&hellip;]<\/p>\n","protected":false},"author":1,"featured_media":11828,"parent":1043,"menu_order":-1,"comment_status":"closed","ping_status":"closed","template":"","meta":{"footnotes":""},"page_category":[],"acf":[],"_links":{"self":[{"href":"https:\/\/www.nordzucker.com\/de\/wp-json\/wp\/v2\/pages\/1093"}],"collection":[{"href":"https:\/\/www.nordzucker.com\/de\/wp-json\/wp\/v2\/pages"}],"about":[{"href":"https:\/\/www.nordzucker.com\/de\/wp-json\/wp\/v2\/types\/page"}],"author":[{"embeddable":true,"href":"https:\/\/www.nordzucker.com\/de\/wp-json\/wp\/v2\/users\/1"}],"replies":[{"embeddable":true,"href":"https:\/\/www.nordzucker.com\/de\/wp-json\/wp\/v2\/comments?post=1093"}],"version-history":[{"count":20,"href":"https:\/\/www.nordzucker.com\/de\/wp-json\/wp\/v2\/pages\/1093\/revisions"}],"predecessor-version":[{"id":11535,"href":"https:\/\/www.nordzucker.com\/de\/wp-json\/wp\/v2\/pages\/1093\/revisions\/11535"}],"up":[{"embeddable":true,"href":"https:\/\/www.nordzucker.com\/de\/wp-json\/wp\/v2\/pages\/1043"}],"wp:featuredmedia":[{"embeddable":true,"href":"https:\/\/www.nordzucker.com\/de\/wp-json\/wp\/v2\/media\/11828"}],"wp:attachment":[{"href":"https:\/\/www.nordzucker.com\/de\/wp-json\/wp\/v2\/media?parent=1093"}],"wp:term":[{"taxonomy":"page_category","embeddable":true,"href":"https:\/\/www.nordzucker.com\/de\/wp-json\/wp\/v2\/page_category?post=1093"}],"curies":[{"name":"wp","href":"https:\/\/api.w.org\/{rel}","templated":true}]}}