{"id":1089,"date":"2020-08-20T16:31:04","date_gmt":"2020-08-20T16:31:04","guid":{"rendered":"https:\/\/www.nordzucker.com\/de\/?page_id=1089"},"modified":"2026-03-16T12:25:00","modified_gmt":"2026-03-16T11:25:00","slug":"nykobing","status":"publish","type":"page","link":"https:\/\/www.nordzucker.com\/de\/the-sugar-company\/standorte\/nykobing\/","title":{"rendered":"Nyk\u00f8bing"},"content":{"rendered":"\n<h2 class=\"wp-block-heading\"><strong>Seit 2017 auch Biozucker im d\u00e4nischem Werk<\/strong><\/h2>\n\n\n\n<div class=\"py-4 text-xl leading-8\">\n\t<\/div>\n\n\n<div class=\"py-4 text-xl leading-8\">\n\tDas Werk in Nyk\u00f8bing liegt ebenfalls im S\u00fcden und ist neben dem Werk in Nakskov die zweite Zuckerfabrik in D\u00e4nemark.<\/div>\n\n\n<p>Die Zuckerfabrik in Nyk\u00f8bing wurde 1884 als ein Unternehmen von Landwirten gegr\u00fcndet. Hier wird auch Rohzucker weiterverarbeitet. Pro Tag k\u00f6nnen wir hier Zuckerr\u00fcben von ca. 170 Hektar verarbeiten.<\/p>\n\n\n\n<p>Zucker, Melasse und Futtermittel erzeugen wir in Nyk\u00f8bing. Etwa die H\u00e4lfte des produzierten Zuckers vermarkten wir unter der Marke Dansukker an den Einzelhandel, w\u00e4hrend die andere H\u00e4lfte an die weiterverarbeitende Lebensmittelherstellung ausgeliefert wird. Dar\u00fcber hinaus stellen wir hier Spezialit\u00e4ten wie Brauner Zucker und Puderzucker her.&nbsp;Seit 2017 verarbeiten wir in Nyk\u00f8bing neben den konventionellen Zuckerr\u00fcben auch die aus \u00d6ko-Anbau. Damit ist das Werk neben den Werken in K\u0117dainiai und Schladen der dritte zertifizierte Standort bei Nordzucker, in dem wir Biozucker gewinnen und kristallisieren.<\/p>\n\n\n<div class=\"bg-primary-lighten-4 px-16 py-10\">\n\t\t\t<h3 class=\"text-2xl mb-4 font-alt font-semibold\">\n\t\t\tAdresse\t\t<\/h3>\n\t\t    <div class=\"content py-2\">\n\t\t\n\n<p>Nordic\u00a0Sugar Nyk\u00f8bing<br>\u00d8sterbrogade 2<br>4800 Nyk\u00f8bing<br>D\u00e4nemark<br><a href=\"mailto:nykobing.sugar@nordicsugar.com\" data-type=\"mailto\" data-id=\"mailto:nykobing.sugar@nordicsugar.com\">nykobing.sugar@nordicsugar.com<\/a><\/p>\n\n\t<\/div>\n\t\t\t<div class=\"mt-4\">\n\t\t\t\t\t<a href=\"https:\/\/goo.gl\/maps\/h7skAzHsnnkrupkNA\"  target=\"_blank\" class=\"button h5 inline-block font-bold uppercase py-2 px-6 leading-6 rounded-full border border-[3px] border-primary \">\n\t\t\t<span class=\"inline-block text-primary\">Bei Google Maps anzeigen<\/span>\n\t\t<\/a>\n\t\t<\/div>\n\t\t\n<\/div>","protected":false},"excerpt":{"rendered":"<p>Seit 2017 auch Biozucker im d\u00e4nischem Werk Die Zuckerfabrik in Nyk\u00f8bing wurde 1884 als ein Unternehmen von Landwirten gegr\u00fcndet. Hier wird auch Rohzucker weiterverarbeitet. Pro [&hellip;]<\/p>\n","protected":false},"author":1,"featured_media":2077,"parent":1043,"menu_order":-1,"comment_status":"closed","ping_status":"closed","template":"","meta":{"footnotes":""},"page_category":[],"acf":[],"_links":{"self":[{"href":"https:\/\/www.nordzucker.com\/de\/wp-json\/wp\/v2\/pages\/1089"}],"collection":[{"href":"https:\/\/www.nordzucker.com\/de\/wp-json\/wp\/v2\/pages"}],"about":[{"href":"https:\/\/www.nordzucker.com\/de\/wp-json\/wp\/v2\/types\/page"}],"author":[{"embeddable":true,"href":"https:\/\/www.nordzucker.com\/de\/wp-json\/wp\/v2\/users\/1"}],"replies":[{"embeddable":true,"href":"https:\/\/www.nordzucker.com\/de\/wp-json\/wp\/v2\/comments?post=1089"}],"version-history":[{"count":12,"href":"https:\/\/www.nordzucker.com\/de\/wp-json\/wp\/v2\/pages\/1089\/revisions"}],"predecessor-version":[{"id":12301,"href":"https:\/\/www.nordzucker.com\/de\/wp-json\/wp\/v2\/pages\/1089\/revisions\/12301"}],"up":[{"embeddable":true,"href":"https:\/\/www.nordzucker.com\/de\/wp-json\/wp\/v2\/pages\/1043"}],"wp:featuredmedia":[{"embeddable":true,"href":"https:\/\/www.nordzucker.com\/de\/wp-json\/wp\/v2\/media\/2077"}],"wp:attachment":[{"href":"https:\/\/www.nordzucker.com\/de\/wp-json\/wp\/v2\/media?parent=1089"}],"wp:term":[{"taxonomy":"page_category","embeddable":true,"href":"https:\/\/www.nordzucker.com\/de\/wp-json\/wp\/v2\/page_category?post=1089"}],"curies":[{"name":"wp","href":"https:\/\/api.w.org\/{rel}","templated":true}]}}