{"id":1086,"date":"2020-08-20T16:28:21","date_gmt":"2020-08-20T16:28:21","guid":{"rendered":"https:\/\/www.nordzucker.com\/de\/?page_id=1086"},"modified":"2023-07-11T10:03:37","modified_gmt":"2023-07-11T08:03:37","slug":"nakskov","status":"publish","type":"page","link":"https:\/\/www.nordzucker.com\/de\/the-sugar-company\/standorte\/nakskov\/","title":{"rendered":"Nakskov"},"content":{"rendered":"\n<h2 class=\"wp-block-heading\"><strong>In D\u00e4nemark auf der Insel Lolland gelegen<\/strong><\/h2>\n\n\n\n<div class=\"py-4 text-xl leading-8\">\n\tEinstmals die gr\u00f6\u00dfte Zuckerfabrik in Nordeuropa. Auf der Insel Lolland  ist in Nakskov eine von zwei Zuckerfabriken in D\u00e4nemark.<\/div>\n\n\n<p>Als die Zuckerfabrik Nakskov im s\u00fcdlichen D\u00e4nemark im Jahr 1882 erbaut wurde, konnten dort pro Tag 300 Tonnen R\u00fcben verarbeitet werden. Damit z\u00e4hlte die Fabrik in dieser Zeit zu den gr\u00f6\u00dften Zucker produzierenden Anlagen Nordeuropas. Heute ist das Werk in Nakskov eins von zwei Werken in D\u00e4nemark und mit einem modernen Verdampfungstrockner ausgestattet. Rund 140 Mitarbeiter sind hier besch\u00e4ftigt, die w\u00e4hrend der Kampagne von etwa 40 Hilfskr\u00e4ften zus\u00e4tzlich unterst\u00fctzt werden. Wir produzieren in Nakskov Zucker f\u00fcr die Lebensmittelherstellung, Melasse und Futtermittel. In Nakskov ist auch ein Teil der Mitarbeiter aus dem Bereich <em>Qualit\u00e4t, Innovation, Produktionsunterst\u00fctzung<\/em> (QIPS) angesiedelt. Eine Beschreibung zu deren Aufgabenfeld finden Sie unter dem Standort <a href=\"https:\/\/www.nordzucker.com\/de\/the-sugar-company\/standorte\/braunschweig\/\">Braunschweig<\/a>.<\/p>\n\n\n<div class=\"bg-primary-lighten-4 px-16 py-10\">\n\t\t\t<h3 class=\"text-2xl mb-4 font-alt font-semibold\">\n\t\t\tAdresse\t\t<\/h3>\n\t\t    <div class=\"content py-2\">\n\t\t\n\n<p>Nordic Sugar Nakskov<br>Tietgensvej 1<br>Postboks 139<br>4900 Nakskov<br>D\u00e4nemark<\/p>\n\n\t<\/div>\n\t\t\t<div class=\"mt-4\">\n\t\t\t\t\t<a href=\"https:\/\/goo.gl\/maps\/7TLFNcrbSBGt6UpF6\"  target=\"_blank\" class=\"button h5 inline-block font-bold uppercase py-2 px-6 leading-6 rounded-full border border-[3px] border-primary \">\n\t\t\t<span class=\"inline-block text-primary\">Bei Google Maps anzeigen<\/span>\n\t\t<\/a>\n\t\t<\/div>\n\t\t\n<\/div>","protected":false},"excerpt":{"rendered":"<p>In D\u00e4nemark auf der Insel Lolland gelegen Als die Zuckerfabrik Nakskov im s\u00fcdlichen D\u00e4nemark im Jahr 1882 erbaut wurde, konnten dort pro Tag 300 Tonnen [&hellip;]<\/p>\n","protected":false},"author":1,"featured_media":2080,"parent":1043,"menu_order":-1,"comment_status":"closed","ping_status":"closed","template":"","meta":{"footnotes":""},"page_category":[],"acf":[],"_links":{"self":[{"href":"https:\/\/www.nordzucker.com\/de\/wp-json\/wp\/v2\/pages\/1086"}],"collection":[{"href":"https:\/\/www.nordzucker.com\/de\/wp-json\/wp\/v2\/pages"}],"about":[{"href":"https:\/\/www.nordzucker.com\/de\/wp-json\/wp\/v2\/types\/page"}],"author":[{"embeddable":true,"href":"https:\/\/www.nordzucker.com\/de\/wp-json\/wp\/v2\/users\/1"}],"replies":[{"embeddable":true,"href":"https:\/\/www.nordzucker.com\/de\/wp-json\/wp\/v2\/comments?post=1086"}],"version-history":[{"count":10,"href":"https:\/\/www.nordzucker.com\/de\/wp-json\/wp\/v2\/pages\/1086\/revisions"}],"predecessor-version":[{"id":7446,"href":"https:\/\/www.nordzucker.com\/de\/wp-json\/wp\/v2\/pages\/1086\/revisions\/7446"}],"up":[{"embeddable":true,"href":"https:\/\/www.nordzucker.com\/de\/wp-json\/wp\/v2\/pages\/1043"}],"wp:featuredmedia":[{"embeddable":true,"href":"https:\/\/www.nordzucker.com\/de\/wp-json\/wp\/v2\/media\/2080"}],"wp:attachment":[{"href":"https:\/\/www.nordzucker.com\/de\/wp-json\/wp\/v2\/media?parent=1086"}],"wp:term":[{"taxonomy":"page_category","embeddable":true,"href":"https:\/\/www.nordzucker.com\/de\/wp-json\/wp\/v2\/page_category?post=1086"}],"curies":[{"name":"wp","href":"https:\/\/api.w.org\/{rel}","templated":true}]}}