{"id":1078,"date":"2020-08-20T16:21:21","date_gmt":"2020-08-20T16:21:21","guid":{"rendered":"https:\/\/www.nordzucker.com\/de\/?page_id=1078"},"modified":"2025-04-04T10:20:59","modified_gmt":"2025-04-04T08:20:59","slug":"schladen","status":"publish","type":"page","link":"https:\/\/www.nordzucker.com\/de\/the-sugar-company\/standorte\/schladen\/","title":{"rendered":"Schladen"},"content":{"rendered":"\n<h2 class=\"wp-block-heading\">Als Aktiengesellschaft von R\u00fcbenanbauern 1870 gegr\u00fcndet<\/h2>\n\n\n\n<div class=\"py-4 text-xl leading-8\">\n\tIm \u00dcbergangsgebiet zwischen der Hildesheimer und der Magdeburger B\u00f6rde liegt die Zuckerfabrik Schladen. <\/div>\n\n\n<p>Die geschichtlichen Wurzeln des Werkes in Schladen reichen zur\u00fcck ins Jahr 1870. Es z\u00e4hlt damit zu den ersten Zuckerfabrik-Gr\u00fcndungen im zuckerhistorisch traditionsreichen Braunschweiger Land. In den 20er und 30er Jahren des letzten Jahrhunderts waren in dieser Region um Schladen \u00fcber 40 Zuckerfabriken aktiv. Heute ist das Werk in Schladen das verbliebene im Landkreis Wolfenb\u00fcttel.<br>Mit umfassenden Modernisierungsarbeiten in den letzten Jahren haben wir das Werk deutlich leistungsf\u00e4higer und effizienter gemacht.<\/p>\n\n\n\n<p>2017 haben wir das Werk f\u00fcr die Verarbeitung von \u00d6ko-Zuckerr\u00fcben in Deutschland zertifizieren lassen. Der gewonnene Biozucker erfreut sich steigender Nachfrage und wird zusammen mit dem Biozucker aus Nyk\u00f8bing und &nbsp;K\u00e8dainiai vermarktet.<\/p>\n\n\n<div class=\"bg-primary-lighten-4 px-16 py-10\">\n\t\t\t<h3 class=\"text-2xl mb-4 font-alt font-semibold\">\n\t\t\tAdresse\t\t<\/h3>\n\t\t    <div class=\"content py-2\">\n\t\t\n\n<p>Nordzucker AG<br>Werk Schladen<br>Bahnhofstra\u00dfe 13<br>38315 Schladen<\/p>\n\n\t<\/div>\n\t\t\t<div class=\"mt-4\">\n\t\t\t\t\t<a href=\"https:\/\/goo.gl\/maps\/GqFHakeMERSuocd79\"  target=\"_blank\" class=\"button h5 inline-block font-bold uppercase py-2 px-6 leading-6 rounded-full border border-[3px] border-primary \">\n\t\t\t<span class=\"inline-block text-primary\">Bei Google Maps anzeigen<\/span>\n\t\t<\/a>\n\t\t<\/div>\n\t\t\n<\/div>","protected":false},"excerpt":{"rendered":"<p>Als Aktiengesellschaft von R\u00fcbenanbauern 1870 gegr\u00fcndet Die geschichtlichen Wurzeln des Werkes in Schladen reichen zur\u00fcck ins Jahr 1870. Es z\u00e4hlt damit zu den ersten Zuckerfabrik-Gr\u00fcndungen [&hellip;]<\/p>\n","protected":false},"author":1,"featured_media":2542,"parent":1043,"menu_order":-1,"comment_status":"closed","ping_status":"closed","template":"","meta":{"footnotes":""},"page_category":[],"acf":[],"_links":{"self":[{"href":"https:\/\/www.nordzucker.com\/de\/wp-json\/wp\/v2\/pages\/1078"}],"collection":[{"href":"https:\/\/www.nordzucker.com\/de\/wp-json\/wp\/v2\/pages"}],"about":[{"href":"https:\/\/www.nordzucker.com\/de\/wp-json\/wp\/v2\/types\/page"}],"author":[{"embeddable":true,"href":"https:\/\/www.nordzucker.com\/de\/wp-json\/wp\/v2\/users\/1"}],"replies":[{"embeddable":true,"href":"https:\/\/www.nordzucker.com\/de\/wp-json\/wp\/v2\/comments?post=1078"}],"version-history":[{"count":11,"href":"https:\/\/www.nordzucker.com\/de\/wp-json\/wp\/v2\/pages\/1078\/revisions"}],"predecessor-version":[{"id":10788,"href":"https:\/\/www.nordzucker.com\/de\/wp-json\/wp\/v2\/pages\/1078\/revisions\/10788"}],"up":[{"embeddable":true,"href":"https:\/\/www.nordzucker.com\/de\/wp-json\/wp\/v2\/pages\/1043"}],"wp:featuredmedia":[{"embeddable":true,"href":"https:\/\/www.nordzucker.com\/de\/wp-json\/wp\/v2\/media\/2542"}],"wp:attachment":[{"href":"https:\/\/www.nordzucker.com\/de\/wp-json\/wp\/v2\/media?parent=1078"}],"wp:term":[{"taxonomy":"page_category","embeddable":true,"href":"https:\/\/www.nordzucker.com\/de\/wp-json\/wp\/v2\/page_category?post=1078"}],"curies":[{"name":"wp","href":"https:\/\/api.w.org\/{rel}","templated":true}]}}