{"id":1073,"date":"2023-03-06T15:18:00","date_gmt":"2023-03-06T14:18:00","guid":{"rendered":"https:\/\/www.nordzucker.com\/de\/?page_id=1073"},"modified":"2023-03-06T15:47:33","modified_gmt":"2023-03-06T14:47:33","slug":"klein-wanzleben","status":"publish","type":"page","link":"https:\/\/www.nordzucker.com\/de\/the-sugar-company\/standorte\/klein-wanzleben\/","title":{"rendered":"Klein Wanzleben"},"content":{"rendered":"\n<h2 class=\"wp-block-heading\">Zuckerfabrik und Bioethanolanlage als Symbiose<\/h2>\n\n\n\n<div class=\"py-4 text-xl leading-8\">\n\tBereits 1838 wurde in Klein Wanzleben die erste Zuckerfabrik in Betrieb genommen. Der Standort markiert damit das Gr\u00fcndungsjahr der heutigen Nordzucker AG. Zugleich ist das Werk heute eine der modernsten Zuckerfabriken in Europa.<\/div>\n\n\n<p>Klein Wanzleben ist einer der \u00e4ltesten Standorte f\u00fcr Zuckerverarbeitung in Deutschland. Im Zuge der Neuordnung der Zuckerindustrie Sachsen-Anhalts errichteten wir von 1992 bis 1994 das Werk in Klein Wanzleben, westlich von Magdeburg, als neue Fabrik.&nbsp;<\/p>\n\n\n\n<p>Die Fabrik verk\u00f6rpert in technischer Hinsicht die Philosophie des Unternehmens und setzt bezogen auf Konzeption und Technologie nach wie vor Ma\u00dfst\u00e4be. Die technische Ausstattung im Fertigproduktbereich erm\u00f6glicht es uns, sehr flexibel auf Kundenw\u00fcnsche einzugehen.<\/p>\n\n\n\n<p>Seit 2007 versorgen wir aus dem Werk w\u00e4hrend der Kampagne die angebaute Anlage zur Bioethanolgewinnung mit Rohsaft, einem Zwischenprodukt bei der Zuckergewinnung.<\/p>\n\n\n<div class=\"bg-primary-lighten-4 px-16 py-10\">\n\t    <div class=\"content py-2\">\n\t\t\n\n<p><a href=\"https:\/\/www.nordzucker.com\/de\/wp-content\/uploads\/sites\/2\/2021\/08\/210823-Veroeffentlichung-entsprechend-12.-BImSchV_\u00a78a-Werk-Klein-Wanzleben.pdf\">Information der B\u00fcrger gem\u00e4\u00df St\u00f6rfallverordnung<\/a><\/p>\n\n\t<\/div>\n\t\n<\/div>\n\n<div class=\"bg-primary-lighten-4 px-16 py-10\">\n\t\t\t<h3 class=\"text-2xl mb-4 font-alt font-semibold\">\n\t\t\tAdresse\t\t<\/h3>\n\t\t    <div class=\"content py-2\">\n\t\t\n\n<p>Nordzucker AG<br>Werk Klein Wanzleben<br>Magdeburger Landstra\u00dfe 1-5<br>39164 Stadt Wanzleben-B\u00f6rde<\/p>\n\n\t<\/div>\n\t\t\t<div class=\"mt-4\">\n\t\t\t\t\t<a href=\"https:\/\/goo.gl\/maps\/AFQJFwWhy1CX5D2bA\"  target=\"_blank\" class=\"button h5 inline-block font-bold uppercase py-2 px-6 leading-6 rounded-full border border-[3px] border-primary \">\n\t\t\t<span class=\"inline-block text-primary\">Bei Google Maps anzeigen<\/span>\n\t\t<\/a>\n\t\t<\/div>\n\t\t\n<\/div>\n\n\n<h4 class=\"wp-block-heading\">Bioethanol-Anlage<\/h4>\n\n\n\n<p>Im Jahre 2007 haben wir am Standort Klein Wanzleben eine Bioethanolanlage mit einer Kapazit\u00e4t von 130.000 Kubikmetern Bioethanol pro Jahr erg\u00e4nzt. Die Lage mitten im Zuckerr\u00fcbenanbaugebiet und die vorhandene logistische Erschlie\u00dfung sprachen ebenso f\u00fcr diesen Standort wie unsere benachbarte Zuckerfabrik. Dadurch nutzen wir Synergien in der Logistik, der Aufbereitung des Rohstoffs, der Energieversorgung und im Personalbereich.<\/p>\n\n\n\n<p>Zur Gewinnung des Bioethanols aus Zuckerr\u00fcben wird w\u00e4hrend der Kampagne Rohsaft aus dem Werk Klein Wanzleben verwendet, au\u00dferhalb der Kampagne Dicksaft und Melasse aus verschiedenen Standorten.<\/p>\n","protected":false},"excerpt":{"rendered":"<p>Zuckerfabrik und Bioethanolanlage als Symbiose Klein Wanzleben ist einer der \u00e4ltesten Standorte f\u00fcr Zuckerverarbeitung in Deutschland. Im Zuge der Neuordnung der Zuckerindustrie Sachsen-Anhalts errichteten wir [&hellip;]<\/p>\n","protected":false},"author":1,"featured_media":2648,"parent":1043,"menu_order":-1,"comment_status":"closed","ping_status":"closed","template":"","meta":{"footnotes":""},"page_category":[],"acf":[],"_links":{"self":[{"href":"https:\/\/www.nordzucker.com\/de\/wp-json\/wp\/v2\/pages\/1073"}],"collection":[{"href":"https:\/\/www.nordzucker.com\/de\/wp-json\/wp\/v2\/pages"}],"about":[{"href":"https:\/\/www.nordzucker.com\/de\/wp-json\/wp\/v2\/types\/page"}],"author":[{"embeddable":true,"href":"https:\/\/www.nordzucker.com\/de\/wp-json\/wp\/v2\/users\/1"}],"replies":[{"embeddable":true,"href":"https:\/\/www.nordzucker.com\/de\/wp-json\/wp\/v2\/comments?post=1073"}],"version-history":[{"count":12,"href":"https:\/\/www.nordzucker.com\/de\/wp-json\/wp\/v2\/pages\/1073\/revisions"}],"predecessor-version":[{"id":7058,"href":"https:\/\/www.nordzucker.com\/de\/wp-json\/wp\/v2\/pages\/1073\/revisions\/7058"}],"up":[{"embeddable":true,"href":"https:\/\/www.nordzucker.com\/de\/wp-json\/wp\/v2\/pages\/1043"}],"wp:featuredmedia":[{"embeddable":true,"href":"https:\/\/www.nordzucker.com\/de\/wp-json\/wp\/v2\/media\/2648"}],"wp:attachment":[{"href":"https:\/\/www.nordzucker.com\/de\/wp-json\/wp\/v2\/media?parent=1073"}],"wp:term":[{"taxonomy":"page_category","embeddable":true,"href":"https:\/\/www.nordzucker.com\/de\/wp-json\/wp\/v2\/page_category?post=1073"}],"curies":[{"name":"wp","href":"https:\/\/api.w.org\/{rel}","templated":true}]}}