{"id":1069,"date":"2020-08-20T16:13:32","date_gmt":"2020-08-20T16:13:32","guid":{"rendered":"https:\/\/www.nordzucker.com\/de\/?page_id=1069"},"modified":"2026-03-16T12:28:08","modified_gmt":"2026-03-16T11:28:08","slug":"uelzen","status":"publish","type":"page","link":"https:\/\/www.nordzucker.com\/de\/the-sugar-company\/standorte\/uelzen\/","title":{"rendered":"Uelzen"},"content":{"rendered":"\n<h2 class=\"wp-block-heading\">Mit dem Erstbetrieb 1883 fast schon eines der j\u00fcngeren Werke<\/h2>\n\n\n\n<div class=\"py-4 text-xl leading-8\">\n\t290 Tonnen pro Tag wurden damals in der ersten R\u00fcbenkampagne verarbeitet.<\/div>\n\n\n<p>Im Jahr 1883 wurde das Werk als \u201eAktien-Zuckerfabrik Uelzen\u201c in Betrieb genommen. 1939 war das Werk in Uelzen eine der gr\u00f6\u00dften Rohzuckerfabriken Deutschlands. Heute ist es unser gr\u00f6\u00dftes Werk.&nbsp;Rund ein Drittel des Zuckers f\u00fcr den Einzelhandel in Deutschland stellen wir hier her. Uelzen ist damit der zentrale Standort f\u00fcr unsere Produktion von Haushaltspackungen sowie von Sondersorten.<br>Die angepasste Silokapazit\u00e4t und ein 2019\/20 zus\u00e4tzlich errichtetes Hochregallager erm\u00f6glichen es uns, den Kundenw\u00fcnschen noch besser zu entsprechen.<\/p>\n\n\n<div class=\"bg-primary-lighten-4 px-16 py-10\">\n\t    <div class=\"content py-2\">\n\t\t\n\n<p><a href=\"https:\/\/www.nordzucker.com\/de\/wp-content\/uploads\/sites\/2\/2025\/11\/NZ_Uelzen-BlmSchV-25-0711025.pdf\" data-type=\"link\" data-id=\"https:\/\/www.nordzucker.com\/de\/wp-content\/uploads\/sites\/2\/2025\/07\/Nordzucker_Uelzen-BlmSchV-25-140225.pdf\" target=\"_blank\" rel=\"noreferrer noopener\">Information der B\u00fcrger gem\u00e4\u00df St\u00f6rfallverordnung<\/a><\/p>\n\n\t<\/div>\n\t\n<\/div>\n\n<div class=\"bg-primary-lighten-4 px-16 py-10\">\n\t\t\t<h3 class=\"text-2xl mb-4 font-alt font-semibold\">\n\t\t\tAdresse\t\t<\/h3>\n\t\t    <div class=\"content py-2\">\n\t\t\n\n<p>Nordzucker AG<br>Werk Uelzen<br>An der Zuckerfabrik 1<br>29525 Uelzen<\/p>\n\n\t<\/div>\n\t\t\t<div class=\"mt-4\">\n\t\t\t\t\t<a href=\"https:\/\/goo.gl\/maps\/w6KTZCVh7VGnmfXN6\"  target=\"_blank\" class=\"button h5 inline-block font-bold uppercase py-2 px-6 leading-6 rounded-full border border-[3px] border-primary \">\n\t\t\t<span class=\"inline-block text-primary\">Bei Google Maps anzeigen<\/span>\n\t\t<\/a>\n\t\t<\/div>\n\t\t\n<\/div>","protected":false},"excerpt":{"rendered":"<p>Mit dem Erstbetrieb 1883 fast schon eines der j\u00fcngeren Werke Im Jahr 1883 wurde das Werk als \u201eAktien-Zuckerfabrik Uelzen\u201c in Betrieb genommen. 1939 war das [&hellip;]<\/p>\n","protected":false},"author":1,"featured_media":2647,"parent":1043,"menu_order":-1,"comment_status":"closed","ping_status":"closed","template":"","meta":{"footnotes":""},"page_category":[],"acf":[],"_links":{"self":[{"href":"https:\/\/www.nordzucker.com\/de\/wp-json\/wp\/v2\/pages\/1069"}],"collection":[{"href":"https:\/\/www.nordzucker.com\/de\/wp-json\/wp\/v2\/pages"}],"about":[{"href":"https:\/\/www.nordzucker.com\/de\/wp-json\/wp\/v2\/types\/page"}],"author":[{"embeddable":true,"href":"https:\/\/www.nordzucker.com\/de\/wp-json\/wp\/v2\/users\/1"}],"replies":[{"embeddable":true,"href":"https:\/\/www.nordzucker.com\/de\/wp-json\/wp\/v2\/comments?post=1069"}],"version-history":[{"count":15,"href":"https:\/\/www.nordzucker.com\/de\/wp-json\/wp\/v2\/pages\/1069\/revisions"}],"predecessor-version":[{"id":12302,"href":"https:\/\/www.nordzucker.com\/de\/wp-json\/wp\/v2\/pages\/1069\/revisions\/12302"}],"up":[{"embeddable":true,"href":"https:\/\/www.nordzucker.com\/de\/wp-json\/wp\/v2\/pages\/1043"}],"wp:featuredmedia":[{"embeddable":true,"href":"https:\/\/www.nordzucker.com\/de\/wp-json\/wp\/v2\/media\/2647"}],"wp:attachment":[{"href":"https:\/\/www.nordzucker.com\/de\/wp-json\/wp\/v2\/media?parent=1069"}],"wp:term":[{"taxonomy":"page_category","embeddable":true,"href":"https:\/\/www.nordzucker.com\/de\/wp-json\/wp\/v2\/page_category?post=1069"}],"curies":[{"name":"wp","href":"https:\/\/api.w.org\/{rel}","templated":true}]}}