{"id":1064,"date":"2024-09-03T09:38:00","date_gmt":"2024-09-03T07:38:00","guid":{"rendered":"https:\/\/www.nordzucker.com\/de\/?page_id=1064"},"modified":"2026-03-25T14:53:25","modified_gmt":"2026-03-25T13:53:25","slug":"nordstemmen","status":"publish","type":"page","link":"https:\/\/www.nordzucker.com\/de\/the-sugar-company\/standorte\/nordstemmen\/","title":{"rendered":"Nordstemmen"},"content":{"rendered":"\n<h2 class=\"wp-block-heading\"><strong>Das 1865 erbaute Werk liegt in der Hildesheimer B\u00f6rde<\/strong><\/h2>\n\n\n\n<div class=\"py-4 text-xl leading-8\">\n\tDie Zuckerfabrik in Nordstemmen ist seit 2003 Teil der Nordzucker.<\/div>\n\n\n<p>Seitdem dient die Zuckerfabrik neben dem Werk in Uelzen als zweiter zentraler Standort f\u00fcr die Herstellung unserer SweetFamily Markenprodukte. Im Werk produzieren wir neben Raffinade und Puderzucker f\u00fcr den Haushaltsbereich auch Grundsorte. Sandzucker und einige andere Sonderspezifikationen f\u00fcr die Verarbeitung bei unseren Kunden stellen wir hier ebenfalls her.<\/p>\n\n\n\n<p>Seit einigen Jahren wird eingelagerter Dicksaft aus der R\u00fcbenkampagne zu Kristallzucker verarbeitet. Diese eigene Dicksaftkampagne erh\u00f6ht die Wirtschaftlichkeit des Standortes.<\/p>\n\n\n<div class=\"bg-primary-lighten-4 px-16 py-10\">\n\t\t\t<h3 class=\"text-2xl mb-4 font-alt font-semibold\">\n\t\t\tAdresse\t\t<\/h3>\n\t\t    <div class=\"content py-2\">\n\t\t\n\n<p>Nordzucker AG<br>Werk Nordstemmen<br>Calenberger Stra\u00dfe 36<br>31171 Nordstemmen <\/p>\n\n\t<\/div>\n\t\t\t<div class=\"mt-4\">\n\t\t\t\t\t<a href=\"https:\/\/goo.gl\/maps\/xXwRcM2S45WDJ4iMA\"  target=\"_blank\" class=\"button h5 inline-block font-bold uppercase py-2 px-6 leading-6 rounded-full border border-[3px] border-primary \">\n\t\t\t<span class=\"inline-block text-primary\">Bei Google Maps anzeigen<\/span>\n\t\t<\/a>\n\t\t<\/div>\n\t\t\n<\/div>\n\n\n<h4 class=\"wp-block-heading\">Fl\u00fcssigzuckerwerk<\/h4>\n\n\n\n<p>In direkter Nachbarschaft auf dem Gel\u00e4nde der Zuckerfabrik befindet sich ein modernes Fl\u00fcssigzuckerwerk. Im Juni 2000 war der Baubeginn des Fl\u00fcssigzuckerwerkes, das im M\u00e4rz 2001 in Betrieb genommen wurde. Im 4-Schicht-System stellen wir in modernsten Produktionsanlagen ganzj\u00e4hrig verschiedene Sorten Fl\u00fcssigzucker, Mischungen mit fl\u00fcssigen und kristallinen Komponenten, Fondant und Bienenfuttersirup sowie Bienenfutterteig her.<\/p>\n\n\n<div class=\"bg-primary-lighten-4 px-16 py-10\">\n\t\t\t<h3 class=\"text-2xl mb-4 font-alt font-semibold\">\n\t\t\tAdresse\t\t<\/h3>\n\t\t    <div class=\"content py-2\">\n\t\t\n\n<p>Norddeutsche Fl\u00fcssigzucker GmbH &amp; Co. KG<br>Werk Nordstemmen<br>Calenberger Stra\u00dfe 36<br>31171 Nordstemmen<\/p>\n\n\t<\/div>\n\t\t\t<div class=\"mt-4\">\n\t\t\t\t\t<a href=\"https:\/\/www.google.de\/maps\/place\/Norddeutsche+Fl%C3%BCssigzucker+Gmbh+%26+Co.+Kg\/@52.1692133,9.7887113,17z\/data=!3m1!4b1!4m5!3m4!1s0x47baa38037050721:0x2cfdd9843616a46b!8m2!3d52.16921!4d9.7909\"  target=\"\" class=\"button h5 inline-block font-bold uppercase py-2 px-6 leading-6 rounded-full border border-[3px] border-primary \">\n\t\t\t<span class=\"inline-block text-primary\">Bei Google Maps anzeigen<\/span>\n\t\t<\/a>\n\t\t<\/div>\n\t\t\n<\/div>\n\n\n<p><\/p>\n","protected":false},"excerpt":{"rendered":"<p>Das 1865 erbaute Werk liegt in der Hildesheimer B\u00f6rde Seitdem dient die Zuckerfabrik neben dem Werk in Uelzen als zweiter zentraler Standort f\u00fcr die Herstellung [&hellip;]<\/p>\n","protected":false},"author":1,"featured_media":2074,"parent":1043,"menu_order":-1,"comment_status":"closed","ping_status":"closed","template":"","meta":{"footnotes":""},"page_category":[],"acf":[],"_links":{"self":[{"href":"https:\/\/www.nordzucker.com\/de\/wp-json\/wp\/v2\/pages\/1064"}],"collection":[{"href":"https:\/\/www.nordzucker.com\/de\/wp-json\/wp\/v2\/pages"}],"about":[{"href":"https:\/\/www.nordzucker.com\/de\/wp-json\/wp\/v2\/types\/page"}],"author":[{"embeddable":true,"href":"https:\/\/www.nordzucker.com\/de\/wp-json\/wp\/v2\/users\/1"}],"replies":[{"embeddable":true,"href":"https:\/\/www.nordzucker.com\/de\/wp-json\/wp\/v2\/comments?post=1064"}],"version-history":[{"count":15,"href":"https:\/\/www.nordzucker.com\/de\/wp-json\/wp\/v2\/pages\/1064\/revisions"}],"predecessor-version":[{"id":11919,"href":"https:\/\/www.nordzucker.com\/de\/wp-json\/wp\/v2\/pages\/1064\/revisions\/11919"}],"up":[{"embeddable":true,"href":"https:\/\/www.nordzucker.com\/de\/wp-json\/wp\/v2\/pages\/1043"}],"wp:featuredmedia":[{"embeddable":true,"href":"https:\/\/www.nordzucker.com\/de\/wp-json\/wp\/v2\/media\/2074"}],"wp:attachment":[{"href":"https:\/\/www.nordzucker.com\/de\/wp-json\/wp\/v2\/media?parent=1064"}],"wp:term":[{"taxonomy":"page_category","embeddable":true,"href":"https:\/\/www.nordzucker.com\/de\/wp-json\/wp\/v2\/page_category?post=1064"}],"curies":[{"name":"wp","href":"https:\/\/api.w.org\/{rel}","templated":true}]}}