{"id":1052,"date":"2020-08-20T16:02:30","date_gmt":"2020-08-20T16:02:30","guid":{"rendered":"https:\/\/www.nordzucker.com\/de\/?page_id=1052"},"modified":"2026-02-27T13:44:30","modified_gmt":"2026-02-27T12:44:30","slug":"kopenhagen","status":"publish","type":"page","link":"https:\/\/www.nordzucker.com\/de\/the-sugar-company\/standorte\/kopenhagen\/","title":{"rendered":"Kopenhagen (Hvidovre)"},"content":{"rendered":"\n<h2 class=\"wp-block-heading\"><strong><strong>Verwaltungsstandort und Sitz von Nordic Sugar<\/strong><\/strong><\/h2>\n\n\n\n<div class=\"py-4 text-xl leading-8\">\n\tKopenhagen hat eine lange Zuckertradition. Hier befindet sich heute der Sitz von Nordic Sugar, die seit 2009 zur Nordzucker geh\u00f6rt.<\/div>\n\n\n<p>Bis 2020 war die Verwaltung in einem historischen Geb\u00e4ude in der Stadt angesiedelt, bevor sie in moderne R\u00e4umlichkeiten in der N\u00e4he des Flughafens umzog. Im M\u00e4rz 2026 zog Nordic Sugar nach Hvidovre westlich von Kopenhagen um.<\/p>\n\n\n<div class=\"bg-primary-lighten-4 px-16 py-10\">\n\t\t\t<h3 class=\"text-2xl mb-4 font-alt font-semibold\">\n\t\t\tAdresse\t\t<\/h3>\n\t\t    <div class=\"content py-2\">\n\t\t\n\n<p>Nordic Sugar A\/S<br>Stamholmen 147, 5th floor<br>2650 Hvidovre<br>D\u00e4nemark<\/p>\n\n\t<\/div>\n\t\t\t<div class=\"mt-4\">\n\t\t\t\t\t<a href=\"https:\/\/www.google.com\/maps\/place\/Stamholmen+147,+2650+Hvidovre,+D%C3%A4nemark\/@55.6148555,12.4729256,17z\/data=!3m1!4b1!4m6!3m5!1s0x465254329141b283:0xd5ad0d53cb6c9713!8m2!3d55.6148555!4d12.4729256!16s%2Fg%2F11nnksnp2g!5m1!1e1?authuser=0&amp;entry=ttu&amp;g_ep=EgoyMDI2MDIyNS4wIKXMDSoASAFQAw%3D%3D\"  target=\"_blank\" class=\"button h5 inline-block font-bold uppercase py-2 px-6 leading-6 rounded-full border border-[3px] border-primary \">\n\t\t\t<span class=\"inline-block text-primary\">Bei Google Maps anzeigen<\/span>\n\t\t<\/a>\n\t\t<\/div>\n\t\t\n<\/div>","protected":false},"excerpt":{"rendered":"<p>Verwaltungsstandort und Sitz von Nordic Sugar Bis 2020 war die Verwaltung in einem historischen Geb\u00e4ude in der Stadt angesiedelt, bevor sie in moderne R\u00e4umlichkeiten in [&hellip;]<\/p>\n","protected":false},"author":1,"featured_media":12244,"parent":1043,"menu_order":-1,"comment_status":"closed","ping_status":"closed","template":"","meta":{"footnotes":""},"page_category":[],"acf":[],"_links":{"self":[{"href":"https:\/\/www.nordzucker.com\/de\/wp-json\/wp\/v2\/pages\/1052"}],"collection":[{"href":"https:\/\/www.nordzucker.com\/de\/wp-json\/wp\/v2\/pages"}],"about":[{"href":"https:\/\/www.nordzucker.com\/de\/wp-json\/wp\/v2\/types\/page"}],"author":[{"embeddable":true,"href":"https:\/\/www.nordzucker.com\/de\/wp-json\/wp\/v2\/users\/1"}],"replies":[{"embeddable":true,"href":"https:\/\/www.nordzucker.com\/de\/wp-json\/wp\/v2\/comments?post=1052"}],"version-history":[{"count":29,"href":"https:\/\/www.nordzucker.com\/de\/wp-json\/wp\/v2\/pages\/1052\/revisions"}],"predecessor-version":[{"id":12251,"href":"https:\/\/www.nordzucker.com\/de\/wp-json\/wp\/v2\/pages\/1052\/revisions\/12251"}],"up":[{"embeddable":true,"href":"https:\/\/www.nordzucker.com\/de\/wp-json\/wp\/v2\/pages\/1043"}],"wp:featuredmedia":[{"embeddable":true,"href":"https:\/\/www.nordzucker.com\/de\/wp-json\/wp\/v2\/media\/12244"}],"wp:attachment":[{"href":"https:\/\/www.nordzucker.com\/de\/wp-json\/wp\/v2\/media?parent=1052"}],"wp:term":[{"taxonomy":"page_category","embeddable":true,"href":"https:\/\/www.nordzucker.com\/de\/wp-json\/wp\/v2\/page_category?post=1052"}],"curies":[{"name":"wp","href":"https:\/\/api.w.org\/{rel}","templated":true}]}}