{"id":1046,"date":"2023-10-16T07:56:11","date_gmt":"2023-10-16T05:56:11","guid":{"rendered":"https:\/\/www.nordzucker.com\/de\/?page_id=1046"},"modified":"2026-03-06T09:20:57","modified_gmt":"2026-03-06T08:20:57","slug":"braunschweig","status":"publish","type":"page","link":"https:\/\/www.nordzucker.com\/de\/the-sugar-company\/standorte\/braunschweig\/","title":{"rendered":"Braunschweig"},"content":{"rendered":"\n<h2 class=\"wp-block-heading\"><strong>In Braunschweig ist die Unternehmenszentrale<\/strong><\/h2>\n\n\n\n<div class=\"py-4 text-xl leading-8\">\n\tDer Unternehmenssitz von Nordzucker, Teile des Bereichs Qualit\u00e4tssicherung, Innovation und Produktionsunterst\u00fctzung und Teile des Bereichs Produktentwicklung sind in Braunschweig angesiedelt.<\/div>\n\n\n<p>Braunschweig war bereits im 19. Jahrhundert ein bedeutendes Zentrum der Zuckerherstellung. Die Nordzucker AG hat hier ihren Unternehmenssitz. \u00dcber 200 Mitarbeiter arbeiten in der Unternehmenszentrale und sorgen f\u00fcr einen reibungslosen Ablauf der Prozesse f\u00fcr unsere Kunden.<\/p>\n\n\n<div class=\"bg-primary-lighten-4 px-16 py-10\">\n\t\t\t<h3 class=\"text-2xl mb-4 font-alt font-semibold\">\n\t\t\tAdresse\t\t<\/h3>\n\t\t    <div class=\"content py-2\">\n\t\t\n\n<p>Nordzucker AG<br>K\u00fcchenstra\u00dfe 9<br>38100 Braunschweig<\/p>\n\n\t<\/div>\n\t\t\t<div class=\"mt-4\">\n\t\t\t\t\t<a href=\"https:\/\/goo.gl\/maps\/QzQJH9dHvRFzVTS37\"  target=\"_blank\" class=\"button h5 inline-block font-bold uppercase py-2 px-6 leading-6 rounded-full border border-[3px] border-primary \">\n\t\t\t<span class=\"inline-block text-primary\">Bei Google Maps anzeigen<\/span>\n\t\t<\/a>\n\t\t<\/div>\n\t\t\n<\/div>\n\n\n<h4 class=\"wp-block-heading\">Digitalisierung &amp; Technologie Service und der Bereich Produktentwicklung<\/h4>\n\n\n\n<p>Im zweiten Geb\u00e4ude in Braunschweig ist ein Teil des Bereichs von&nbsp;<em>Digitalisierung &amp; Technologie Service (DTS)<\/em> und der <em>Produktentwicklung<\/em>&nbsp;angesiedelt.<\/p>\n\n\n<div class=\"bg-primary-lighten-4 px-16 py-10\">\n\t\t\t<h3 class=\"text-2xl mb-4 font-alt font-semibold\">\n\t\t\tAdresse\t\t<\/h3>\n\t\t    <div class=\"content py-2\">\n\t\t\n\n<p>Nordzucker AG<br>Langer Kamp 5<br>38106 Braunschweig<\/p>\n\n\t<\/div>\n\t\t\t<div class=\"mt-4\">\n\t\t\t\t\t<a href=\"https:\/\/goo.gl\/maps\/YtTgmiXooiM6hUAy5\"  target=\"_blank\" class=\"button h5 inline-block font-bold uppercase py-2 px-6 leading-6 rounded-full border border-[3px] border-primary \">\n\t\t\t<span class=\"inline-block text-primary\">Bei Google Maps anzeigen<\/span>\n\t\t<\/a>\n\t\t<\/div>\n\t\t\n<\/div>\n\n\n<h4 class=\"wp-block-heading\">Digitalisierung &amp; und Technologie Service (DTS)<\/h4>\n\n\n\n<p>Die Mitarbeiter der Abteilung DTS k\u00fcmmern sich vor allem um die technischen Aspekte unserer Produktion. Hier werden die technologischen Standards von Nordzucker gesetzt.<\/p>\n\n\n\n<p>Die Abteilung bietet auch technische Unterst\u00fctzung f\u00fcr die Mitarbeiter in unserer Fabrik sowie Schulungen f\u00fcr unsere Mitarbeiter, die an technischen Abl\u00e4ufen beteiligt sind. Dar\u00fcber hinaus werden in dieser Abteilung Informationssysteme f\u00fcr die Bereiche Agri und Logistik entwickelt.<\/p>\n\n\n\n<p>Die Entwicklung neuer zuckerfreier Produkte aus Zuckerr\u00fcben ist immer ein spannendes Thema. Diese Abteilung entwickelt daher neue Produkte aus Zuckerr\u00fcben. Sie dienen dazu, die gesamte Wertsch\u00f6pfungskette zu verbessern.<\/p>\n\n\n\n<p>Die Mitarbeiter dieses Bereichs arbeiten in <a href=\"https:\/\/www.nordzucker.com\/de\/the-sugar-company\/standorte\/braunschweig\/\">Braunschweig<\/a>, <a href=\"https:\/\/www.nordzucker.com\/de\/the-sugar-company\/standorte\/nakskov\/\">Nakskov<\/a>, <a href=\"https:\/\/www.nordzucker.com\/de\/the-sugar-company\/standorte\/oertofta\/\">\u00d6rtofta<\/a> und <a href=\"https:\/\/www.nordzucker.com\/de\/the-sugar-company\/standorte\/kopenhagen\/\">Kopenhagen<\/a>.<\/p>\n\n\n\n<h4 class=\"wp-block-heading\">Produktentwicklung<\/h4>\n\n\n\n<p>Hier werden nicht nur Produkte aus Zucker entwickelt, hier werden sie auch angepasst und verbessert. Ganze Konzepte werden hier zu verschiedenen Zuckerprodukten erstellt und begleitet. Aber auch die Verwendung unserer Produkte wird hier mit unseren Kunden weiterentwickelt.<\/p>\n\n\n\n<p>Am Ende werden auch die Methoden entwickelt, mit denen unsere verschiedenen Zuckerprodukte getestet werden k\u00f6nnen. Wir k\u00f6nnen sie so gezielt beschreiben und die Qualit\u00e4t stets gew\u00e4hrleisten.<\/p>\n\n\n\n<p>F\u00fcr die Produktentwicklung arbeiten weitere Mitarbeiter in <a href=\"https:\/\/www.nordzucker.com\/de\/the-sugar-company\/standorte\/kopenhagen\/\">Kopenhagen<\/a>.<\/p>\n","protected":false},"excerpt":{"rendered":"<p>In Braunschweig ist die Unternehmenszentrale Braunschweig war bereits im 19. Jahrhundert ein bedeutendes Zentrum der Zuckerherstellung. Die Nordzucker AG hat hier ihren Unternehmenssitz. \u00dcber 200 [&hellip;]<\/p>\n","protected":false},"author":1,"featured_media":693,"parent":1043,"menu_order":-1,"comment_status":"closed","ping_status":"closed","template":"","meta":{"footnotes":""},"page_category":[],"acf":[],"_links":{"self":[{"href":"https:\/\/www.nordzucker.com\/de\/wp-json\/wp\/v2\/pages\/1046"}],"collection":[{"href":"https:\/\/www.nordzucker.com\/de\/wp-json\/wp\/v2\/pages"}],"about":[{"href":"https:\/\/www.nordzucker.com\/de\/wp-json\/wp\/v2\/types\/page"}],"author":[{"embeddable":true,"href":"https:\/\/www.nordzucker.com\/de\/wp-json\/wp\/v2\/users\/1"}],"replies":[{"embeddable":true,"href":"https:\/\/www.nordzucker.com\/de\/wp-json\/wp\/v2\/comments?post=1046"}],"version-history":[{"count":36,"href":"https:\/\/www.nordzucker.com\/de\/wp-json\/wp\/v2\/pages\/1046\/revisions"}],"predecessor-version":[{"id":12263,"href":"https:\/\/www.nordzucker.com\/de\/wp-json\/wp\/v2\/pages\/1046\/revisions\/12263"}],"up":[{"embeddable":true,"href":"https:\/\/www.nordzucker.com\/de\/wp-json\/wp\/v2\/pages\/1043"}],"wp:featuredmedia":[{"embeddable":true,"href":"https:\/\/www.nordzucker.com\/de\/wp-json\/wp\/v2\/media\/693"}],"wp:attachment":[{"href":"https:\/\/www.nordzucker.com\/de\/wp-json\/wp\/v2\/media?parent=1046"}],"wp:term":[{"taxonomy":"page_category","embeddable":true,"href":"https:\/\/www.nordzucker.com\/de\/wp-json\/wp\/v2\/page_category?post=1046"}],"curies":[{"name":"wp","href":"https:\/\/api.w.org\/{rel}","templated":true}]}}